{"id":86448,"date":"2024-02-13T13:11:47","date_gmt":"2024-02-13T12:11:47","guid":{"rendered":"https:\/\/kucera.stoweb.cz\/?post_type=product&#038;p=86448"},"modified":"2024-03-20T17:18:13","modified_gmt":"2024-03-20T16:18:13","slug":"alfa-sport-o1-pracovni-obuv-seda","status":"publish","type":"product","link":"https:\/\/kucera.stoweb.cz\/index.php\/produkt\/alfa-sport-o1-pracovni-obuv-seda\/","title":{"rendered":"ALFA SPORT O1 pracovn\u00ed obuv \u0161ed\u00e1"},"content":{"rendered":"\t\t<div data-elementor-type=\"wp-post\" data-elementor-id=\"86448\" class=\"elementor elementor-86448\" data-elementor-post-type=\"product\">\n\t\t\t\t\t\t<section class=\"elementor-section elementor-top-section elementor-element elementor-element-ea36edd elementor-hidden-tablet elementor-hidden-mobile elementor-section-boxed elementor-section-height-default elementor-section-height-default\" data-id=\"ea36edd\" data-element_type=\"section\" data-e-type=\"section\" data-settings=\"{&quot;background_background&quot;:&quot;classic&quot;}\">\n\t\t\t\t\t\t\t<div class=\"elementor-background-overlay\"><\/div>\n\t\t\t\t\t\t\t<div class=\"elementor-container elementor-column-gap-default\">\n\t\t\t\t\t<div class=\"elementor-column elementor-col-100 elementor-top-column elementor-element elementor-element-33de5af\" data-id=\"33de5af\" data-element_type=\"column\" data-e-type=\"column\" data-settings=\"{&quot;background_background&quot;:&quot;classic&quot;}\">\n\t\t\t<div class=\"elementor-widget-wrap elementor-element-populated\">\n\t\t\t\t\t\t<div class=\"elementor-element elementor-element-f2c8fc4 elementor-hidden-tablet elementor-hidden-mobile elementor-tabs-view-horizontal elementor-widget elementor-widget-tabs\" data-id=\"f2c8fc4\" data-element_type=\"widget\" data-e-type=\"widget\" data-settings=\"{&quot;_animation&quot;:&quot;none&quot;}\" data-widget_type=\"tabs.default\">\n\t\t\t\t<div class=\"elementor-widget-container\">\n\t\t\t\t\t\t\t<div class=\"elementor-tabs\">\n\t\t\t<div class=\"elementor-tabs-wrapper\" role=\"tablist\" >\n\t\t\t\t\t\t\t\t\t<div id=\"elementor-tab-title-2541\" class=\"elementor-tab-title elementor-tab-desktop-title\" aria-selected=\"true\" data-tab=\"1\" role=\"tab\" tabindex=\"0\" aria-controls=\"elementor-tab-content-2541\" aria-expanded=\"false\">popis produktu<\/div>\n\t\t\t\t\t\t\t\t\t<div id=\"elementor-tab-title-2542\" class=\"elementor-tab-title elementor-tab-desktop-title\" aria-selected=\"false\" data-tab=\"2\" role=\"tab\" tabindex=\"-1\" aria-controls=\"elementor-tab-content-2542\" aria-expanded=\"false\">tabulka velikost\u00ed<\/div>\n\t\t\t\t\t\t\t\t\t<div id=\"elementor-tab-title-2543\" class=\"elementor-tab-title elementor-tab-desktop-title\" aria-selected=\"false\" data-tab=\"3\" role=\"tab\" tabindex=\"-1\" aria-controls=\"elementor-tab-content-2543\" aria-expanded=\"false\">dokumenty<\/div>\n\t\t\t\t\t\t\t<\/div>\n\t\t\t<div class=\"elementor-tabs-content-wrapper\" role=\"tablist\" aria-orientation=\"vertical\">\n\t\t\t\t\t\t\t\t\t<div class=\"elementor-tab-title elementor-tab-mobile-title\" aria-selected=\"true\" data-tab=\"1\" role=\"tab\" tabindex=\"0\" aria-controls=\"elementor-tab-content-2541\" aria-expanded=\"false\">popis produktu<\/div>\n\t\t\t\t\t<div id=\"elementor-tab-content-2541\" class=\"elementor-tab-content elementor-clearfix\" data-tab=\"1\" role=\"tabpanel\" aria-labelledby=\"elementor-tab-title-2541\" tabindex=\"0\" hidden=\"false\"><p><span style=\"color: #000000;\"><strong>pracovn\u00ed polobotka perforovan\u00e1<br \/><\/strong><\/span><\/p><p><span style=\"color: #000000;\"><strong>svr\u0161ek<\/strong>\u00a0 \u00a0\u00a0 \u00a0 \u00a0\u00a0\u00a0 \u00a0 \u00a0 \u00a0 \u00a0\u00a0\u00a0 brou\u0161en\u00e1 hov\u011bzinov\u00e1 use\u0148 VELUR v tlou\u0161\u0165ce 2,0 mm<br \/><\/span><\/p><p style=\"text-align: left;\"><span style=\"color: #000000;\"><strong>pod\u0161\u00edvka \u00a0<\/strong> \u00a0\u00a0\u00a0 \u00a0 \u00a0 \u00a0 \u00a0\u00a0 prody\u0161n\u00e1 textilie Cambrelle<br \/><\/span><\/p><p><span style=\"color: #000000;\"><strong>vkl\u00e1dac\u00ed st\u00e9lka<\/strong> \u00a0 \u00a0 antibakteri\u00e1ln\u00ed, anatomicky tvarovan\u00e1, antistatick\u00e1<br \/><\/span><\/p><p><span style=\"color: #000000;\"><strong>pode\u0161ev<\/strong> \u00a0\u00a0\u00a0\u00a0\u00a0\u00a0\u00a0\u00a0\u00a0\u00a0 \u00a0 \u00a0\u00a0 PU\/PU &#8211; polyuretan ve dvou vrstv\u00e1ch o r\u016fzn\u00e9 hustot\u011b &#8211; odoln\u00e1 proti palivov\u00fdm olej\u016fm, antistatick\u00e1, protiskluzov\u00e1, dvouslo\u017ekov\u00fd n\u00e1st\u0159ik<br \/><\/span><\/p><p><span style=\"color: #000000;\"><strong>proveden\u00ed \u00a0 \u00a0 \u00a0 \u00a0 \u00a0 \u00a0 \u00a0<\/strong>O1 FO SRC \u00a0 \u00a0\u00a0 \u00a0\u00a0 <br \/><\/span><\/p><p><span style=\"color: #000000;\"><strong>velikost<\/strong> \u00a0 \u00a0 \u00a0 \u00a0 \u00a0\u00a0\u00a0 \u00a0\u00a0 \u00a0 36-48<\/span><\/p><p><span style=\"color: #000000;\"><strong>v\u00fdrobce<\/strong> \u00a0 \u00a0 \u00a0 \u00a0 \u00a0 \u00a0 \u00a0\u00a0 \u00a0 WINTOPERK (SVK)<br \/><\/span><\/p><p><span style=\"color: #000000;\"><strong>normy<\/strong> \u00a0\u00a0\u00a0\u00a0\u00a0\u00a0 \u00a0 \u00a0 \u00a0 \u00a0\u00a0 \u00a0 \u00a0 EN ISO 20347<\/span><\/p><\/div>\n\t\t\t\t\t\t\t\t\t<div class=\"elementor-tab-title elementor-tab-mobile-title\" aria-selected=\"false\" data-tab=\"2\" role=\"tab\" tabindex=\"-1\" aria-controls=\"elementor-tab-content-2542\" aria-expanded=\"false\">tabulka velikost\u00ed<\/div>\n\t\t\t\t\t<div id=\"elementor-tab-content-2542\" class=\"elementor-tab-content elementor-clearfix\" data-tab=\"2\" role=\"tabpanel\" aria-labelledby=\"elementor-tab-title-2542\" tabindex=\"0\" hidden=\"hidden\"><p>\u00a0<\/p><p><span style=\"color: #00ccff;\"><span style=\"color: #000000;\"><strong>velikost EU &#8211; evropsk\u00e9 \u010d\u00edslov\u00e1n\u00ed<\/strong>\u00a0\u00a0\u00a0 \u00a0\u00a0 \u00a0\u00a0\u00a0\u00a0 <\/span><\/span><span style=\"color: #ff6600;\"><span style=\"color: #1a1adb;\">35\u00a0\u00a0\u00a0\u00a0\u00a0\u00a0\u00a0\u00a0\u00a0\u00a0\u00a0\u00a0\u00a0\u00a0 <\/span><\/span><span style=\"color: #00ccff;\"><span style=\"color: #000000;\">36<\/span> \u00a0\u00a0\u00a0\u00a0 \u00a0 \u00a0\u00a0\u00a0\u00a0\u00a0 <span style=\"color: #1a1adb;\">37<\/span> \u00a0\u00a0\u00a0\u00a0 \u00a0\u00a0 \u00a0\u00a0\u00a0\u00a0 <span style=\"color: #000000;\">38<\/span> \u00a0\u00a0 \u00a0\u00a0\u00a0\u00a0\u00a0\u00a0\u00a0\u00a0\u00a0<span style=\"color: #1a1adb;\"> 39<\/span> \u00a0\u00a0\u00a0\u00a0\u00a0\u00a0\u00a0\u00a0\u00a0\u00a0\u00a0\u00a0 <span style=\"color: #000000;\">40<\/span> \u00a0\u00a0\u00a0\u00a0\u00a0 \u00a0 \u00a0 \u00a0\u00a0 <span style=\"color: #0000ff;\"><span style=\"color: #1a1adb;\">41<\/span>\u00a0\u00a0<\/span>\u00a0 \u00a0 \u00a0 \u00a0 \u00a0\u00a0\u00a0 <span style=\"color: #000000;\">42<\/span> \u00a0\u00a0\u00a0\u00a0\u00a0\u00a0\u00a0 \u00a0 \u00a0 \u00a0<span style=\"color: #ff6600;\"><span style=\"color: #1a1adb;\"> 43<\/span>\u00a0<\/span> \u00a0\u00a0\u00a0 \u00a0\u00a0 \u00a0 \u00a0 <span style=\"color: #000000;\">44\u00a0<\/span>\u00a0\u00a0 \u00a0 \u00a0\u00a0 \u00a0\u00a0<span style=\"color: #0000ff;\">\u00a0 <span style=\"color: #1a1adb;\">45<\/span>\u00a0<\/span> \u00a0\u00a0 \u00a0 \u00a0\u00a0 \u00a0 \u00a0\u00a0 <span style=\"color: #000000;\">46\u00a0\u00a0<\/span> \u00a0\u00a0\u00a0\u00a0 \u00a0 \u00a0<span style=\"color: #0000ff;\"><span style=\"color: #ff6600;\"><span style=\"color: #1a1adb;\"> 47<\/span>\u00a0<\/span> \u00a0<\/span> \u00a0 \u00a0 \u00a0\u00a0\u00a0<span style=\"color: #595959;\"><span style=\"color: #000000;\"> 48<\/span><\/span>\u00a0\u00a0\u00a0\u00a0\u00a0\u00a0\u00a0 \u00a0 \u00a0 <span style=\"color: #0000ff;\"><span style=\"color: #ff6600;\"><span style=\"color: #1a1adb;\">49<\/span>\u00a0<\/span> \u00a0<\/span> \u00a0\u00a0\u00a0\u00a0\u00a0\u00a0\u00a0<span style=\"color: #000000;\">\u00a0 50<\/span><\/span><\/p><p><span style=\"color: #595959;\"><span style=\"color: #000000;\"><strong>velikost UK &#8211; anglick\u00e9 \u010d\u00edslov\u00e1n\u00ed<\/strong><\/span><strong> \u00a0<\/strong>\u00a0<\/span> \u00a0\u00a0\u00a0\u00a0\u00a0\u00a0 \u00a0 \u00a0<span style=\"color: #1a1adb;\"> 3 <\/span>\u00a0\u00a0\u00a0\u00a0\u00a0\u00a0\u00a0 \u00a0 \u00a0 \u00a0 <span style=\"color: #000000;\">3,5 \u00a0<\/span>\u00a0\u00a0\u00a0\u00a0\u00a0 \u00a0 \u00a0 \u00a0 <span style=\"color: #0000ff;\"><span style=\"color: #1a1adb;\">4 <\/span>\u00a0<\/span>\u00a0\u00a0\u00a0\u00a0\u00a0\u00a0\u00a0\u00a0\u00a0\u00a0\u00a0\u00a0\u00a0\u00a0 <span style=\"color: #595959;\"><span style=\"color: #000000;\">5<\/span> \u00a0\u00a0<\/span>\u00a0<span style=\"color: #00ccff;\"> \u00a0\u00a0\u00a0\u00a0\u00a0\u00a0\u00a0\u00a0\u00a0\u00a0<span style=\"color: #1a1adb;\"> 6<\/span><\/span> \u00a0 \u00a0\u00a0 \u00a0 \u00a0 \u00a0 \u00a0<span style=\"color: #595959;\">\u00a0 <span style=\"color: #000000;\">6,5 <\/span><\/span>\u00a0\u00a0\u00a0\u00a0\u00a0\u00a0\u00a0\u00a0\u00a0\u00a0\u00a0\u00a0\u00a0 <span style=\"color: #1a1adb;\">7 <\/span>\u00a0\u00a0\u00a0\u00a0\u00a0\u00a0\u00a0\u00a0\u00a0\u00a0\u00a0\u00a0\u00a0\u00a0 <span style=\"color: #595959;\"><span style=\"color: #000000;\">8<\/span> \u00a0<\/span>\u00a0\u00a0\u00a0\u00a0\u00a0 \u00a0 \u00a0 \u00a0 \u00a0\u00a0 <span style=\"color: #00ccff;\"><span style=\"color: #1a1adb;\">9<\/span> \u00a0 \u00a0<\/span> \u00a0\u00a0\u00a0\u00a0\u00a0\u00a0\u00a0\u00a0 <span style=\"color: #000000;\">9,5 \u00a0<\/span>\u00a0\u00a0\u00a0\u00a0\u00a0 \u00a0 \u00a0<span style=\"color: #1a1adb;\"> 10<\/span> \u00a0\u00a0\u00a0\u00a0 \u00a0 \u00a0 \u00a0 \u00a0\u00a0 <span style=\"color: #ccffff;\"><span style=\"color: #000000;\">11\u00a0 \u00a0\u00a0 <\/span>\u00a0 \u00a0\u00a0 \u00a0 <span style=\"color: #00ccff;\"><span style=\"color: #1a1adb;\">12<\/span> \u00a0\u00a0\u00a0\u00a0 \u00a0 \u00a0\u00a0\u00a0 <span style=\"color: #ccffff;\"><span style=\"color: #595959;\"><span style=\"color: #000000;\">13<\/span> \u00a0<\/span> \u00a0 \u00a0\u00a0\u00a0\u00a0\u00a0\u00a0 <span style=\"color: #ff6600;\"><span style=\"color: #1a1adb;\">14<\/span>\u00a0<\/span> \u00a0 \u00a0 \u00a0 \u00a0 <span style=\"color: #595959;\">\u00a0\u00a0 <span style=\"color: #000000;\">15<\/span><\/span><\/span><\/span><br \/><\/span><\/p><p><span style=\"color: #ccffff;\"><strong><span style=\"color: #000000;\">velikost v mm<\/span><\/strong><span style=\"color: #00ccff;\"> \u00a0\u00a0\u00a0\u00a0\u00a0\u00a0\u00a0\u00a0\u00a0\u00a0\u00a0\u00a0\u00a0\u00a0\u00a0\u00a0\u00a0\u00a0\u00a0\u00a0\u00a0\u00a0\u00a0\u00a0\u00a0\u00a0\u00a0\u00a0\u00a0\u00a0\u00a0\u00a0\u00a0\u00a0\u00a0\u00a0\u00a0 \u00a0 \u00a0\u00a0 <span style=\"color: #1a1adb;\">220\u00a0\u00a0\u00a0\u00a0\u00a0\u00a0\u00a0\u00a0 \u00a0 \u00a0 225\u00a0\u00a0\u00a0 <\/span>\u00a0\u00a0\u00a0\u00a0\u00a0\u00a0 <span style=\"color: #0000ff;\"><span style=\"color: #1a1adb;\">230<\/span>\u00a0<\/span>\u00a0\u00a0\u00a0\u00a0\u00a0\u00a0\u00a0\u00a0\u00a0\u00a0<span style=\"color: #595959;\"><span style=\"color: #000000;\"> 240<\/span><\/span> \u00a0\u00a0\u00a0\u00a0\u00a0\u00a0\u00a0\u00a0\u00a0<span style=\"color: #1a1adb;\"> 250<\/span>\u00a0 \u00a0\u00a0\u00a0\u00a0\u00a0\u00a0\u00a0\u00a0\u00a0<span style=\"color: #000000;\"> 255 \u00a0<\/span>\u00a0\u00a0\u00a0\u00a0\u00a0 \u00a0 \u00a0 <span style=\"color: #0000ff;\"><span style=\"color: #1a1adb;\">260<\/span>\u00a0<\/span> \u00a0\u00a0\u00a0\u00a0 \u00a0 \u00a0\u00a0 <span style=\"color: #595959;\"><span style=\"color: #000000;\">270 \u00a0<\/span>\u00a0<\/span> \u00a0\u00a0\u00a0\u00a0\u00a0 \u00a0 <span style=\"color: #0000ff;\"><span style=\"color: #1a1adb;\">280<\/span>\u00a0<\/span> \u00a0\u00a0\u00a0\u00a0\u00a0\u00a0 \u00a0 <span style=\"color: #000000;\">285\u00a0<\/span>\u00a0\u00a0\u00a0\u00a0\u00a0\u00a0\u00a0\u00a0<span style=\"color: #1a1adb;\"> 290<\/span> \u00a0\u00a0\u00a0\u00a0\u00a0\u00a0 \u00a0 \u00a0 <\/span><\/span><span style=\"color: #000000;\">295<\/span><span style=\"color: #ccffff;\"><span style=\"color: #00ccff;\"> \u00a0 \u00a0 \u00a0\u00a0 \u00a0<span style=\"color: #0000ff;\">\u00a0 <span style=\"color: #1a1adb;\">300<\/span>\u00a0<\/span> \u00a0 \u00a0\u00a0 \u00a0<span style=\"color: #595959;\"><span style=\"color: #000000;\"> 310\u00a0<\/span> <\/span>\u00a0 \u00a0 \u00a0 \u00a0 <span style=\"color: #ff6600;\"><span style=\"color: #1a1adb;\">320<\/span>\u00a0\u00a0\u00a0<\/span>\u00a0\u00a0 \u00a0 \u00a0\u00a0<span style=\"color: #000000;\"> 330<\/span><\/span><\/span><\/p><\/div>\n\t\t\t\t\t\t\t\t\t<div class=\"elementor-tab-title elementor-tab-mobile-title\" aria-selected=\"false\" data-tab=\"3\" role=\"tab\" tabindex=\"-1\" aria-controls=\"elementor-tab-content-2543\" aria-expanded=\"false\">dokumenty<\/div>\n\t\t\t\t\t<div id=\"elementor-tab-content-2543\" class=\"elementor-tab-content elementor-clearfix\" data-tab=\"3\" role=\"tabpanel\" aria-labelledby=\"elementor-tab-title-2543\" tabindex=\"0\" hidden=\"hidden\"><p>\u00a0<\/p><p>\u00a0<\/p><\/div>\n\t\t\t\t\t\t\t<\/div>\n\t\t<\/div>\n\t\t\t\t\t\t<\/div>\n\t\t\t\t<\/div>\n\t\t\t\t\t<\/div>\n\t\t<\/div>\n\t\t\t\t\t<\/div>\n\t\t<\/section>\n\t\t\t\t<section class=\"elementor-section elementor-top-section elementor-element elementor-element-1e93a1f elementor-hidden-tablet elementor-hidden-mobile elementor-section-boxed elementor-section-height-default elementor-section-height-default\" data-id=\"1e93a1f\" data-element_type=\"section\" data-e-type=\"section\" data-settings=\"{&quot;background_background&quot;:&quot;classic&quot;}\">\n\t\t\t\t\t\t<div class=\"elementor-container elementor-column-gap-default\">\n\t\t\t\t\t<div class=\"elementor-column elementor-col-100 elementor-top-column elementor-element elementor-element-29f8412\" data-id=\"29f8412\" data-element_type=\"column\" data-e-type=\"column\">\n\t\t\t<div class=\"elementor-widget-wrap elementor-element-populated\">\n\t\t\t\t\t\t<div class=\"elementor-element elementor-element-44b9d4a elementor-widget elementor-widget-toggle\" data-id=\"44b9d4a\" data-element_type=\"widget\" data-e-type=\"widget\" data-widget_type=\"toggle.default\">\n\t\t\t\t<div class=\"elementor-widget-container\">\n\t\t\t\t\t\t\t<div class=\"elementor-toggle\">\n\t\t\t\t\t\t\t<div class=\"elementor-toggle-item\">\n\t\t\t\t\t<div id=\"elementor-tab-title-7201\" class=\"elementor-tab-title\" data-tab=\"1\" role=\"button\" aria-controls=\"elementor-tab-content-7201\" aria-expanded=\"false\">\n\t\t\t\t\t\t\t\t\t\t\t\t<span class=\"elementor-toggle-icon elementor-toggle-icon-left\" aria-hidden=\"true\">\n\t\t\t\t\t\t\t\t\t\t\t\t\t\t\t<span class=\"elementor-toggle-icon-closed\"><i class=\"fas fa-caret-right\"><\/i><\/span>\n\t\t\t\t\t\t\t\t<span class=\"elementor-toggle-icon-opened\"><i class=\"elementor-toggle-icon-opened fas fa-caret-up\"><\/i><\/span>\n\t\t\t\t\t\t\t\t\t\t\t\t\t<\/span>\n\t\t\t\t\t\t\t\t\t\t\t\t<a class=\"elementor-toggle-title\" tabindex=\"0\">vlastnosti pracovn\u00ed obuvi<\/a>\n\t\t\t\t\t<\/div>\n\n\t\t\t\t\t<div id=\"elementor-tab-content-7201\" class=\"elementor-tab-content elementor-clearfix\" data-tab=\"1\" role=\"region\" aria-labelledby=\"elementor-tab-title-7201\"><p><span style=\"color: #333333;\">OBECN\u00c9 VLASTNOSTI PRACOVN\u00cd OBUVI<\/span><\/p><p><span style=\"color: #000000;\"><span style=\"color: #ff6600;\"><strong>obuv OB <\/strong><\/span><span style=\"color: #333333;\">&#8211; obuv,\u00a0 kter\u00e1 nedisponuje bezpe\u010dnostn\u00ed tu\u017einkou odolnou proti n\u00e1razu do 200J a tlaku 15 kN dle normy EN ISO 20347. Norma stanovuje z\u00e1kladn\u00ed po\u017eadavky SRA*,\u00a0\u00a0 SRB*,\u00a0 SRC* a jeden z po\u017eadavk\u016f na kompletn\u00ed obuv E, A, P, HI, CI, WR<\/span><\/span><\/p><p><span style=\"color: #808080;\"><strong><span style=\"color: #ff6600;\">obuv O1<\/span> <\/strong><span style=\"color: #333333;\">&#8211; obuv,\u00a0 kter\u00e1 nedisponuje bezpe\u010dnostn\u00ed tu\u017einkou odolnou proti n\u00e1razu do 200J a tlaku 15 kN dle normy EN ISO 20347. Norma stanovuje z\u00e1kladn\u00ed po\u017eadavky (SRA*,\u00a0\u00a0 SRB*,\u00a0 SRC*,\u00a0 A,\u00a0 E) a dopl\u0148kov\u00e9\u00a0 po\u017eadavky (v\u0161echny ostatn\u00ed) na obuv<\/span><\/span><\/p><p><span style=\"color: #333333;\"><span style=\"color: #ff6600;\"><strong>obuv O1P <\/strong><\/span>&#8211; obuv,\u00a0 kter\u00e1 nedisponuje bezpe\u010dnostn\u00ed tu\u017einkou odolnou proti n\u00e1razu do 200J a tlaku 15 kN dle normy EN ISO 20347. Norma stanovuje z\u00e1kladn\u00ed po\u017eadavky (SRA*,\u00a0\u00a0 SRB*,\u00a0 SRC*,\u00a0 A,\u00a0 E,\u00a0 P) a dopl\u0148kov\u00e9\u00a0 po\u017eadavky (v\u0161echny ostatn\u00ed) na obuv<\/span><\/p><div><p><span style=\"color: #000000;\"><span style=\"color: #ff6600;\"><strong>obuv O2 <\/strong><\/span><span style=\"color: #333333;\">&#8211; obuv,\u00a0 kter\u00e1 nedisponuje bezpe\u010dnostn\u00ed tu\u017einkou odolnou proti n\u00e1razu do 200J a tlaku 15 kN dle normy EN ISO 20347. Norma stanovuje z\u00e1kladn\u00ed po\u017eadavky (SRA*,\u00a0\u00a0 SRB*,\u00a0 SRC*,\u00a0 A,\u00a0 E,\u00a0 WRU) a dopl\u0148kov\u00e9\u00a0 po\u017eadavky (v\u0161echny ostatn\u00ed) na obuv<\/span><\/span><\/p><p><span style=\"color: #000000;\"><span style=\"color: #ff6600;\"><strong>obuv O3<\/strong><\/span> <span style=\"color: #333333;\">&#8211; obuv,\u00a0 kter\u00e1 nedisponuje bezpe\u010dnostn\u00ed tu\u017einkou odolnou proti n\u00e1razu do 200J a tlaku 15 kN dle normy EN ISO 20347. Norma stanovuje z\u00e1kladn\u00ed po\u017eadavky (SRA*,\u00a0\u00a0 SRB*,\u00a0 SRC*,\u00a0 A,\u00a0 E,\u00a0 WRU,\u00a0 P) a dopl\u0148kov\u00e9\u00a0 po\u017eadavky (v\u0161echny ostatn\u00ed) na obuv<\/span><\/span><\/p><p><span style=\"color: #333333;\">*z\u00e1vazn\u00fd je jeden z t\u011bchto t\u0159\u00ed po\u017eadavk\u016f<\/span><\/p><\/div><div><h5>\u00a0<\/h5><\/div><\/div>\n\t\t\t\t<\/div>\n\t\t\t\t\t\t\t\t<\/div>\n\t\t\t\t\t\t<\/div>\n\t\t\t\t<\/div>\n\t\t\t\t\t<\/div>\n\t\t<\/div>\n\t\t\t\t\t<\/div>\n\t\t<\/section>\n\t\t\t\t<section class=\"elementor-section elementor-top-section elementor-element elementor-element-bd4f9f5 elementor-hidden-desktop elementor-section-boxed elementor-section-height-default elementor-section-height-default\" data-id=\"bd4f9f5\" data-element_type=\"section\" data-e-type=\"section\">\n\t\t\t\t\t\t<div class=\"elementor-container elementor-column-gap-default\">\n\t\t\t\t\t<div class=\"elementor-column elementor-col-100 elementor-top-column elementor-element elementor-element-c6c206c\" data-id=\"c6c206c\" data-element_type=\"column\" data-e-type=\"column\">\n\t\t\t<div class=\"elementor-widget-wrap elementor-element-populated\">\n\t\t\t\t\t\t<div class=\"elementor-element elementor-element-5ed5670 elementor-widget elementor-widget-text-editor\" data-id=\"5ed5670\" data-element_type=\"widget\" data-e-type=\"widget\" data-widget_type=\"text-editor.default\">\n\t\t\t\t<div class=\"elementor-widget-container\">\n\t\t\t\t\t\t\t\t\t<h3><span style=\"color: #000080;\">popis produktu<\/span><\/h3>\t\t\t\t\t\t\t\t<\/div>\n\t\t\t\t<\/div>\n\t\t\t\t<div class=\"elementor-element elementor-element-6fa80f2 elementor-hidden-desktop elementor-widget elementor-widget-text-editor\" data-id=\"6fa80f2\" data-element_type=\"widget\" data-e-type=\"widget\" data-widget_type=\"text-editor.default\">\n\t\t\t\t<div class=\"elementor-widget-container\">\n\t\t\t\t\t\t\t\t\t<p><span style=\"color: #000000;\"><strong>pracovn\u00ed polobotka perforovan\u00e1<br \/><\/strong><\/span><\/p><p><span style=\"color: #000000;\"><strong>svr\u0161ek<\/strong>\u00a0 \u00a0\u00a0 \u00a0 \u00a0\u00a0\u00a0 \u00a0 \u00a0 \u00a0 \u00a0\u00a0\u00a0 brou\u0161en\u00e1 hov\u011bzinov\u00e1 use\u0148 VELUR v tlou\u0161\u0165ce 2,0 mm<\/span><\/p><p><span style=\"color: #000000;\"><strong>pod\u0161\u00edvka \u00a0<\/strong> \u00a0\u00a0\u00a0 \u00a0 \u00a0 \u00a0 \u00a0\u00a0 prody\u0161n\u00e1 textilie Cambrelle<\/span><\/p><p><span style=\"color: #000000;\"><strong>vkl\u00e1dac\u00ed st\u00e9lka<\/strong> \u00a0 \u00a0 antibakteri\u00e1ln\u00ed, anatomicky tvarovan\u00e1, antistatick\u00e1<\/span><\/p><p><span style=\"color: #000000;\"><strong>pode\u0161ev<\/strong> \u00a0\u00a0\u00a0\u00a0\u00a0\u00a0\u00a0\u00a0\u00a0\u00a0 \u00a0 \u00a0\u00a0 PU\/PU &#8211; polyuretan ve dvou vrstv\u00e1ch o r\u016fzn\u00e9 hustot\u011b &#8211; odoln\u00e1 proti palivov\u00fdm olej\u016fm, antistatick\u00e1, protiskluzov\u00e1, dvouslo\u017ekov\u00fd n\u00e1st\u0159ik<\/span><\/p><p><span style=\"color: #000000;\"><strong>proveden\u00ed \u00a0 \u00a0 \u00a0 \u00a0 \u00a0 \u00a0 \u00a0<\/strong>O1 FO SRC \u00a0 \u00a0\u00a0 \u00a0\u00a0 <\/span><\/p><p><span style=\"color: #000000;\"><strong>velikost<\/strong> \u00a0 \u00a0 \u00a0 \u00a0 \u00a0\u00a0\u00a0 \u00a0\u00a0 \u00a0 36-48<\/span><\/p>\t\t\t\t\t\t\t\t<\/div>\n\t\t\t\t<\/div>\n\t\t\t\t\t<\/div>\n\t\t<\/div>\n\t\t\t\t\t<\/div>\n\t\t<\/section>\n\t\t\t\t<\/div>\n\t\t","protected":false},"excerpt":{"rendered":"<h6><span style=\"color: #000000;\">katalogov\u00e9 \u010d\u00edslo <strong>33611<span style=\"color: #000000;\"><br \/>\n<\/span><\/strong><\/span><\/h6>\n<h6><span style=\"color: #000000;\">k\u00f3d v\u00fdrobce <\/span><strong><span style=\"color: #000000;\">V270075<\/span><br \/>\n<\/strong><\/h6>\n<p>&nbsp;<\/p>\n","protected":false},"featured_media":86407,"comment_status":"closed","ping_status":"closed","template":"","meta":{"ocean_post_layout":"","ocean_both_sidebars_style":"","ocean_both_sidebars_content_width":0,"ocean_both_sidebars_sidebars_width":0,"ocean_sidebar":"0","ocean_second_sidebar":"0","ocean_disable_margins":"enable","ocean_add_body_class":"","ocean_shortcode_before_top_bar":"","ocean_shortcode_after_top_bar":"","ocean_shortcode_before_header":"","ocean_shortcode_after_header":"","ocean_has_shortcode":"","ocean_shortcode_after_title":"","ocean_shortcode_before_footer_widgets":"","ocean_shortcode_after_footer_widgets":"","ocean_shortcode_before_footer_bottom":"","ocean_shortcode_after_footer_bottom":"","ocean_display_top_bar":"default","ocean_display_header":"default","ocean_header_style":"","ocean_center_header_left_menu":"0","ocean_custom_header_template":"0","ocean_custom_logo":0,"ocean_custom_retina_logo":0,"ocean_custom_logo_max_width":0,"ocean_custom_logo_tablet_max_width":0,"ocean_custom_logo_mobile_max_width":0,"ocean_custom_logo_max_height":0,"ocean_custom_logo_tablet_max_height":0,"ocean_custom_logo_mobile_max_height":0,"ocean_header_custom_menu":"0","ocean_menu_typo_font_family":"0","ocean_menu_typo_font_subset":"","ocean_menu_typo_font_size":0,"ocean_menu_typo_font_size_tablet":0,"ocean_menu_typo_font_size_mobile":0,"ocean_menu_typo_font_size_unit":"px","ocean_menu_typo_font_weight":"","ocean_menu_typo_font_weight_tablet":"","ocean_menu_typo_font_weight_mobile":"","ocean_menu_typo_transform":"","ocean_menu_typo_transform_tablet":"","ocean_menu_typo_transform_mobile":"","ocean_menu_typo_line_height":0,"ocean_menu_typo_line_height_tablet":0,"ocean_menu_typo_line_height_mobile":0,"ocean_menu_typo_line_height_unit":"","ocean_menu_typo_spacing":0,"ocean_menu_typo_spacing_tablet":0,"ocean_menu_typo_spacing_mobile":0,"ocean_menu_typo_spacing_unit":"","ocean_menu_link_color":"","ocean_menu_link_color_hover":"","ocean_menu_link_color_active":"","ocean_menu_link_background":"","ocean_menu_link_hover_background":"","ocean_menu_link_active_background":"","ocean_menu_social_links_bg":"","ocean_menu_social_hover_links_bg":"","ocean_menu_social_links_color":"","ocean_menu_social_hover_links_color":"","ocean_disable_title":"default","ocean_disable_heading":"enable","ocean_post_title":"","ocean_post_subheading":"","ocean_post_title_style":"","ocean_post_title_background_color":"","ocean_post_title_background":0,"ocean_post_title_bg_image_position":"","ocean_post_title_bg_image_attachment":"","ocean_post_title_bg_image_repeat":"","ocean_post_title_bg_image_size":"","ocean_post_title_height":0,"ocean_post_title_bg_overlay":0.5,"ocean_post_title_bg_overlay_color":"","ocean_disable_breadcrumbs":"on","ocean_breadcrumbs_color":"","ocean_breadcrumbs_separator_color":"","ocean_breadcrumbs_links_color":"","ocean_breadcrumbs_links_hover_color":"","ocean_display_footer_widgets":"on","ocean_display_footer_bottom":"default","ocean_custom_footer_template":"0"},"product_brand":[],"product_cat":[178,89],"product_tag":[],"class_list":{"0":"post-86448","1":"product","2":"type-product","3":"status-publish","4":"has-post-thumbnail","6":"product_cat-obuv","7":"product_cat-pracovni-obuv","8":"pa_vel-164","9":"pa_vel-168","10":"pa_vel-125","11":"pa_vel-39-2","12":"pa_vel-40-2","13":"pa_vel-41-2","14":"pa_vel-42-2","15":"pa_vel-43-2","16":"pa_vel-44-2","17":"pa_vel-45-2","18":"pa_vel-46-2","19":"pa_vel-47-2","20":"pa_vel-45","22":"entry","23":"has-media","25":"first","26":"instock","27":"taxable","28":"shipping-taxable","29":"purchasable","30":"product-type-variable","31":"col","32":"span_1_of_4","33":"owp-content-left","34":"owp-thumbs-layout-horizontal","35":"owp-btn-big","36":"owp-tabs-layout-horizontal","37":"has-no-thumbnails"},"_links":{"self":[{"href":"https:\/\/kucera.stoweb.cz\/index.php\/wp-json\/wp\/v2\/product\/86448","targetHints":{"allow":["GET"]}}],"collection":[{"href":"https:\/\/kucera.stoweb.cz\/index.php\/wp-json\/wp\/v2\/product"}],"about":[{"href":"https:\/\/kucera.stoweb.cz\/index.php\/wp-json\/wp\/v2\/types\/product"}],"replies":[{"embeddable":true,"href":"https:\/\/kucera.stoweb.cz\/index.php\/wp-json\/wp\/v2\/comments?post=86448"}],"version-history":[{"count":3,"href":"https:\/\/kucera.stoweb.cz\/index.php\/wp-json\/wp\/v2\/product\/86448\/revisions"}],"predecessor-version":[{"id":103870,"href":"https:\/\/kucera.stoweb.cz\/index.php\/wp-json\/wp\/v2\/product\/86448\/revisions\/103870"}],"wp:featuredmedia":[{"embeddable":true,"href":"https:\/\/kucera.stoweb.cz\/index.php\/wp-json\/wp\/v2\/media\/86407"}],"wp:attachment":[{"href":"https:\/\/kucera.stoweb.cz\/index.php\/wp-json\/wp\/v2\/media?parent=86448"}],"wp:term":[{"taxonomy":"product_brand","embeddable":true,"href":"https:\/\/kucera.stoweb.cz\/index.php\/wp-json\/wp\/v2\/product_brand?post=86448"},{"taxonomy":"product_cat","embeddable":true,"href":"https:\/\/kucera.stoweb.cz\/index.php\/wp-json\/wp\/v2\/product_cat?post=86448"},{"taxonomy":"product_tag","embeddable":true,"href":"https:\/\/kucera.stoweb.cz\/index.php\/wp-json\/wp\/v2\/product_tag?post=86448"}],"curies":[{"name":"wp","href":"https:\/\/api.w.org\/{rel}","templated":true}]}}