{"id":85686,"date":"2024-02-12T14:50:47","date_gmt":"2024-02-12T13:50:47","guid":{"rendered":"https:\/\/kucera.stoweb.cz\/?post_type=product&#038;p=85686"},"modified":"2024-02-27T10:16:53","modified_gmt":"2024-02-27T09:16:53","slug":"luxy-diana-bluza-modro-cerna","status":"publish","type":"product","link":"https:\/\/kucera.stoweb.cz\/index.php\/produkt\/luxy-diana-bluza-modro-cerna\/","title":{"rendered":"LUXY DIANA bl\u016fza d\u00e1msk\u00e1 modro-\u010dern\u00e1"},"content":{"rendered":"\t\t<div data-elementor-type=\"wp-post\" data-elementor-id=\"85686\" class=\"elementor elementor-85686\" data-elementor-post-type=\"product\">\n\t\t\t\t\t\t<section class=\"elementor-section elementor-top-section elementor-element elementor-element-1d29506 elementor-hidden-tablet elementor-hidden-mobile elementor-section-boxed elementor-section-height-default elementor-section-height-default\" data-id=\"1d29506\" data-element_type=\"section\" data-e-type=\"section\">\n\t\t\t\t\t\t<div class=\"elementor-container elementor-column-gap-default\">\n\t\t\t\t\t<div class=\"elementor-column elementor-col-66 elementor-top-column elementor-element elementor-element-8156533\" data-id=\"8156533\" data-element_type=\"column\" data-e-type=\"column\">\n\t\t\t<div class=\"elementor-widget-wrap elementor-element-populated\">\n\t\t\t\t\t\t<div class=\"elementor-element elementor-element-30f90d9 elementor-hidden-tablet elementor-hidden-mobile elementor-tabs-view-horizontal elementor-widget elementor-widget-tabs\" data-id=\"30f90d9\" data-element_type=\"widget\" data-e-type=\"widget\" data-settings=\"{&quot;_animation&quot;:&quot;none&quot;}\" data-widget_type=\"tabs.default\">\n\t\t\t\t<div class=\"elementor-widget-container\">\n\t\t\t\t\t\t\t<div class=\"elementor-tabs\">\n\t\t\t<div class=\"elementor-tabs-wrapper\" role=\"tablist\" >\n\t\t\t\t\t\t\t\t\t<div id=\"elementor-tab-title-5131\" class=\"elementor-tab-title elementor-tab-desktop-title\" aria-selected=\"true\" data-tab=\"1\" role=\"tab\" tabindex=\"0\" aria-controls=\"elementor-tab-content-5131\" aria-expanded=\"false\">popis produktu<\/div>\n\t\t\t\t\t\t\t\t\t<div id=\"elementor-tab-title-5132\" class=\"elementor-tab-title elementor-tab-desktop-title\" aria-selected=\"false\" data-tab=\"2\" role=\"tab\" tabindex=\"-1\" aria-controls=\"elementor-tab-content-5132\" aria-expanded=\"false\">technick\u00e9 parametry<\/div>\n\t\t\t\t\t\t\t\t\t<div id=\"elementor-tab-title-5133\" class=\"elementor-tab-title elementor-tab-desktop-title\" aria-selected=\"false\" data-tab=\"3\" role=\"tab\" tabindex=\"-1\" aria-controls=\"elementor-tab-content-5133\" aria-expanded=\"false\">dokumenty<\/div>\n\t\t\t\t\t\t\t\t\t<div id=\"elementor-tab-title-5134\" class=\"elementor-tab-title elementor-tab-desktop-title\" aria-selected=\"false\" data-tab=\"4\" role=\"tab\" tabindex=\"-1\" aria-controls=\"elementor-tab-content-5134\" aria-expanded=\"false\">tabulka velikost\u00ed<\/div>\n\t\t\t\t\t\t\t<\/div>\n\t\t\t<div class=\"elementor-tabs-content-wrapper\" role=\"tablist\" aria-orientation=\"vertical\">\n\t\t\t\t\t\t\t\t\t<div class=\"elementor-tab-title elementor-tab-mobile-title\" aria-selected=\"true\" data-tab=\"1\" role=\"tab\" tabindex=\"0\" aria-controls=\"elementor-tab-content-5131\" aria-expanded=\"false\">popis produktu<\/div>\n\t\t\t\t\t<div id=\"elementor-tab-content-5131\" class=\"elementor-tab-content elementor-clearfix\" data-tab=\"1\" role=\"tabpanel\" aria-labelledby=\"elementor-tab-title-5131\" tabindex=\"0\" hidden=\"false\"><p><span style=\"color: #000000;\"><span style=\"color: #1a1adb;\"><strong>\u00bb <\/strong><\/span>klasick\u00e1 mont\u00e9rkov\u00e1 pracovn\u00ed bl\u016fza z kolekce CXS LUXY<\/span><\/p><p><span style=\"color: #000000;\"><span style=\"color: #1a1adb;\"><strong>\u00bb <\/strong><\/span>d\u00e1msk\u00e9 proveden\u00ed<\/span><\/p><p><span style=\"color: #000000;\"><span style=\"color: #1a1adb;\"><strong>\u00bb <\/strong><\/span>odep\u00ednac\u00ed ruk\u00e1vy s pru\u017enou man\u017eetou<\/span><\/p><p><span style=\"color: #000000;\"><span style=\"color: #1a1adb;\"><strong>\u00bb <\/strong><\/span>kryt\u00e9 zap\u00edn\u00e1n\u00ed na zip a such\u00e9 zipy<\/span><\/p><p><span style=\"color: #000000;\"><strong>\u00bb <\/strong>n\u00e1prsn\u00ed kapsy s klopami<\/span><\/p><p><span style=\"color: #000000;\"><strong><span style=\"color: #1a1adb;\">\u00bb<\/span> <\/strong>skryt\u00e1 n\u00e1prsn\u00ed kapsa na zip<\/span><\/p><p><span style=\"color: #1a1adb;\"><strong>\u00bb <\/strong><span style=\"color: #000000;\">jednoduch\u00e9 bo\u010dn\u00ed kapsy<\/span><\/span><\/p><p><span style=\"color: #000000;\"><span style=\"color: #1a1adb;\"><strong>\u00bb <\/strong><\/span>pas na boc\u00edch do gumy<\/span><\/p><p><span style=\"color: #000000;\"><span style=\"color: #1a1adb;\"><strong>\u00bb <\/strong><\/span>reflexn\u00ed dopl\u0148ky<\/span><\/p><p><span style=\"color: #000000;\"><strong><span style=\"color: #1a1adb;\">\u00bb<\/span> <\/strong>velikost <strong>38-58<\/strong><\/span><\/p><\/div>\n\t\t\t\t\t\t\t\t\t<div class=\"elementor-tab-title elementor-tab-mobile-title\" aria-selected=\"false\" data-tab=\"2\" role=\"tab\" tabindex=\"-1\" aria-controls=\"elementor-tab-content-5132\" aria-expanded=\"false\">technick\u00e9 parametry<\/div>\n\t\t\t\t\t<div id=\"elementor-tab-content-5132\" class=\"elementor-tab-content elementor-clearfix\" data-tab=\"2\" role=\"tabpanel\" aria-labelledby=\"elementor-tab-title-5132\" tabindex=\"0\" hidden=\"hidden\"><p><span style=\"color: #000000;\"><strong>materi\u00e1l\u00a0 \u00a0 \u00a0 \u00a0<\/strong> 100 % bavlna<\/span><\/p><p><span style=\"color: #000000;\"><strong>gram\u00e1\u017e<\/strong> \u00a0\u00a0\u00a0\u00a0\u00a0\u00a0\u00a0 260 g\/m\u00b2<\/span><\/p><p><span style=\"color: #000000;\"><strong>norma\u00a0\u00a0\u00a0\u00a0\u00a0\u00a0\u00a0\u00a0\u00a0\u00a0 <\/strong>\u010cSN EN ISO 13688<strong><br \/><\/strong><\/span><\/p><p><span style=\"color: #000000;\"><strong>v\u00fdrobce\u00a0\u00a0 \u00a0 \u00a0\u00a0 <\/strong>CXS<\/span><\/p><\/div>\n\t\t\t\t\t\t\t\t\t<div class=\"elementor-tab-title elementor-tab-mobile-title\" aria-selected=\"false\" data-tab=\"3\" role=\"tab\" tabindex=\"-1\" aria-controls=\"elementor-tab-content-5133\" aria-expanded=\"false\">dokumenty<\/div>\n\t\t\t\t\t<div id=\"elementor-tab-content-5133\" class=\"elementor-tab-content elementor-clearfix\" data-tab=\"3\" role=\"tabpanel\" aria-labelledby=\"elementor-tab-title-5133\" tabindex=\"0\" hidden=\"hidden\"><p><a href=\"https:\/\/www.canis.cz\/imgserver\/eshop\/CANIS\/19\/2000000352\/6180_DEKLARACE%20EU.PDF\" target=\"_blank\" rel=\"noopener\">prohl\u00e1\u0161en\u00ed o shod\u011b<\/a><\/p><p><a href=\"https:\/\/www.canis.cz\/imgserver\/eshop\/CANIS\/19\/2000000352\/6180_PRODUCT.PDF\" target=\"_blank\" rel=\"noopener\">technick\u00fd list<\/a><\/p><p><a href=\"https:\/\/www.canis.cz\/imgserver\/eshop\/CANIS\/19\/2000000352\/17596_MANUAL.PDF\" target=\"_blank\" rel=\"noopener\">manual<\/a><\/p><\/div>\n\t\t\t\t\t\t\t\t\t<div class=\"elementor-tab-title elementor-tab-mobile-title\" aria-selected=\"false\" data-tab=\"4\" role=\"tab\" tabindex=\"-1\" aria-controls=\"elementor-tab-content-5134\" aria-expanded=\"false\">tabulka velikost\u00ed<\/div>\n\t\t\t\t\t<div id=\"elementor-tab-content-5134\" class=\"elementor-tab-content elementor-clearfix\" data-tab=\"4\" role=\"tabpanel\" aria-labelledby=\"elementor-tab-title-5134\" tabindex=\"0\" hidden=\"hidden\"><p><span style=\"color: #000000;\"><strong>d\u00e1msk\u00e9 velikosti bl\u016fzy<\/strong> <strong><br \/><\/strong><\/span><\/p><p><span style=\"color: #000000;\"><strong>velikost \u00a0 \u00a0 \u00a0 \u00a0 \u00a0 \u00a0\u00a0\u00a0\u00a0\u00a0 <\/strong><span style=\"color: #1a1adb;\">34<\/span>\u00a0\u00a0\u00a0\u00a0\u00a0 I\u00a0\u00a0\u00a0\u00a0\u00a0 36\u00a0\u00a0\u00a0\u00a0\u00a0 I\u00a0\u00a0\u00a0\u00a0\u00a0<span style=\"color: #1a1adb;\"> 38\u00a0<\/span>\u00a0\u00a0\u00a0\u00a0 I\u00a0\u00a0\u00a0\u00a0\u00a0 40\u00a0\u00a0\u00a0\u00a0\u00a0 I\u00a0\u00a0\u00a0\u00a0<span style=\"color: #1a1adb;\">\u00a0 42<\/span>\u00a0\u00a0\u00a0\u00a0\u00a0 I\u00a0\u00a0\u00a0\u00a0\u00a0 44\u00a0\u00a0\u00a0\u00a0\u00a0 I\u00a0\u00a0\u00a0\u00a0\u00a0 <span style=\"color: #1a1adb;\">46\u00a0<\/span>\u00a0\u00a0\u00a0\u00a0 I\u00a0\u00a0\u00a0\u00a0\u00a0 48\u00a0\u00a0\u00a0\u00a0\u00a0 I\u00a0\u00a0\u00a0\u00a0\u00a0 5<span style=\"color: #1a1adb;\">0\u00a0\u00a0<\/span>\u00a0\u00a0\u00a0 I\u00a0\u00a0\u00a0\u00a0\u00a0 52\u00a0\u00a0\u00a0\u00a0\u00a0 I\u00a0\u00a0\u00a0\u00a0\u00a0<span style=\"color: #1a1adb;\"> 54<\/span>\u00a0\u00a0\u00a0\u00a0\u00a0 I\u00a0\u00a0\u00a0\u00a0\u00a0 56\u00a0\u00a0\u00a0\u00a0\u00a0 I\u00a0\u00a0\u00a0\u00a0\u00a0 <span style=\"color: #1a1adb;\">58<\/span>\u00a0\u00a0\u00a0\u00a0\u00a0 I\u00a0\u00a0\u00a0\u00a0\u00a0 60\u00a0\u00a0\u00a0\u00a0\u00a0 I \u00a0\u00a0\u00a0\u00a0 <span style=\"color: #1a1adb;\">62<\/span>\u00a0\u00a0\u00a0\u00a0\u00a0 I\u00a0\u00a0\u00a0\u00a0\u00a0 64\u00a0\u00a0\u00a0\u00a0\u00a0 I<\/span><\/p><p><span style=\"color: #000000;\"><strong>obvod hrudi*\u00a0<\/strong> \u00a0 \u00a0\u00a0\u00a0 <span style=\"color: #1a1adb;\">80<\/span> \u00a0 \u00a0 \u00a0 \u00a0 \u00a0\u00a0\u00a0 84 \u00a0 \u00a0 \u00a0 \u00a0\u00a0 \u00a0\u00a0<span style=\"color: #1a1adb;\"> 88<\/span> \u00a0 \u00a0 \u00a0 \u00a0\u00a0 \u00a0\u00a0 92\u00a0\u00a0\u00a0 \u00a0 \u00a0 \u00a0 \u00a0\u00a0<span style=\"color: #1a1adb;\"> 96<\/span> \u00a0 \u00a0 \u00a0 \u00a0\u00a0 \u00a0 100 \u00a0 \u00a0 \u00a0 \u00a0\u00a0\u00a0 <span style=\"color: #1a1adb;\">104<\/span> \u00a0 \u00a0 \u00a0 \u00a0 \u00a0 108 \u00a0 \u00a0 \u00a0 \u00a0 \u00a0<span style=\"color: #1a1adb;\"> 112<\/span> \u00a0 \u00a0\u00a0 \u00a0 \u00a0\u00a0 116 \u00a0 \u00a0 \u00a0 \u00a0\u00a0<span style=\"color: #1a1adb;\"> 120 \u00a0<\/span> \u00a0 \u00a0 \u00a0 \u00a0 124 \u00a0 \u00a0 \u00a0 \u00a0 \u00a0 <span style=\"color: #1a1adb;\">128<\/span> \u00a0\u00a0\u00a0\u00a0\u00a0\u00a0\u00a0\u00a0\u00a0 132 \u00a0 \u00a0 \u00a0 \u00a0 \u00a0 <span style=\"color: #1a1adb;\">136<\/span> \u00a0 \u00a0 \u00a0 \u00a0\u00a0 140 <\/span><\/p><p><span style=\"color: #000000;\"><strong>obvod pasu*<\/strong> \u00a0\u00a0\u00a0\u00a0\u00a0\u00a0<span style=\"color: #1a1adb;\"> 64<\/span> \u00a0 \u00a0 \u00a0 \u00a0 \u00a0 \u00a0 68 \u00a0 \u00a0 \u00a0 \u00a0 \u00a0\u00a0<span style=\"color: #1a1adb;\">\u00a0 72<\/span> \u00a0 \u00a0 \u00a0 \u00a0 \u00a0 \u00a0 76 \u00a0 \u00a0 \u00a0 \u00a0\u00a0 \u00a0<span style=\"color: #1a1adb;\"> \u00a0 80<\/span> \u00a0 \u00a0 \u00a0 \u00a0 \u00a0 \u00a0 84 \u00a0 \u00a0 \u00a0 \u00a0\u00a0 \u00a0\u00a0 <span style=\"color: #1a1adb;\">88 \u00a0<\/span> \u00a0 \u00a0 \u00a0 \u00a0\u00a0\u00a0 92\u00a0\u00a0 \u00a0 \u00a0 \u00a0 \u00a0 \u00a0<span style=\"color: #1a1adb;\"> 96<\/span> \u00a0\u00a0\u00a0\u00a0\u00a0\u00a0\u00a0\u00a0\u00a0\u00a0 100 \u00a0 \u00a0 \u00a0 \u00a0 \u00a0 <span style=\"color: #1a1adb;\">104 \u00a0<\/span>\u00a0\u00a0\u00a0\u00a0\u00a0\u00a0\u00a0\u00a0 108 \u00a0 \u00a0 \u00a0 \u00a0\u00a0\u00a0 <span style=\"color: #1a1adb;\">112<\/span> \u00a0 \u00a0 \u00a0 \u00a0 \u00a0 116 \u00a0 \u00a0 \u00a0 \u00a0 \u00a0 <span style=\"color: #1a1adb;\">120<\/span> \u00a0 \u00a0 \u00a0\u00a0 \u00a0 124<\/span><\/p><p><span style=\"color: #000000;\"><strong>* v cm<\/strong><\/span><\/p><\/div>\n\t\t\t\t\t\t\t<\/div>\n\t\t<\/div>\n\t\t\t\t\t\t<\/div>\n\t\t\t\t<\/div>\n\t\t\t\t\t<\/div>\n\t\t<\/div>\n\t\t\t\t<div class=\"elementor-column elementor-col-33 elementor-top-column elementor-element elementor-element-d1d0836\" data-id=\"d1d0836\" data-element_type=\"column\" data-e-type=\"column\" data-settings=\"{&quot;background_background&quot;:&quot;classic&quot;}\">\n\t\t\t<div class=\"elementor-widget-wrap elementor-element-populated\">\n\t\t\t\t\t\t<div class=\"elementor-element elementor-element-715bd04 elementor-widget elementor-widget-text-editor\" data-id=\"715bd04\" data-element_type=\"widget\" data-e-type=\"widget\" data-widget_type=\"text-editor.default\">\n\t\t\t\t<div class=\"elementor-widget-container\">\n\t\t\t\t\t\t\t\t\t<p><span style=\"color: #000000;\">produkt zna\u010dky<\/span><\/p>\t\t\t\t\t\t\t\t<\/div>\n\t\t\t\t<\/div>\n\t\t\t\t<div class=\"elementor-element elementor-element-4cf67ba elementor-widget elementor-widget-text-editor\" data-id=\"4cf67ba\" data-element_type=\"widget\" data-e-type=\"widget\" data-widget_type=\"text-editor.default\">\n\t\t\t\t<div class=\"elementor-widget-container\">\n\t\t\t\t\t\t\t\t\t<p><span style=\"color: #000000;\">LUXY<\/span><\/p>\t\t\t\t\t\t\t\t<\/div>\n\t\t\t\t<\/div>\n\t\t\t\t<div class=\"elementor-element elementor-element-c17377d elementor-widget elementor-widget-image\" data-id=\"c17377d\" data-element_type=\"widget\" data-e-type=\"widget\" data-widget_type=\"image.default\">\n\t\t\t\t<div class=\"elementor-widget-container\">\n\t\t\t\t\t\t\t\t\t\t\t\t\t\t\t<img fetchpriority=\"high\" decoding=\"async\" width=\"1024\" height=\"896\" src=\"https:\/\/kucera.stoweb.cz\/wp-content\/uploads\/2022\/01\/cxs_black_png-1024x896.png\" class=\"attachment-large size-large wp-image-19262\" alt=\"\" srcset=\"https:\/\/kucera.stoweb.cz\/wp-content\/uploads\/2022\/01\/cxs_black_png-1024x896.png 1024w, https:\/\/kucera.stoweb.cz\/wp-content\/uploads\/2022\/01\/cxs_black_png-300x262.png 300w, https:\/\/kucera.stoweb.cz\/wp-content\/uploads\/2022\/01\/cxs_black_png-600x525.png 600w, https:\/\/kucera.stoweb.cz\/wp-content\/uploads\/2022\/01\/cxs_black_png-768x672.png 768w, https:\/\/kucera.stoweb.cz\/wp-content\/uploads\/2022\/01\/cxs_black_png-1536x1344.png 1536w, https:\/\/kucera.stoweb.cz\/wp-content\/uploads\/2022\/01\/cxs_black_png.png 1622w\" sizes=\"(max-width: 1024px) 100vw, 1024px\" \/>\t\t\t\t\t\t\t\t\t\t\t\t\t\t\t<\/div>\n\t\t\t\t<\/div>\n\t\t\t\t\t<\/div>\n\t\t<\/div>\n\t\t\t\t\t<\/div>\n\t\t<\/section>\n\t\t\t\t<section class=\"elementor-section elementor-top-section elementor-element elementor-element-429739b elementor-hidden-desktop elementor-section-boxed elementor-section-height-default elementor-section-height-default\" data-id=\"429739b\" data-element_type=\"section\" data-e-type=\"section\">\n\t\t\t\t\t\t<div class=\"elementor-container elementor-column-gap-default\">\n\t\t\t\t\t<div class=\"elementor-column elementor-col-100 elementor-top-column elementor-element elementor-element-048680d\" data-id=\"048680d\" data-element_type=\"column\" data-e-type=\"column\">\n\t\t\t<div class=\"elementor-widget-wrap elementor-element-populated\">\n\t\t\t\t\t\t<div class=\"elementor-element elementor-element-de95380 elementor-widget elementor-widget-text-editor\" data-id=\"de95380\" data-element_type=\"widget\" data-e-type=\"widget\" data-widget_type=\"text-editor.default\">\n\t\t\t\t<div class=\"elementor-widget-container\">\n\t\t\t\t\t\t\t\t\t<h3><strong><span style=\"color: #000080;\">popis produktu<\/span><\/strong><\/h3>\t\t\t\t\t\t\t\t<\/div>\n\t\t\t\t<\/div>\n\t\t\t\t<div class=\"elementor-element elementor-element-726a0cb elementor-hidden-desktop elementor-widget elementor-widget-text-editor\" data-id=\"726a0cb\" data-element_type=\"widget\" data-e-type=\"widget\" data-widget_type=\"text-editor.default\">\n\t\t\t\t<div class=\"elementor-widget-container\">\n\t\t\t\t\t\t\t\t\t<p><span style=\"color: #000000;\"><strong>klasick\u00e1 mont\u00e9rkov\u00e1 pracovn\u00ed bl\u016fza z kolekce CXS LUXY<br \/><\/strong><\/span><\/p><p><span style=\"color: #000000;\"><strong>\u00bb<\/strong>d\u00e1msk\u00e9 proveden\u00ed<\/span><\/p><p><span style=\"color: #000000;\"><strong>\u00bb <\/strong>odep\u00ednac\u00ed ruk\u00e1vy s pru\u017enou man\u017eetou<\/span><\/p><p><span style=\"color: #000000;\"><strong>\u00bb <\/strong>kryt\u00e9 zap\u00edn\u00e1n\u00ed na zip a such\u00e9 zipy<\/span><\/p><p><span style=\"color: #000000;\"><strong>\u00bb <\/strong>n\u00e1prsn\u00ed kapsy s klopami<\/span><\/p><p><span style=\"color: #000000;\"><strong>\u00bb <\/strong>jednoduch\u00e9 bo\u010dn\u00ed kapsy<\/span><\/p><p><span style=\"color: #000000;\"><strong>\u00bb <\/strong>pas na boc\u00edch do gumy<\/span><\/p><p><span style=\"color: #000000;\"><strong>\u00bb <\/strong>reflexn\u00ed dopl\u0148ky<\/span><\/p><p><span style=\"color: #000000;\"><strong>\u00bb <\/strong>velikost 38-58<\/span><span style=\"color: #000000;\">\u00a0<\/span><\/p>\t\t\t\t\t\t\t\t<\/div>\n\t\t\t\t<\/div>\n\t\t\t\t\t<\/div>\n\t\t<\/div>\n\t\t\t\t\t<\/div>\n\t\t<\/section>\n\t\t\t\t<\/div>\n\t\t","protected":false},"excerpt":{"rendered":"<h6>katalogov\u00e9 \u010d\u00edslo<strong> 10110<\/strong><\/h6>\n<h6>k\u00f3d v\u00fdrobce\u00a0<strong>1010-008-411-00<\/strong><\/h6>\n<p><span style=\"color: #000000;\">\u00a0<\/span><\/p>\n","protected":false},"featured_media":24041,"comment_status":"closed","ping_status":"closed","template":"elementor_theme","meta":{"ocean_post_layout":"","ocean_both_sidebars_style":"","ocean_both_sidebars_content_width":0,"ocean_both_sidebars_sidebars_width":0,"ocean_sidebar":"0","ocean_second_sidebar":"0","ocean_disable_margins":"enable","ocean_add_body_class":"","ocean_shortcode_before_top_bar":"","ocean_shortcode_after_top_bar":"","ocean_shortcode_before_header":"","ocean_shortcode_after_header":"","ocean_has_shortcode":"","ocean_shortcode_after_title":"","ocean_shortcode_before_footer_widgets":"","ocean_shortcode_after_footer_widgets":"","ocean_shortcode_before_footer_bottom":"","ocean_shortcode_after_footer_bottom":"","ocean_display_top_bar":"default","ocean_display_header":"default","ocean_header_style":"","ocean_center_header_left_menu":"0","ocean_custom_header_template":"0","ocean_custom_logo":0,"ocean_custom_retina_logo":0,"ocean_custom_logo_max_width":0,"ocean_custom_logo_tablet_max_width":0,"ocean_custom_logo_mobile_max_width":0,"ocean_custom_logo_max_height":0,"ocean_custom_logo_tablet_max_height":0,"ocean_custom_logo_mobile_max_height":0,"ocean_header_custom_menu":"0","ocean_menu_typo_font_family":"0","ocean_menu_typo_font_subset":"","ocean_menu_typo_font_size":0,"ocean_menu_typo_font_size_tablet":0,"ocean_menu_typo_font_size_mobile":0,"ocean_menu_typo_font_size_unit":"px","ocean_menu_typo_font_weight":"","ocean_menu_typo_font_weight_tablet":"","ocean_menu_typo_font_weight_mobile":"","ocean_menu_typo_transform":"","ocean_menu_typo_transform_tablet":"","ocean_menu_typo_transform_mobile":"","ocean_menu_typo_line_height":0,"ocean_menu_typo_line_height_tablet":0,"ocean_menu_typo_line_height_mobile":0,"ocean_menu_typo_line_height_unit":"","ocean_menu_typo_spacing":0,"ocean_menu_typo_spacing_tablet":0,"ocean_menu_typo_spacing_mobile":0,"ocean_menu_typo_spacing_unit":"","ocean_menu_link_color":"","ocean_menu_link_color_hover":"","ocean_menu_link_color_active":"","ocean_menu_link_background":"","ocean_menu_link_hover_background":"","ocean_menu_link_active_background":"","ocean_menu_social_links_bg":"","ocean_menu_social_hover_links_bg":"","ocean_menu_social_links_color":"","ocean_menu_social_hover_links_color":"","ocean_disable_title":"default","ocean_disable_heading":"default","ocean_post_title":"","ocean_post_subheading":"","ocean_post_title_style":"","ocean_post_title_background_color":"","ocean_post_title_background":0,"ocean_post_title_bg_image_position":"","ocean_post_title_bg_image_attachment":"","ocean_post_title_bg_image_repeat":"","ocean_post_title_bg_image_size":"","ocean_post_title_height":0,"ocean_post_title_bg_overlay":0.5,"ocean_post_title_bg_overlay_color":"","ocean_disable_breadcrumbs":"default","ocean_breadcrumbs_color":"","ocean_breadcrumbs_separator_color":"","ocean_breadcrumbs_links_color":"","ocean_breadcrumbs_links_hover_color":"","ocean_display_footer_widgets":"default","ocean_display_footer_bottom":"default","ocean_custom_footer_template":"0"},"product_brand":[],"product_cat":[18],"product_tag":[],"class_list":{"0":"post-85686","1":"product","2":"type-product","3":"status-publish","4":"has-post-thumbnail","6":"product_cat-nezarazene","7":"pa_barva-stredne-modra","8":"pa_vel-125","9":"pa_vel-40-2","10":"pa_vel-42-2","11":"pa_vel-44-2","12":"pa_vel-46-2","13":"pa_vel-45","14":"pa_vel-46","15":"pa_vel-47","16":"pa_vel-48","17":"pa_vel-49","18":"pa_vel-50","20":"entry","21":"has-media","23":"first","24":"instock","25":"taxable","26":"shipping-taxable","27":"purchasable","28":"product-type-variable","29":"col","30":"span_1_of_4","31":"owp-content-left","32":"owp-thumbs-layout-horizontal","33":"owp-btn-big","34":"owp-tabs-layout-horizontal"},"_links":{"self":[{"href":"https:\/\/kucera.stoweb.cz\/index.php\/wp-json\/wp\/v2\/product\/85686","targetHints":{"allow":["GET"]}}],"collection":[{"href":"https:\/\/kucera.stoweb.cz\/index.php\/wp-json\/wp\/v2\/product"}],"about":[{"href":"https:\/\/kucera.stoweb.cz\/index.php\/wp-json\/wp\/v2\/types\/product"}],"replies":[{"embeddable":true,"href":"https:\/\/kucera.stoweb.cz\/index.php\/wp-json\/wp\/v2\/comments?post=85686"}],"version-history":[{"count":3,"href":"https:\/\/kucera.stoweb.cz\/index.php\/wp-json\/wp\/v2\/product\/85686\/revisions"}],"predecessor-version":[{"id":95068,"href":"https:\/\/kucera.stoweb.cz\/index.php\/wp-json\/wp\/v2\/product\/85686\/revisions\/95068"}],"wp:featuredmedia":[{"embeddable":true,"href":"https:\/\/kucera.stoweb.cz\/index.php\/wp-json\/wp\/v2\/media\/24041"}],"wp:attachment":[{"href":"https:\/\/kucera.stoweb.cz\/index.php\/wp-json\/wp\/v2\/media?parent=85686"}],"wp:term":[{"taxonomy":"product_brand","embeddable":true,"href":"https:\/\/kucera.stoweb.cz\/index.php\/wp-json\/wp\/v2\/product_brand?post=85686"},{"taxonomy":"product_cat","embeddable":true,"href":"https:\/\/kucera.stoweb.cz\/index.php\/wp-json\/wp\/v2\/product_cat?post=85686"},{"taxonomy":"product_tag","embeddable":true,"href":"https:\/\/kucera.stoweb.cz\/index.php\/wp-json\/wp\/v2\/product_tag?post=85686"}],"curies":[{"name":"wp","href":"https:\/\/api.w.org\/{rel}","templated":true}]}}