{"id":163478,"date":"2025-05-15T11:28:45","date_gmt":"2025-05-15T09:28:45","guid":{"rendered":"https:\/\/kucera.stoweb.cz\/?post_type=product&#038;p=163478"},"modified":"2025-05-19T19:51:51","modified_gmt":"2025-05-19T17:51:51","slug":"sirius-brighton-zimni-kalhoty-s-laclem-cerno-zlute","status":"publish","type":"product","link":"https:\/\/kucera.stoweb.cz\/index.php\/produkt\/sirius-brighton-zimni-kalhoty-s-laclem-cerno-zlute\/","title":{"rendered":"SIRIUS BRIGHTON zimn\u00ed kalhoty s laclem \u010derno-\u017elut\u00e9"},"content":{"rendered":"\t\t<div data-elementor-type=\"wp-post\" data-elementor-id=\"163478\" class=\"elementor elementor-163478\" data-elementor-post-type=\"product\">\n\t\t\t\t\t\t<section class=\"elementor-section elementor-top-section elementor-element elementor-element-d2d8133 elementor-hidden-desktop elementor-section-boxed elementor-section-height-default elementor-section-height-default\" data-id=\"d2d8133\" data-element_type=\"section\" data-e-type=\"section\">\n\t\t\t\t\t\t<div class=\"elementor-container elementor-column-gap-default\">\n\t\t\t\t\t<div class=\"elementor-column elementor-col-100 elementor-top-column elementor-element elementor-element-888104a\" data-id=\"888104a\" data-element_type=\"column\" data-e-type=\"column\">\n\t\t\t<div class=\"elementor-widget-wrap elementor-element-populated\">\n\t\t\t\t\t\t<div class=\"elementor-element elementor-element-0fd03ea elementor-widget elementor-widget-text-editor\" data-id=\"0fd03ea\" data-element_type=\"widget\" data-e-type=\"widget\" data-widget_type=\"text-editor.default\">\n\t\t\t\t<div class=\"elementor-widget-container\">\n\t\t\t\t\t\t\t\t\t<h3><strong><span style=\"color: #000080;\">popis produktu<\/span><\/strong><\/h3>\t\t\t\t\t\t\t\t<\/div>\n\t\t\t\t<\/div>\n\t\t\t\t<div class=\"elementor-element elementor-element-f3164b8 elementor-hidden-desktop elementor-widget elementor-widget-text-editor\" data-id=\"f3164b8\" data-element_type=\"widget\" data-e-type=\"widget\" data-widget_type=\"text-editor.default\">\n\t\t\t\t<div class=\"elementor-widget-container\">\n\t\t\t\t\t\t\t\t\t<h3>&nbsp;<\/h3>\n<p><span style=\"color: #000000;\"><strong>p\u00e1nsk\u00e9 zimn\u00ed mont\u00e9rkov\u00e9 kalhoty s laclem<\/strong><\/span><\/p>\n<p><span style=\"color: #000000;\">zateplen\u00e9 flanelem<\/span><\/p>\n<p><span style=\"color: #000000;\">pevn\u00fd pas pas s poutky na opasek <\/span><\/p>\n<p><span style=\"color: #000000;\">p\u0159edn\u00ed kl\u00ednov\u00e9 kapsy, multifunk\u010dn\u00ed kapsy na obou stran\u00e1ch<\/span><\/p>\n<p><span style=\"color: #000000;\">zes\u00edlen\u00e1 kolena s mo\u017enost\u00ed vlo\u017een\u00ed kolenn\u00edch v\u00fdztuh<\/span><\/p>\n<p><span style=\"color: #000000;\">dv\u011b zadn\u00ed kapsy s klopami<\/span><\/p>\n<p><span style=\"color: #000000;\">n\u00e1prsenka s kapsou<\/span><\/p>\n<p><span style=\"color: #000000;\">reflexn\u00ed dopl\u0148ky<\/span><\/p>\n<p><span style=\"color: #000000;\">velikost: <strong>44\/46 &#8211; 60\/62<\/strong><\/span><\/p>\n<p><span style=\"color: #000000;\"><strong>materi\u00e1l&nbsp; &nbsp; &nbsp; &nbsp; &nbsp;<\/strong>&nbsp; 65 % polyester, 35 % bavlna<\/span><\/p>\n<p><span style=\"color: #000000;\"><strong>zateplen\u00ed&nbsp;&nbsp;&nbsp;&nbsp;&nbsp;&nbsp;&nbsp;&nbsp; <\/strong>flanel 100 % bavlna<\/span><\/p>\n<p><span style=\"color: #000000;\"><strong>gram\u00e1\u017e&nbsp; &nbsp; &nbsp; &nbsp;&nbsp; &nbsp;&nbsp; <\/strong>270 g\/m\u00b2<\/span><\/p>\t\t\t\t\t\t\t\t<\/div>\n\t\t\t\t<\/div>\n\t\t\t\t\t<\/div>\n\t\t<\/div>\n\t\t\t\t\t<\/div>\n\t\t<\/section>\n\t\t\t\t<section class=\"elementor-section elementor-top-section elementor-element elementor-element-83c7b91 elementor-hidden-tablet elementor-hidden-mobile elementor-section-boxed elementor-section-height-default elementor-section-height-default\" data-id=\"83c7b91\" data-element_type=\"section\" data-e-type=\"section\">\n\t\t\t\t\t\t<div class=\"elementor-container elementor-column-gap-default\">\n\t\t\t\t\t<div class=\"elementor-column elementor-col-66 elementor-top-column elementor-element elementor-element-ea0f1a8\" data-id=\"ea0f1a8\" data-element_type=\"column\" data-e-type=\"column\">\n\t\t\t<div class=\"elementor-widget-wrap elementor-element-populated\">\n\t\t\t\t\t\t<div class=\"elementor-element elementor-element-1887baa elementor-hidden-tablet elementor-hidden-mobile elementor-tabs-view-horizontal elementor-widget elementor-widget-tabs\" data-id=\"1887baa\" data-element_type=\"widget\" data-e-type=\"widget\" data-settings=\"{&quot;_animation&quot;:&quot;none&quot;}\" data-widget_type=\"tabs.default\">\n\t\t\t\t<div class=\"elementor-widget-container\">\n\t\t\t\t\t\t\t<div class=\"elementor-tabs\">\n\t\t\t<div class=\"elementor-tabs-wrapper\" role=\"tablist\" >\n\t\t\t\t\t\t\t\t\t<div id=\"elementor-tab-title-2571\" class=\"elementor-tab-title elementor-tab-desktop-title\" aria-selected=\"true\" data-tab=\"1\" role=\"tab\" tabindex=\"0\" aria-controls=\"elementor-tab-content-2571\" aria-expanded=\"false\">popis produktu<\/div>\n\t\t\t\t\t\t\t\t\t<div id=\"elementor-tab-title-2572\" class=\"elementor-tab-title elementor-tab-desktop-title\" aria-selected=\"false\" data-tab=\"2\" role=\"tab\" tabindex=\"-1\" aria-controls=\"elementor-tab-content-2572\" aria-expanded=\"false\">technick\u00e9 parametry<\/div>\n\t\t\t\t\t\t\t\t\t<div id=\"elementor-tab-title-2573\" class=\"elementor-tab-title elementor-tab-desktop-title\" aria-selected=\"false\" data-tab=\"3\" role=\"tab\" tabindex=\"-1\" aria-controls=\"elementor-tab-content-2573\" aria-expanded=\"false\">dokumenty<\/div>\n\t\t\t\t\t\t\t\t\t<div id=\"elementor-tab-title-2574\" class=\"elementor-tab-title elementor-tab-desktop-title\" aria-selected=\"false\" data-tab=\"4\" role=\"tab\" tabindex=\"-1\" aria-controls=\"elementor-tab-content-2574\" aria-expanded=\"false\">rozm\u011bry produktu<\/div>\n\t\t\t\t\t\t\t<\/div>\n\t\t\t<div class=\"elementor-tabs-content-wrapper\" role=\"tablist\" aria-orientation=\"vertical\">\n\t\t\t\t\t\t\t\t\t<div class=\"elementor-tab-title elementor-tab-mobile-title\" aria-selected=\"true\" data-tab=\"1\" role=\"tab\" tabindex=\"0\" aria-controls=\"elementor-tab-content-2571\" aria-expanded=\"false\">popis produktu<\/div>\n\t\t\t\t\t<div id=\"elementor-tab-content-2571\" class=\"elementor-tab-content elementor-clearfix\" data-tab=\"1\" role=\"tabpanel\" aria-labelledby=\"elementor-tab-title-2571\" tabindex=\"0\" hidden=\"false\"><h3>&nbsp;<\/h3>\n<p><span style=\"color: #000000;\"><strong>p\u00e1nsk\u00e9 zimn\u00ed mont\u00e9rkov\u00e9 kalhoty s laclem<\/strong><\/span><\/p>\n<p><span style=\"color: #000000;\">zateplen\u00e9 flanelem<\/span><\/p>\n<p><span style=\"color: #000000;\">pevn\u00fd pas s poutky na opasek <br><\/span><\/p>\n<p><span style=\"color: #000000;\"> p\u0159edn\u00ed kl\u00ednov\u00e9 kapsy, multifunk\u010dn\u00ed kapsy na obou stran\u00e1ch<\/span><\/p>\n<p><span style=\"color: #000000;\"> zes\u00edlen\u00e1 kolena s mo\u017enost\u00ed vlo\u017een\u00ed kolenn\u00edch v\u00fdztuh<\/span><\/p>\n<p><span style=\"color: #000000;\"> dv\u011b zadn\u00ed kapsy s klopami<\/span><\/p>\n<p><span style=\"color: #000000;\">n\u00e1prsenka s kapsou<\/span><\/p>\n<p><span style=\"color: #000000;\"> reflexn\u00ed dopl\u0148ky<\/span><\/p>\n<p><span style=\"color: #000000;\">velikost: <strong>44\/46 &#8211; 60\/62<\/strong><\/span><\/p><\/div>\n\t\t\t\t\t\t\t\t\t<div class=\"elementor-tab-title elementor-tab-mobile-title\" aria-selected=\"false\" data-tab=\"2\" role=\"tab\" tabindex=\"-1\" aria-controls=\"elementor-tab-content-2572\" aria-expanded=\"false\">technick\u00e9 parametry<\/div>\n\t\t\t\t\t<div id=\"elementor-tab-content-2572\" class=\"elementor-tab-content elementor-clearfix\" data-tab=\"2\" role=\"tabpanel\" aria-labelledby=\"elementor-tab-title-2572\" tabindex=\"0\" hidden=\"hidden\"><h3>\u00a0<\/h3><p><span style=\"color: #000000;\"><strong>materi\u00e1l\u00a0 \u00a0 \u00a0 \u00a0 \u00a0<\/strong>\u00a0 65 % polyester, 35 % bavlna<\/span><\/p><p><strong><span style=\"color: #000000;\">zateplen\u00ed\u00a0\u00a0\u00a0\u00a0\u00a0\u00a0\u00a0\u00a0 <\/span><\/strong><span style=\"color: #000000;\">flanel 100 % bavlna<\/span><\/p><p><strong><span style=\"color: #000000;\">gram\u00e1\u017e\u00a0 \u00a0 \u00a0 \u00a0\u00a0 \u00a0\u00a0 <\/span><\/strong><span style=\"color: #000000;\">270 g\/m\u00b2<\/span><\/p><p><span style=\"color: #000000;\"><strong>norma\u00a0\u00a0\u00a0\u00a0\u00a0\u00a0\u00a0\u00a0\u00a0\u00a0\u00a0 \u00a0 <\/strong>\u010cSN EN ISO 13688<strong><br \/><\/strong><\/span><\/p><p><span style=\"color: #000000;\"><strong>v\u00fdrobce \u00a0 \u00a0 \u00a0 \u00a0 \u00a0 <\/strong>CXS\u00ae<\/span><\/p><\/div>\n\t\t\t\t\t\t\t\t\t<div class=\"elementor-tab-title elementor-tab-mobile-title\" aria-selected=\"false\" data-tab=\"3\" role=\"tab\" tabindex=\"-1\" aria-controls=\"elementor-tab-content-2573\" aria-expanded=\"false\">dokumenty<\/div>\n\t\t\t\t\t<div id=\"elementor-tab-content-2573\" class=\"elementor-tab-content elementor-clearfix\" data-tab=\"3\" role=\"tabpanel\" aria-labelledby=\"elementor-tab-title-2573\" tabindex=\"0\" hidden=\"hidden\"><h3>\u00a0<\/h3><p><a href=\"https:\/\/www.canis.cz\/imgserver\/eshop\/CANIS\/19\/2000000352\/38253_DEKLARACE%20EU.PDF\" target=\"_blank\" rel=\"noopener\">prohl\u00e1\u0161en\u00ed o shod\u011b<\/a><\/p><p><a href=\"https:\/\/www.canis.cz\/imgserver\/eshop\/CANIS\/19\/2000000352\/38253_PRODUCT.PDF\" target=\"_blank\" rel=\"noopener\">manual<\/a><\/p><\/div>\n\t\t\t\t\t\t\t\t\t<div class=\"elementor-tab-title elementor-tab-mobile-title\" aria-selected=\"false\" data-tab=\"4\" role=\"tab\" tabindex=\"-1\" aria-controls=\"elementor-tab-content-2574\" aria-expanded=\"false\">rozm\u011bry produktu<\/div>\n\t\t\t\t\t<div id=\"elementor-tab-content-2574\" class=\"elementor-tab-content elementor-clearfix\" data-tab=\"4\" role=\"tabpanel\" aria-labelledby=\"elementor-tab-title-2574\" tabindex=\"0\" hidden=\"hidden\"><p>\u00a0<\/p><p><span style=\"color: #000000;\"><strong>rozm\u011bry kalhot SIRIUS BRIGHTON na v\u00fd\u0161ku postavy 176 cm &#8211; 182 cm <br \/><\/strong><\/span><\/p><p><span style=\"color: #000000;\"><strong>velikost<\/strong> \u00a0 \u00a0 \u00a0 \u00a0 \u00a0 \u00a0 \u00a0 \u00a0 \u00a0 \u00a0 \u00a0 \u00a0 \u00a0\u00a0 44 &#8211; 46 \u00a0\u00a0\u00a0\u00a0\u00a0\u00a0 I\u00a0\u00a0\u00a0\u00a0\u00a0\u00a0\u00a0 <span style=\"color: #1a1adb;\">48 &#8211;<\/span> <span style=\"color: #1a1adb;\">50<\/span> \u00a0 \u00a0 \u00a0\u00a0 I\u00a0\u00a0\u00a0\u00a0\u00a0\u00a0\u00a0 52 &#8211; 54 \u00a0\u00a0\u00a0\u00a0\u00a0\u00a0 I\u00a0\u00a0\u00a0\u00a0\u00a0\u00a0\u00a0 <span style=\"color: #1a1adb;\">56 &#8211;<\/span> <span style=\"color: #1a1adb;\">58 \u00a0\u00a0\u00a0\u00a0\u00a0\u00a0 <span style=\"color: #000000;\">I\u00a0\u00a0\u00a0\u00a0\u00a0\u00a0\u00a0 60 &#8211; 62<\/span><\/span> \u00a0\u00a0\u00a0\u00a0\u00a0\u00a0 I\u00a0\u00a0\u00a0\u00a0\u00a0\u00a0\u00a0 <span style=\"color: #1a1adb;\">64 &#8211; 66<\/span>\u00a0\u00a0\u00a0\u00a0\u00a0\u00a0 I\u00a0\u00a0\u00a0 \u00a0 \u00a0 \u00a0\u00a0 68<\/span><\/p><p><span style=\"color: #000000;\"><strong>obvod pasu*<\/strong> \u00a0\u00a0 \u00a0\u00a0\u00a0\u00a0\u00a0 \u00a0 \u00a0 \u00a0 \u00a0\u00a0\u00a0\u00a0\u00a0 \u00a0 90 \u00a0\u00a0 \u00a0 \u00a0 \u00a0\u00a0 \u00a0\u00a0\u00a0\u00a0 \u00a0 \u00a0 \u00a0 \u00a0 \u00a0 <span style=\"color: #1a1adb;\">98<\/span> \u00a0\u00a0 \u00a0 \u00a0 \u00a0 \u00a0\u00a0 \u00a0\u00a0\u00a0 \u00a0 \u00a0 \u00a0\u00a0 106\u00a0 \u00a0\u00a0\u00a0\u00a0\u00a0 \u00a0 \u00a0\u00a0\u00a0 \u00a0\u00a0 \u00a0 \u00a0 \u00a0\u00a0 <span style=\"color: #1a1adb;\">114<\/span> \u00a0\u00a0\u00a0\u00a0\u00a0\u00a0\u00a0 \u00a0\u00a0 \u00a0\u00a0\u00a0\u00a0 \u00a0\u00a0\u00a0\u00a0 \u00a0\u00a0 122 \u00a0 \u00a0\u00a0 \u00a0\u00a0\u00a0\u00a0\u00a0\u00a0\u00a0\u00a0\u00a0\u00a0\u00a0 \u00a0 \u00a0\u00a0 \u00a0 <span style=\"color: #1a1adb;\">130<\/span>\u00a0\u00a0\u00a0\u00a0\u00a0\u00a0\u00a0\u00a0\u00a0\u00a0\u00a0\u00a0 \u00a0 \u00a0 \u00a0 \u00a0\u00a0 138<\/span><\/p><p><span style=\"color: #000000;\"><strong>obvod sedu*<\/strong> \u00a0\u00a0 \u00a0 \u00a0 \u00a0 \u00a0 \u00a0\u00a0\u00a0\u00a0 \u00a0 \u00a0 \u00a0 104 \u00a0\u00a0 \u00a0 \u00a0\u00a0\u00a0 \u00a0 \u00a0\u00a0 \u00a0 \u00a0 \u00a0 \u00a0 \u00a0 <span style=\"color: #1a1adb;\">112<\/span>\u00a0 \u00a0\u00a0\u00a0\u00a0\u00a0\u00a0\u00a0\u00a0\u00a0\u00a0\u00a0\u00a0 \u00a0\u00a0 \u00a0 \u00a0 \u00a0 120 \u00a0\u00a0 \u00a0 \u00a0\u00a0 \u00a0 \u00a0 \u00a0 \u00a0\u00a0 \u00a0 \u00a0 \u00a0 <span style=\"color: #1a1adb;\">124<\/span> \u00a0 \u00a0\u00a0\u00a0 \u00a0 \u00a0 \u00a0\u00a0\u00a0 \u00a0 \u00a0\u00a0\u00a0\u00a0\u00a0\u00a0 128 \u00a0 \u00a0\u00a0 \u00a0\u00a0\u00a0 \u00a0 \u00a0\u00a0 \u00a0\u00a0 \u00a0 \u00a0\u00a0\u00a0\u00a0 <span style=\"color: #1a1adb;\">136<\/span> \u00a0\u00a0\u00a0\u00a0\u00a0 \u00a0 \u00a0\u00a0 \u00a0 \u00a0\u00a0\u00a0\u00a0\u00a0\u00a0\u00a0 144 \u00a0\u00a0\u00a0\u00a0\u00a0\u00a0\u00a0\u00a0\u00a0\u00a0\u00a0\u00a0\u00a0\u00a0 <br \/><\/span><\/p><p><span style=\"color: #000000;\"><strong>d\u00e9lka kalhot u v\u0161ech velikost\u00ed 111 cm<\/strong><\/span><\/p><p><span style=\"color: #000000;\"><strong>* v cm<\/strong><\/span><\/p><\/div>\n\t\t\t\t\t\t\t<\/div>\n\t\t<\/div>\n\t\t\t\t\t\t<\/div>\n\t\t\t\t<\/div>\n\t\t\t\t\t<\/div>\n\t\t<\/div>\n\t\t\t\t<div class=\"elementor-column elementor-col-33 elementor-top-column elementor-element elementor-element-fa7095c\" data-id=\"fa7095c\" data-element_type=\"column\" data-e-type=\"column\" data-settings=\"{&quot;background_background&quot;:&quot;classic&quot;}\">\n\t\t\t<div class=\"elementor-widget-wrap elementor-element-populated\">\n\t\t\t\t\t\t<div class=\"elementor-element elementor-element-b4807f5 elementor-widget elementor-widget-text-editor\" data-id=\"b4807f5\" data-element_type=\"widget\" data-e-type=\"widget\" data-widget_type=\"text-editor.default\">\n\t\t\t\t<div class=\"elementor-widget-container\">\n\t\t\t\t\t\t\t\t\t<p><span style=\"color: #000000;\">produkt zna\u010dky<\/span><\/p>\t\t\t\t\t\t\t\t<\/div>\n\t\t\t\t<\/div>\n\t\t\t\t<div class=\"elementor-element elementor-element-9bd43bf elementor-widget elementor-widget-image\" data-id=\"9bd43bf\" data-element_type=\"widget\" data-e-type=\"widget\" data-widget_type=\"image.default\">\n\t\t\t\t<div class=\"elementor-widget-container\">\n\t\t\t\t\t\t\t\t\t\t\t\t\t\t\t<img fetchpriority=\"high\" decoding=\"async\" width=\"1024\" height=\"896\" src=\"https:\/\/kucera.stoweb.cz\/wp-content\/uploads\/2022\/01\/cxs_black_png-1024x896.png\" class=\"attachment-large size-large wp-image-19262\" alt=\"\" srcset=\"https:\/\/kucera.stoweb.cz\/wp-content\/uploads\/2022\/01\/cxs_black_png-1024x896.png 1024w, https:\/\/kucera.stoweb.cz\/wp-content\/uploads\/2022\/01\/cxs_black_png-300x262.png 300w, https:\/\/kucera.stoweb.cz\/wp-content\/uploads\/2022\/01\/cxs_black_png-600x525.png 600w, https:\/\/kucera.stoweb.cz\/wp-content\/uploads\/2022\/01\/cxs_black_png-768x672.png 768w, https:\/\/kucera.stoweb.cz\/wp-content\/uploads\/2022\/01\/cxs_black_png-1536x1344.png 1536w, https:\/\/kucera.stoweb.cz\/wp-content\/uploads\/2022\/01\/cxs_black_png.png 1622w\" sizes=\"(max-width: 1024px) 100vw, 1024px\" \/>\t\t\t\t\t\t\t\t\t\t\t\t\t\t\t<\/div>\n\t\t\t\t<\/div>\n\t\t\t\t\t<\/div>\n\t\t<\/div>\n\t\t\t\t\t<\/div>\n\t\t<\/section>\n\t\t\t\t<section class=\"elementor-section elementor-top-section elementor-element elementor-element-1d3ae9c elementor-hidden-tablet elementor-hidden-mobile elementor-section-boxed elementor-section-height-default elementor-section-height-default\" data-id=\"1d3ae9c\" data-element_type=\"section\" data-e-type=\"section\">\n\t\t\t\t\t\t<div class=\"elementor-container elementor-column-gap-default\">\n\t\t\t\t\t<div class=\"elementor-column elementor-col-25 elementor-top-column elementor-element elementor-element-e69a1f4\" data-id=\"e69a1f4\" data-element_type=\"column\" data-e-type=\"column\" data-settings=\"{&quot;background_background&quot;:&quot;classic&quot;}\">\n\t\t\t<div class=\"elementor-widget-wrap elementor-element-populated\">\n\t\t\t\t\t\t<div class=\"elementor-element elementor-element-a84ab8a elementor-widget elementor-widget-text-editor\" data-id=\"a84ab8a\" data-element_type=\"widget\" data-e-type=\"widget\" data-widget_type=\"text-editor.default\">\n\t\t\t\t<div class=\"elementor-widget-container\">\n\t\t\t\t\t\t\t\t\t<p><span lang=\"EN\" style=\"color: #000000;\">ochrann\u00e9 od\u011bvy &#8211; v\u0161eobecn\u00e9 po\u017eadavky <br \/><\/span><\/p><p><span lang=\"EN\" style=\"color: #000000;\">EN ISO 13688 : 2013 <\/span><span lang=\"EN\" style=\"color: #000000;\"><span lang=\"EN\">\u00a0\u00a0\u00a0\u00a0\u00a0\u00a0\u00a0<\/span> <\/span><\/p>\t\t\t\t\t\t\t\t<\/div>\n\t\t\t\t<\/div>\n\t\t\t\t\t<\/div>\n\t\t<\/div>\n\t\t\t\t<div class=\"elementor-column elementor-col-25 elementor-top-column elementor-element elementor-element-6414b99\" data-id=\"6414b99\" data-element_type=\"column\" data-e-type=\"column\" data-settings=\"{&quot;background_background&quot;:&quot;classic&quot;}\">\n\t\t\t<div class=\"elementor-widget-wrap elementor-element-populated\">\n\t\t\t\t\t\t<div class=\"elementor-element elementor-element-7318662 elementor-widget elementor-widget-image\" data-id=\"7318662\" data-element_type=\"widget\" data-e-type=\"widget\" data-widget_type=\"image.default\">\n\t\t\t\t<div class=\"elementor-widget-container\">\n\t\t\t\t\t\t\t\t\t\t\t\t\t\t\t<img decoding=\"async\" width=\"69\" height=\"69\" src=\"https:\/\/kucera.stoweb.cz\/wp-content\/uploads\/2021\/10\/symbol-zimy.png\" class=\"attachment-large size-large wp-image-13655\" alt=\"\" \/>\t\t\t\t\t\t\t\t\t\t\t\t\t\t\t<\/div>\n\t\t\t\t<\/div>\n\t\t\t\t\t<\/div>\n\t\t<\/div>\n\t\t\t\t<div class=\"elementor-column elementor-col-25 elementor-top-column elementor-element elementor-element-5f06e8e\" data-id=\"5f06e8e\" data-element_type=\"column\" data-e-type=\"column\" data-settings=\"{&quot;background_background&quot;:&quot;classic&quot;}\">\n\t\t\t<div class=\"elementor-widget-wrap\">\n\t\t\t\t\t\t\t<\/div>\n\t\t<\/div>\n\t\t\t\t<div class=\"elementor-column elementor-col-25 elementor-top-column elementor-element elementor-element-1586308\" data-id=\"1586308\" data-element_type=\"column\" data-e-type=\"column\" data-settings=\"{&quot;background_background&quot;:&quot;classic&quot;}\">\n\t\t\t<div class=\"elementor-widget-wrap\">\n\t\t\t\t\t\t\t<\/div>\n\t\t<\/div>\n\t\t\t\t\t<\/div>\n\t\t<\/section>\n\t\t\t\t<\/div>\n\t\t","protected":false},"excerpt":{"rendered":"<h6><span style=\"color: #000000;\">katalogov\u00e9 \u010d\u00edslo<strong> 29205<\/strong><strong><br \/>\n<\/strong><\/span><\/h6>\n<h6><span style=\"color: #000000;\">k\u00f3d v\u00fdrobce<strong> 1030-014-802<\/strong><\/span><\/h6>\n<p>&nbsp;<\/p>\n","protected":false},"featured_media":34165,"comment_status":"closed","ping_status":"closed","template":"","meta":{"ocean_post_layout":"","ocean_both_sidebars_style":"","ocean_both_sidebars_content_width":0,"ocean_both_sidebars_sidebars_width":0,"ocean_sidebar":"0","ocean_second_sidebar":"0","ocean_disable_margins":"enable","ocean_add_body_class":"","ocean_shortcode_before_top_bar":"","ocean_shortcode_after_top_bar":"","ocean_shortcode_before_header":"","ocean_shortcode_after_header":"","ocean_has_shortcode":"","ocean_shortcode_after_title":"","ocean_shortcode_before_footer_widgets":"","ocean_shortcode_after_footer_widgets":"","ocean_shortcode_before_footer_bottom":"","ocean_shortcode_after_footer_bottom":"","ocean_display_top_bar":"default","ocean_display_header":"default","ocean_header_style":"","ocean_center_header_left_menu":"0","ocean_custom_header_template":"0","ocean_custom_logo":0,"ocean_custom_retina_logo":0,"ocean_custom_logo_max_width":0,"ocean_custom_logo_tablet_max_width":0,"ocean_custom_logo_mobile_max_width":0,"ocean_custom_logo_max_height":0,"ocean_custom_logo_tablet_max_height":0,"ocean_custom_logo_mobile_max_height":0,"ocean_header_custom_menu":"0","ocean_menu_typo_font_family":"0","ocean_menu_typo_font_subset":"","ocean_menu_typo_font_size":0,"ocean_menu_typo_font_size_tablet":0,"ocean_menu_typo_font_size_mobile":0,"ocean_menu_typo_font_size_unit":"px","ocean_menu_typo_font_weight":"","ocean_menu_typo_font_weight_tablet":"","ocean_menu_typo_font_weight_mobile":"","ocean_menu_typo_transform":"","ocean_menu_typo_transform_tablet":"","ocean_menu_typo_transform_mobile":"","ocean_menu_typo_line_height":0,"ocean_menu_typo_line_height_tablet":0,"ocean_menu_typo_line_height_mobile":0,"ocean_menu_typo_line_height_unit":"","ocean_menu_typo_spacing":0,"ocean_menu_typo_spacing_tablet":0,"ocean_menu_typo_spacing_mobile":0,"ocean_menu_typo_spacing_unit":"","ocean_menu_link_color":"","ocean_menu_link_color_hover":"","ocean_menu_link_color_active":"","ocean_menu_link_background":"","ocean_menu_link_hover_background":"","ocean_menu_link_active_background":"","ocean_menu_social_links_bg":"","ocean_menu_social_hover_links_bg":"","ocean_menu_social_links_color":"","ocean_menu_social_hover_links_color":"","ocean_disable_title":"default","ocean_disable_heading":"enable","ocean_post_title":"","ocean_post_subheading":"","ocean_post_title_style":"","ocean_post_title_background_color":"","ocean_post_title_background":0,"ocean_post_title_bg_image_position":"","ocean_post_title_bg_image_attachment":"","ocean_post_title_bg_image_repeat":"","ocean_post_title_bg_image_size":"","ocean_post_title_height":0,"ocean_post_title_bg_overlay":0.5,"ocean_post_title_bg_overlay_color":"","ocean_disable_breadcrumbs":"on","ocean_breadcrumbs_color":"","ocean_breadcrumbs_separator_color":"","ocean_breadcrumbs_links_color":"","ocean_breadcrumbs_links_hover_color":"","ocean_display_footer_widgets":"on","ocean_display_footer_bottom":"default","ocean_custom_footer_template":"0"},"product_brand":[],"product_cat":[179,283],"product_tag":[],"class_list":{"0":"post-163478","1":"product","2":"type-product","3":"status-publish","4":"has-post-thumbnail","6":"product_cat-odevy","7":"product_cat-zimni-odevy","8":"pa_barva-cerno-zluta","9":"pa_vel-44-46","10":"pa_vel-48-50","11":"pa_vel-52-54","12":"pa_vel-56-58","13":"pa_vel-60-62","15":"entry","16":"has-media","18":"first","19":"instock","20":"taxable","21":"shipping-taxable","22":"purchasable","23":"product-type-variable","24":"col","25":"span_1_of_4","26":"owp-content-left","27":"owp-thumbs-layout-horizontal","28":"owp-btn-big","29":"owp-tabs-layout-horizontal"},"_links":{"self":[{"href":"https:\/\/kucera.stoweb.cz\/index.php\/wp-json\/wp\/v2\/product\/163478","targetHints":{"allow":["GET"]}}],"collection":[{"href":"https:\/\/kucera.stoweb.cz\/index.php\/wp-json\/wp\/v2\/product"}],"about":[{"href":"https:\/\/kucera.stoweb.cz\/index.php\/wp-json\/wp\/v2\/types\/product"}],"replies":[{"embeddable":true,"href":"https:\/\/kucera.stoweb.cz\/index.php\/wp-json\/wp\/v2\/comments?post=163478"}],"version-history":[{"count":3,"href":"https:\/\/kucera.stoweb.cz\/index.php\/wp-json\/wp\/v2\/product\/163478\/revisions"}],"predecessor-version":[{"id":163794,"href":"https:\/\/kucera.stoweb.cz\/index.php\/wp-json\/wp\/v2\/product\/163478\/revisions\/163794"}],"wp:featuredmedia":[{"embeddable":true,"href":"https:\/\/kucera.stoweb.cz\/index.php\/wp-json\/wp\/v2\/media\/34165"}],"wp:attachment":[{"href":"https:\/\/kucera.stoweb.cz\/index.php\/wp-json\/wp\/v2\/media?parent=163478"}],"wp:term":[{"taxonomy":"product_brand","embeddable":true,"href":"https:\/\/kucera.stoweb.cz\/index.php\/wp-json\/wp\/v2\/product_brand?post=163478"},{"taxonomy":"product_cat","embeddable":true,"href":"https:\/\/kucera.stoweb.cz\/index.php\/wp-json\/wp\/v2\/product_cat?post=163478"},{"taxonomy":"product_tag","embeddable":true,"href":"https:\/\/kucera.stoweb.cz\/index.php\/wp-json\/wp\/v2\/product_tag?post=163478"}],"curies":[{"name":"wp","href":"https:\/\/api.w.org\/{rel}","templated":true}]}}