{"id":145879,"date":"2024-10-03T10:16:41","date_gmt":"2024-10-03T08:16:41","guid":{"rendered":"https:\/\/kucera.stoweb.cz\/?post_type=product&#038;p=145879"},"modified":"2024-10-07T09:08:02","modified_gmt":"2024-10-07T07:08:02","slug":"cityconic-softshellove-kalhoty-do-pasu-damske-cerne","status":"publish","type":"product","link":"https:\/\/kucera.stoweb.cz\/index.php\/produkt\/cityconic-softshellove-kalhoty-do-pasu-damske-cerne\/","title":{"rendered":"CITYCONIC softshellov\u00e9 kalhoty do pasu d\u00e1msk\u00e9 \u010dern\u00e9"},"content":{"rendered":"\t\t<div data-elementor-type=\"wp-post\" data-elementor-id=\"145879\" class=\"elementor elementor-145879\" data-elementor-post-type=\"product\">\n\t\t\t\t\t\t<section class=\"elementor-section elementor-top-section elementor-element elementor-element-8048477 elementor-hidden-tablet elementor-hidden-mobile elementor-section-boxed elementor-section-height-default elementor-section-height-default\" data-id=\"8048477\" data-element_type=\"section\" data-e-type=\"section\">\n\t\t\t\t\t\t<div class=\"elementor-container elementor-column-gap-default\">\n\t\t\t\t\t<div class=\"elementor-column elementor-col-66 elementor-top-column elementor-element elementor-element-9aa0ed9\" data-id=\"9aa0ed9\" data-element_type=\"column\" data-e-type=\"column\">\n\t\t\t<div class=\"elementor-widget-wrap elementor-element-populated\">\n\t\t\t\t\t\t<div class=\"elementor-element elementor-element-4c61de7 elementor-hidden-tablet elementor-hidden-mobile elementor-tabs-view-horizontal elementor-widget elementor-widget-tabs\" data-id=\"4c61de7\" data-element_type=\"widget\" data-e-type=\"widget\" data-settings=\"{&quot;_animation&quot;:&quot;none&quot;}\" data-widget_type=\"tabs.default\">\n\t\t\t\t<div class=\"elementor-widget-container\">\n\t\t\t\t\t\t\t<div class=\"elementor-tabs\">\n\t\t\t<div class=\"elementor-tabs-wrapper\" role=\"tablist\" >\n\t\t\t\t\t\t\t\t\t<div id=\"elementor-tab-title-8001\" class=\"elementor-tab-title elementor-tab-desktop-title\" aria-selected=\"true\" data-tab=\"1\" role=\"tab\" tabindex=\"0\" aria-controls=\"elementor-tab-content-8001\" aria-expanded=\"false\">popis produktu<\/div>\n\t\t\t\t\t\t\t\t\t<div id=\"elementor-tab-title-8002\" class=\"elementor-tab-title elementor-tab-desktop-title\" aria-selected=\"false\" data-tab=\"2\" role=\"tab\" tabindex=\"-1\" aria-controls=\"elementor-tab-content-8002\" aria-expanded=\"false\">technick\u00e9 parametry<\/div>\n\t\t\t\t\t\t\t\t\t<div id=\"elementor-tab-title-8003\" class=\"elementor-tab-title elementor-tab-desktop-title\" aria-selected=\"false\" data-tab=\"3\" role=\"tab\" tabindex=\"-1\" aria-controls=\"elementor-tab-content-8003\" aria-expanded=\"false\">dokumenty<\/div>\n\t\t\t\t\t\t\t\t\t<div id=\"elementor-tab-title-8004\" class=\"elementor-tab-title elementor-tab-desktop-title\" aria-selected=\"false\" data-tab=\"4\" role=\"tab\" tabindex=\"-1\" aria-controls=\"elementor-tab-content-8004\" aria-expanded=\"false\">tabulka velikost\u00ed<\/div>\n\t\t\t\t\t\t\t<\/div>\n\t\t\t<div class=\"elementor-tabs-content-wrapper\" role=\"tablist\" aria-orientation=\"vertical\">\n\t\t\t\t\t\t\t\t\t<div class=\"elementor-tab-title elementor-tab-mobile-title\" aria-selected=\"true\" data-tab=\"1\" role=\"tab\" tabindex=\"0\" aria-controls=\"elementor-tab-content-8001\" aria-expanded=\"false\">popis produktu<\/div>\n\t\t\t\t\t<div id=\"elementor-tab-content-8001\" class=\"elementor-tab-content elementor-clearfix\" data-tab=\"1\" role=\"tabpanel\" aria-labelledby=\"elementor-tab-title-8001\" tabindex=\"0\" hidden=\"false\"><h3>\u00a0<\/h3><p><strong><span style=\"color: #000000;\">d\u00e1msk\u00e9 softshellov\u00e9 kalhoty v propracovan\u00e9m \u0161t\u00edhl\u00e9m st\u0159ihu SLIM FIT<\/span><\/strong><\/p><p><span style=\"color: #000000;\">\u010dty\u0159sm\u011brn\u011b elastick\u00fd softshell ElasticTech\u00aeActive v kombinaci s funk\u010dn\u00edm tvarov\u00e1n\u00edm kalhot zajist\u00ed skv\u011bl\u00e9 p\u0159izp\u016fsoben\u00ed pohybu<\/span><\/p><p><span style=\"color: #000000;\">kalhoty jsou vhodn\u00e9 i do n\u00e1ro\u010dn\u00fdch klimatick\u00fdch podm\u00ednek, jsou vodoodpudiv\u00e9 a sou\u010dasn\u011b prody\u0161n\u00e9<\/span><\/p><p><span style=\"color: #000000;\">speci\u00e1ln\u00ed vnit\u0159n\u00ed vrstva zaru\u010duje vysok\u00fd komfort p\u0159i no\u0161en\u00ed<\/span><\/p><p><span style=\"color: #000000;\">zadn\u00ed d\u00edl \u010dlen\u00ed sedlo<\/span><\/p><p><span style=\"color: #000000;\">na p\u0159edn\u00edm d\u00edlu nohavic jsou um\u00edst\u011bn\u00e9 2 zipov\u00e9 kapsy<\/span><\/p><p><span style=\"color: #000000;\">bo\u010dn\u00ed ventila\u010dn\u00ed zipy<\/span><\/p><p><span style=\"color: #000000;\">pru\u017en\u00fd obvod pasu<\/span><\/p><p><span style=\"color: #000000;\">zv\u00fd\u0161enou bezpe\u010dnost zaji\u0161\u0165uj\u00ed reflexn\u00ed 3D potisky<\/span><\/p><p><span style=\"color: #000000;\">velikost <strong>34-52<\/strong><\/span><\/p><\/div>\n\t\t\t\t\t\t\t\t\t<div class=\"elementor-tab-title elementor-tab-mobile-title\" aria-selected=\"false\" data-tab=\"2\" role=\"tab\" tabindex=\"-1\" aria-controls=\"elementor-tab-content-8002\" aria-expanded=\"false\">technick\u00e9 parametry<\/div>\n\t\t\t\t\t<div id=\"elementor-tab-content-8002\" class=\"elementor-tab-content elementor-clearfix\" data-tab=\"2\" role=\"tabpanel\" aria-labelledby=\"elementor-tab-title-8002\" tabindex=\"0\" hidden=\"hidden\"><h3>\u00a0<\/h3><p><span style=\"color: #000000;\"><strong>materi\u00e1l \u00a0\u00a0 \u00a0 \u00a0 \u00a0 \u00a0 \u00a0\u00a0 \u00a0 \u00a0 \u00a0\u00a0 \u00a0 <\/strong>92 % nylon, 8 % elastan<\/span><\/p><p><span style=\"color: #000000;\"><strong>gram\u00e1\u017e<\/strong> \u00a0 \u00a0 \u00a0 \u00a0 \u00a0 \u00a0 \u00a0 \u00a0 \u00a0 \u00a0 \u00a0\u00a0 \u00a0\u00a0 220 g\/m\u00b2<\/span><\/p><p><strong><span style=\"color: #000000;\">norma\u00a0\u00a0\u00a0\u00a0\u00a0\u00a0\u00a0\u00a0\u00a0\u00a0\u00a0\u00a0\u00a0\u00a0\u00a0 \u00a0 \u00a0 \u00a0 \u00a0 \u00a0\u00a0 <\/span><\/strong><span style=\"color: #000000;\"> EN ISO 13688 : 2013<br \/><\/span><\/p><p><span style=\"color: #000000;\"><strong>v\u00fdrobce\u00a0 \u00a0 \u00a0 \u00a0 \u00a0 \u00a0 \u00a0 \u00a0 \u00a0 \u00a0 \u00a0 \u00a0 <\/strong>ARDON<\/span><\/p><\/div>\n\t\t\t\t\t\t\t\t\t<div class=\"elementor-tab-title elementor-tab-mobile-title\" aria-selected=\"false\" data-tab=\"3\" role=\"tab\" tabindex=\"-1\" aria-controls=\"elementor-tab-content-8003\" aria-expanded=\"false\">dokumenty<\/div>\n\t\t\t\t\t<div id=\"elementor-tab-content-8003\" class=\"elementor-tab-content elementor-clearfix\" data-tab=\"3\" role=\"tabpanel\" aria-labelledby=\"elementor-tab-title-8003\" tabindex=\"0\" hidden=\"hidden\"><h3>\u00a0<\/h3><p><a href=\"https:\/\/www.ardon.cz\/eshop\/download\/product-attachment?id=22973\" target=\"_blank\" rel=\"noopener\"><span style=\"color: #000000;\">prohl\u00e1\u0161en\u00ed o shod\u011b<\/span><\/a><\/p><p><span style=\"color: #000000;\"><a style=\"color: #000000;\" href=\"https:\/\/www.ardon.cz\/eshop\/download\/product-attachment?id=22975\" target=\"_blank\" rel=\"noopener\">technick\u00fd list<\/a><\/span><\/p><\/div>\n\t\t\t\t\t\t\t\t\t<div class=\"elementor-tab-title elementor-tab-mobile-title\" aria-selected=\"false\" data-tab=\"4\" role=\"tab\" tabindex=\"-1\" aria-controls=\"elementor-tab-content-8004\" aria-expanded=\"false\">tabulka velikost\u00ed<\/div>\n\t\t\t\t\t<div id=\"elementor-tab-content-8004\" class=\"elementor-tab-content elementor-clearfix\" data-tab=\"4\" role=\"tabpanel\" aria-labelledby=\"elementor-tab-title-8004\" tabindex=\"0\" hidden=\"hidden\"><h3>\u00a0<\/h3><p><span style=\"color: #000000;\"><strong>d\u00e1msk\u00e9 velikosti kalhot<\/strong> <strong><br \/><\/strong><\/span><\/p><p><span style=\"color: #000000;\"><strong>velikost \u00a0 \u00a0 \u00a0 \u00a0 \u00a0 \u00a0\u00a0\u00a0\u00a0\u00a0 <\/strong><span style=\"color: #1a1adb;\">34\u00a0<\/span>\u00a0\u00a0\u00a0\u00a0 I\u00a0\u00a0\u00a0\u00a0\u00a0 36\u00a0\u00a0\u00a0\u00a0\u00a0 I\u00a0\u00a0\u00a0\u00a0\u00a0 <span style=\"color: #1a1adb;\">38\u00a0<\/span>\u00a0\u00a0\u00a0\u00a0 I\u00a0\u00a0\u00a0\u00a0\u00a0 40\u00a0\u00a0\u00a0\u00a0\u00a0 I\u00a0\u00a0\u00a0\u00a0\u00a0 <span style=\"color: #1a1adb;\">42<\/span>\u00a0\u00a0\u00a0\u00a0\u00a0 I\u00a0\u00a0\u00a0\u00a0\u00a0 44\u00a0\u00a0\u00a0\u00a0\u00a0 I\u00a0\u00a0\u00a0\u00a0\u00a0 <span style=\"color: #1a1adb;\">46<\/span>\u00a0\u00a0\u00a0\u00a0\u00a0 I\u00a0\u00a0\u00a0\u00a0\u00a0 48\u00a0\u00a0\u00a0\u00a0\u00a0 I\u00a0\u00a0\u00a0\u00a0\u00a0 <span style=\"color: #1a1adb;\">50\u00a0<\/span>\u00a0\u00a0\u00a0\u00a0 I\u00a0\u00a0\u00a0\u00a0\u00a0 52\u00a0\u00a0\u00a0\u00a0\u00a0 I\u00a0\u00a0\u00a0\u00a0\u00a0 <span style=\"color: #1a1adb;\">54<\/span>\u00a0\u00a0\u00a0\u00a0\u00a0 I\u00a0\u00a0\u00a0\u00a0\u00a0 56\u00a0\u00a0\u00a0\u00a0\u00a0 I\u00a0\u00a0\u00a0\u00a0\u00a0 <span style=\"color: #1a1adb;\">58<\/span>\u00a0\u00a0\u00a0\u00a0\u00a0 I\u00a0\u00a0\u00a0\u00a0\u00a0 60\u00a0\u00a0\u00a0\u00a0\u00a0 I \u00a0\u00a0\u00a0\u00a0 <span style=\"color: #1a1adb;\">62<\/span>\u00a0\u00a0\u00a0\u00a0\u00a0 I\u00a0\u00a0\u00a0\u00a0\u00a0 64\u00a0\u00a0\u00a0\u00a0\u00a0 I<\/span><\/p><p><span style=\"color: #000000;\"><strong>obvod pasu*<\/strong> \u00a0\u00a0\u00a0\u00a0\u00a0 \u00a0 <span style=\"color: #1a1adb;\">64<\/span> \u00a0 \u00a0 \u00a0 \u00a0 \u00a0 \u00a0 68 \u00a0 \u00a0 \u00a0 \u00a0 \u00a0\u00a0\u00a0 <span style=\"color: #1a1adb;\">72<\/span> \u00a0 \u00a0 \u00a0 \u00a0 \u00a0 \u00a0 76 \u00a0 \u00a0 \u00a0 \u00a0 \u00a0\u00a0 \u00a0 <span style=\"color: #1a1adb;\">80<\/span> \u00a0 \u00a0 \u00a0 \u00a0 \u00a0 \u00a0 84 \u00a0 \u00a0 \u00a0 \u00a0\u00a0 \u00a0\u00a0 <span style=\"color: #1a1adb;\">88<\/span> \u00a0 \u00a0 \u00a0 \u00a0 \u00a0\u00a0\u00a0 92\u00a0\u00a0 \u00a0 \u00a0 \u00a0 \u00a0 \u00a0 <span style=\"color: #1a1adb;\">96<\/span> \u00a0\u00a0\u00a0\u00a0\u00a0\u00a0\u00a0\u00a0\u00a0\u00a0 100 \u00a0 \u00a0 \u00a0 \u00a0\u00a0 \u00a0 <span style=\"color: #1a1adb;\">104<\/span> \u00a0\u00a0\u00a0\u00a0\u00a0\u00a0\u00a0\u00a0\u00a0 108 \u00a0 \u00a0 \u00a0\u00a0 \u00a0\u00a0\u00a0 <span style=\"color: #1a1adb;\">112<\/span> \u00a0 \u00a0 \u00a0 \u00a0 \u00a0 \u00a0 116 \u00a0 \u00a0 \u00a0\u00a0 \u00a0 \u00a0 <span style=\"color: #1a1adb;\">120 \u00a0<\/span> \u00a0 \u00a0 \u00a0\u00a0 \u00a0 124<\/span><\/p><p><span style=\"color: #000000;\"><strong>obvod bok\u016f*\u00a0 <\/strong>\u00a0\u00a0 \u00a0\u00a0 <span style=\"color: #1a1adb;\">88<\/span>\u00a0\u00a0\u00a0\u00a0\u00a0\u00a0\u00a0\u00a0 \u00a0 \u00a0 92\u00a0 \u00a0 \u00a0 \u00a0 \u00a0 \u00a0\u00a0 <span style=\"color: #1a1adb;\">96\u00a0<\/span>\u00a0\u00a0\u00a0\u00a0\u00a0\u00a0\u00a0\u00a0 \u00a0 100\u00a0\u00a0\u00a0\u00a0 \u00a0\u00a0 \u00a0 \u00a0 <span style=\"color: #1a1adb;\">104\u00a0<\/span>\u00a0\u00a0\u00a0 \u00a0 \u00a0 \u00a0\u00a0 108\u00a0\u00a0\u00a0\u00a0 \u00a0\u00a0 \u00a0 \u00a0 <span style=\"color: #1a1adb;\">112<\/span>\u00a0\u00a0\u00a0\u00a0\u00a0\u00a0 \u00a0 \u00a0 \u00a0 116\u00a0\u00a0\u00a0\u00a0\u00a0\u00a0\u00a0 \u00a0 \u00a0<span style=\"color: #1a1adb;\"> 120\u00a0<\/span>\u00a0\u00a0\u00a0\u00a0\u00a0\u00a0\u00a0\u00a0\u00a0 124\u00a0\u00a0\u00a0\u00a0 \u00a0 \u00a0 \u00a0 \u00a0 <span style=\"color: #1a1adb;\">128<\/span> \u00a0 \u00a0\u00a0 \u00a0 \u00a0 \u00a0 132\u00a0 \u00a0\u00a0\u00a0\u00a0 \u00a0\u00a0\u00a0 <span style=\"color: #1a1adb;\">136<\/span>\u00a0\u00a0 \u00a0 \u00a0\u00a0\u00a0\u00a0\u00a0\u00a0 140 \u00a0 \u00a0 \u00a0 \u00a0 \u00a0 <span style=\"color: #1a1adb;\">144 <\/span>\u00a0\u00a0 \u00a0\u00a0\u00a0\u00a0\u00a0\u00a0\u00a0 148<br \/><\/span><\/p><p><span style=\"color: #000000;\"><strong>* v cm<br \/><\/strong><\/span><\/p><\/div>\n\t\t\t\t\t\t\t<\/div>\n\t\t<\/div>\n\t\t\t\t\t\t<\/div>\n\t\t\t\t<\/div>\n\t\t\t\t\t<\/div>\n\t\t<\/div>\n\t\t\t\t<div class=\"elementor-column elementor-col-33 elementor-top-column elementor-element elementor-element-8f17f41\" data-id=\"8f17f41\" data-element_type=\"column\" data-e-type=\"column\" data-settings=\"{&quot;background_background&quot;:&quot;classic&quot;}\">\n\t\t\t<div class=\"elementor-widget-wrap elementor-element-populated\">\n\t\t\t\t\t\t<div class=\"elementor-element elementor-element-07f1f4a elementor-widget elementor-widget-text-editor\" data-id=\"07f1f4a\" data-element_type=\"widget\" data-e-type=\"widget\" data-widget_type=\"text-editor.default\">\n\t\t\t\t<div class=\"elementor-widget-container\">\n\t\t\t\t\t\t\t\t\t<p><span style=\"color: #000000;\">produkt zna\u010dky<\/span><\/p>\t\t\t\t\t\t\t\t<\/div>\n\t\t\t\t<\/div>\n\t\t\t\t<div class=\"elementor-element elementor-element-3ab6cb9 elementor-widget elementor-widget-image\" data-id=\"3ab6cb9\" data-element_type=\"widget\" data-e-type=\"widget\" data-widget_type=\"image.default\">\n\t\t\t\t<div class=\"elementor-widget-container\">\n\t\t\t\t\t\t\t\t\t\t\t\t\t\t\t<img decoding=\"async\" width=\"170\" height=\"170\" src=\"https:\/\/kucera.stoweb.cz\/wp-content\/uploads\/2022\/06\/ARDON-logo.png\" class=\"attachment-large size-large wp-image-36300\" alt=\"\" srcset=\"https:\/\/kucera.stoweb.cz\/wp-content\/uploads\/2022\/06\/ARDON-logo.png 170w, https:\/\/kucera.stoweb.cz\/wp-content\/uploads\/2022\/06\/ARDON-logo-100x100.png 100w, https:\/\/kucera.stoweb.cz\/wp-content\/uploads\/2022\/06\/ARDON-logo-150x150.png 150w\" sizes=\"(max-width: 170px) 100vw, 170px\" \/>\t\t\t\t\t\t\t\t\t\t\t\t\t\t\t<\/div>\n\t\t\t\t<\/div>\n\t\t\t\t\t<\/div>\n\t\t<\/div>\n\t\t\t\t\t<\/div>\n\t\t<\/section>\n\t\t\t\t<section class=\"elementor-section elementor-top-section elementor-element elementor-element-c8f5555 elementor-hidden-desktop elementor-section-boxed elementor-section-height-default elementor-section-height-default\" data-id=\"c8f5555\" data-element_type=\"section\" data-e-type=\"section\">\n\t\t\t\t\t\t<div class=\"elementor-container elementor-column-gap-default\">\n\t\t\t\t\t<div class=\"elementor-column elementor-col-100 elementor-top-column elementor-element elementor-element-6244af0\" data-id=\"6244af0\" data-element_type=\"column\" data-e-type=\"column\">\n\t\t\t<div class=\"elementor-widget-wrap elementor-element-populated\">\n\t\t\t\t\t\t<div class=\"elementor-element elementor-element-6d0ad68 elementor-widget elementor-widget-text-editor\" data-id=\"6d0ad68\" data-element_type=\"widget\" data-e-type=\"widget\" data-widget_type=\"text-editor.default\">\n\t\t\t\t<div class=\"elementor-widget-container\">\n\t\t\t\t\t\t\t\t\t<h3><strong><span style=\"color: #000080;\">popis produktu<\/span><\/strong><\/h3>\t\t\t\t\t\t\t\t<\/div>\n\t\t\t\t<\/div>\n\t\t\t\t<div class=\"elementor-element elementor-element-92be0a1 elementor-hidden-desktop elementor-widget-tablet__width-initial elementor-widget elementor-widget-text-editor\" data-id=\"92be0a1\" data-element_type=\"widget\" data-e-type=\"widget\" data-widget_type=\"text-editor.default\">\n\t\t\t\t<div class=\"elementor-widget-container\">\n\t\t\t\t\t\t\t\t\t<h3>\u00a0<\/h3><p><span style=\"color: #000000;\"><strong>d\u00e1msk\u00e9 softshellov\u00e9 kalhoty v propracovan\u00e9m \u0161t\u00edhl\u00e9m st\u0159ihu SLIM FIT<\/strong><\/span><\/p><p><span style=\"color: #000000;\">\u010dty\u0159sm\u011brn\u011b elastick\u00fd softshell ElasticTech\u00aeActive v kombinaci s funk\u010dn\u00edm tvarov\u00e1n\u00edm kalhot zajist\u00ed skv\u011bl\u00e9 p\u0159izp\u016fsoben\u00ed pohybu<\/span><\/p><p><span style=\"color: #000000;\">kalhoty jsou vhodn\u00e9 i do n\u00e1ro\u010dn\u00fdch klimatick\u00fdch podm\u00ednek, jsou vodoodpudiv\u00e9 a sou\u010dasn\u011b prody\u0161n\u00e9<\/span><\/p><p><span style=\"color: #000000;\">speci\u00e1ln\u00ed vnit\u0159n\u00ed vrstva zaru\u010duje vysok\u00fd komfort p\u0159i no\u0161en\u00ed<\/span><\/p><p><span style=\"color: #000000;\">zadn\u00ed d\u00edl \u010dlen\u00ed sedlo<\/span><\/p><p><span style=\"color: #000000;\">na p\u0159edn\u00edm d\u00edlu nohavic jsou um\u00edst\u011bn\u00e9 2 zipov\u00e9 kapsy<\/span><\/p><p><span style=\"color: #000000;\">bo\u010dn\u00ed ventila\u010dn\u00ed zipy<\/span><\/p><p><span style=\"color: #000000;\">pru\u017en\u00fd obvod pasu<\/span><\/p><p><span style=\"color: #000000;\">zv\u00fd\u0161enou bezpe\u010dnost zaji\u0161\u0165uj\u00ed reflexn\u00ed 3D potisky<\/span><\/p><p><span style=\"color: #000000;\"><strong>materi\u00e1l \u00a0\u00a0 \u00a0 \u00a0 \u00a0 \u00a0 \u00a0\u00a0 \u00a0 \u00a0 \u00a0\u00a0 \u00a0 <\/strong>92 % nylon, 8 % elastan<\/span><\/p><p><span style=\"color: #000000;\"><strong>gram\u00e1\u017e<\/strong> \u00a0 \u00a0 \u00a0 \u00a0 \u00a0 \u00a0 \u00a0 \u00a0 \u00a0 \u00a0 \u00a0\u00a0 \u00a0\u00a0 220 g\/m\u00b2<\/span><\/p><p><span style=\"color: #000000;\"><strong>norma\u00a0\u00a0\u00a0\u00a0\u00a0\u00a0\u00a0\u00a0\u00a0\u00a0\u00a0\u00a0\u00a0\u00a0\u00a0 \u00a0 \u00a0 \u00a0 \u00a0 \u00a0\u00a0 <\/strong> EN ISO 13688 : 2013<\/span><\/p><p><span style=\"color: #000000;\"><strong>\u00a0<\/strong>velikost\u00a0\u00a0\u00a0\u00a0\u00a0\u00a0\u00a0\u00a0\u00a0\u00a0\u00a0\u00a0\u00a0\u00a0\u00a0\u00a0\u00a0\u00a0\u00a0\u00a0\u00a0\u00a0\u00a0 <strong>34-52<\/strong><\/span><\/p>\t\t\t\t\t\t\t\t<\/div>\n\t\t\t\t<\/div>\n\t\t\t\t\t<\/div>\n\t\t<\/div>\n\t\t\t\t\t<\/div>\n\t\t<\/section>\n\t\t\t\t<section class=\"elementor-section elementor-top-section elementor-element elementor-element-b37aab9 elementor-hidden-tablet elementor-hidden-mobile elementor-section-boxed elementor-section-height-default elementor-section-height-default\" data-id=\"b37aab9\" data-element_type=\"section\" data-e-type=\"section\" data-settings=\"{&quot;background_background&quot;:&quot;classic&quot;}\">\n\t\t\t\t\t\t<div class=\"elementor-container elementor-column-gap-default\">\n\t\t\t\t\t<div class=\"elementor-column elementor-col-25 elementor-top-column elementor-element elementor-element-6ea2088\" data-id=\"6ea2088\" data-element_type=\"column\" data-e-type=\"column\" data-settings=\"{&quot;background_background&quot;:&quot;classic&quot;}\">\n\t\t\t<div class=\"elementor-widget-wrap elementor-element-populated\">\n\t\t\t\t\t\t<div class=\"elementor-element elementor-element-0ff21b2 elementor-widget elementor-widget-text-editor\" data-id=\"0ff21b2\" data-element_type=\"widget\" data-e-type=\"widget\" data-widget_type=\"text-editor.default\">\n\t\t\t\t<div class=\"elementor-widget-container\">\n\t\t\t\t\t\t\t\t\t<p><span lang=\"EN\" style=\"color: #000000;\">ochrann\u00e9 od\u011bvy &#8211; v\u0161eobecn\u00e9 po\u017eadavky <br \/><\/span><\/p><p><span lang=\"EN\" style=\"color: #000000;\">\u010cSN EN ISO 13688 : 2013 <\/span><span lang=\"EN\" style=\"color: #000000;\"><span lang=\"EN\">\u00a0\u00a0\u00a0\u00a0\u00a0\u00a0\u00a0<\/span> <\/span><\/p>\t\t\t\t\t\t\t\t<\/div>\n\t\t\t\t<\/div>\n\t\t\t\t\t<\/div>\n\t\t<\/div>\n\t\t\t\t<div class=\"elementor-column elementor-col-25 elementor-top-column elementor-element elementor-element-60c4871\" data-id=\"60c4871\" data-element_type=\"column\" data-e-type=\"column\" data-settings=\"{&quot;background_background&quot;:&quot;classic&quot;}\">\n\t\t\t<div class=\"elementor-widget-wrap\">\n\t\t\t\t\t\t\t<\/div>\n\t\t<\/div>\n\t\t\t\t<div class=\"elementor-column elementor-col-25 elementor-top-column elementor-element elementor-element-f85752b\" data-id=\"f85752b\" data-element_type=\"column\" data-e-type=\"column\" data-settings=\"{&quot;background_background&quot;:&quot;classic&quot;}\">\n\t\t\t<div class=\"elementor-widget-wrap\">\n\t\t\t\t\t\t\t<\/div>\n\t\t<\/div>\n\t\t\t\t<div class=\"elementor-column elementor-col-25 elementor-top-column elementor-element elementor-element-2af0594\" data-id=\"2af0594\" data-element_type=\"column\" data-e-type=\"column\" data-settings=\"{&quot;background_background&quot;:&quot;classic&quot;}\">\n\t\t\t<div class=\"elementor-widget-wrap\">\n\t\t\t\t\t\t\t<\/div>\n\t\t<\/div>\n\t\t\t\t\t<\/div>\n\t\t<\/section>\n\t\t\t\t<\/div>\n\t\t","protected":false},"excerpt":{"rendered":"<h6><span style=\"color: #000000;\">katalogov\u00e9 \u010d\u00edslo<\/span><strong> 29163<br \/>\n<\/strong><\/h6>\n<h6><span style=\"color: #000000;\">k\u00f3d v\u00fdrobce<\/span><strong> H2309<br \/>\n<\/strong><\/h6>\n<p>&nbsp;<\/p>\n<p><span style=\"color: #000000;\">\u00a0<\/span><\/p>\n","protected":false},"featured_media":145868,"comment_status":"closed","ping_status":"closed","template":"elementor_theme","meta":{"ocean_post_layout":"","ocean_both_sidebars_style":"","ocean_both_sidebars_content_width":0,"ocean_both_sidebars_sidebars_width":0,"ocean_sidebar":"0","ocean_second_sidebar":"0","ocean_disable_margins":"enable","ocean_add_body_class":"","ocean_shortcode_before_top_bar":"","ocean_shortcode_after_top_bar":"","ocean_shortcode_before_header":"","ocean_shortcode_after_header":"","ocean_has_shortcode":"","ocean_shortcode_after_title":"","ocean_shortcode_before_footer_widgets":"","ocean_shortcode_after_footer_widgets":"","ocean_shortcode_before_footer_bottom":"","ocean_shortcode_after_footer_bottom":"","ocean_display_top_bar":"default","ocean_display_header":"default","ocean_header_style":"","ocean_center_header_left_menu":"0","ocean_custom_header_template":"0","ocean_custom_logo":0,"ocean_custom_retina_logo":0,"ocean_custom_logo_max_width":0,"ocean_custom_logo_tablet_max_width":0,"ocean_custom_logo_mobile_max_width":0,"ocean_custom_logo_max_height":0,"ocean_custom_logo_tablet_max_height":0,"ocean_custom_logo_mobile_max_height":0,"ocean_header_custom_menu":"0","ocean_menu_typo_font_family":"0","ocean_menu_typo_font_subset":"","ocean_menu_typo_font_size":0,"ocean_menu_typo_font_size_tablet":0,"ocean_menu_typo_font_size_mobile":0,"ocean_menu_typo_font_size_unit":"px","ocean_menu_typo_font_weight":"","ocean_menu_typo_font_weight_tablet":"","ocean_menu_typo_font_weight_mobile":"","ocean_menu_typo_transform":"","ocean_menu_typo_transform_tablet":"","ocean_menu_typo_transform_mobile":"","ocean_menu_typo_line_height":0,"ocean_menu_typo_line_height_tablet":0,"ocean_menu_typo_line_height_mobile":0,"ocean_menu_typo_line_height_unit":"","ocean_menu_typo_spacing":0,"ocean_menu_typo_spacing_tablet":0,"ocean_menu_typo_spacing_mobile":0,"ocean_menu_typo_spacing_unit":"","ocean_menu_link_color":"","ocean_menu_link_color_hover":"","ocean_menu_link_color_active":"","ocean_menu_link_background":"","ocean_menu_link_hover_background":"","ocean_menu_link_active_background":"","ocean_menu_social_links_bg":"","ocean_menu_social_hover_links_bg":"","ocean_menu_social_links_color":"","ocean_menu_social_hover_links_color":"","ocean_disable_title":"default","ocean_disable_heading":"default","ocean_post_title":"","ocean_post_subheading":"","ocean_post_title_style":"","ocean_post_title_background_color":"","ocean_post_title_background":0,"ocean_post_title_bg_image_position":"","ocean_post_title_bg_image_attachment":"","ocean_post_title_bg_image_repeat":"","ocean_post_title_bg_image_size":"","ocean_post_title_height":0,"ocean_post_title_bg_overlay":0.5,"ocean_post_title_bg_overlay_color":"","ocean_disable_breadcrumbs":"default","ocean_breadcrumbs_color":"","ocean_breadcrumbs_separator_color":"","ocean_breadcrumbs_links_color":"","ocean_breadcrumbs_links_hover_color":"","ocean_display_footer_widgets":"default","ocean_display_footer_bottom":"default","ocean_custom_footer_template":"0"},"product_brand":[],"product_cat":[179],"product_tag":[],"class_list":{"0":"post-145879","1":"product","2":"type-product","3":"status-publish","4":"has-post-thumbnail","6":"product_cat-odevy","7":"pa_barva-cerna","8":"pa_vel-209","9":"pa_vel-164","10":"pa_vel-125","11":"pa_vel-40-2","12":"pa_vel-42-2","13":"pa_vel-44-2","14":"pa_vel-46-2","15":"pa_vel-45","16":"pa_vel-46","17":"pa_vel-47","19":"entry","20":"has-media","22":"first","23":"instock","24":"taxable","25":"shipping-taxable","26":"purchasable","27":"product-type-variable","28":"col","29":"span_1_of_4","30":"owp-content-left","31":"owp-thumbs-layout-horizontal","32":"owp-btn-big","33":"owp-tabs-layout-horizontal"},"_links":{"self":[{"href":"https:\/\/kucera.stoweb.cz\/index.php\/wp-json\/wp\/v2\/product\/145879","targetHints":{"allow":["GET"]}}],"collection":[{"href":"https:\/\/kucera.stoweb.cz\/index.php\/wp-json\/wp\/v2\/product"}],"about":[{"href":"https:\/\/kucera.stoweb.cz\/index.php\/wp-json\/wp\/v2\/types\/product"}],"replies":[{"embeddable":true,"href":"https:\/\/kucera.stoweb.cz\/index.php\/wp-json\/wp\/v2\/comments?post=145879"}],"version-history":[{"count":3,"href":"https:\/\/kucera.stoweb.cz\/index.php\/wp-json\/wp\/v2\/product\/145879\/revisions"}],"predecessor-version":[{"id":145918,"href":"https:\/\/kucera.stoweb.cz\/index.php\/wp-json\/wp\/v2\/product\/145879\/revisions\/145918"}],"wp:featuredmedia":[{"embeddable":true,"href":"https:\/\/kucera.stoweb.cz\/index.php\/wp-json\/wp\/v2\/media\/145868"}],"wp:attachment":[{"href":"https:\/\/kucera.stoweb.cz\/index.php\/wp-json\/wp\/v2\/media?parent=145879"}],"wp:term":[{"taxonomy":"product_brand","embeddable":true,"href":"https:\/\/kucera.stoweb.cz\/index.php\/wp-json\/wp\/v2\/product_brand?post=145879"},{"taxonomy":"product_cat","embeddable":true,"href":"https:\/\/kucera.stoweb.cz\/index.php\/wp-json\/wp\/v2\/product_cat?post=145879"},{"taxonomy":"product_tag","embeddable":true,"href":"https:\/\/kucera.stoweb.cz\/index.php\/wp-json\/wp\/v2\/product_tag?post=145879"}],"curies":[{"name":"wp","href":"https:\/\/api.w.org\/{rel}","templated":true}]}}