{"id":136183,"date":"2024-08-15T12:05:50","date_gmt":"2024-08-15T10:05:50","guid":{"rendered":"https:\/\/kucera.stoweb.cz\/?post_type=product&#038;p=136183"},"modified":"2025-09-01T15:41:55","modified_gmt":"2025-09-01T13:41:55","slug":"irvine-zimni-bunda-panska-zeleno-cerna","status":"publish","type":"product","link":"https:\/\/kucera.stoweb.cz\/index.php\/produkt\/irvine-zimni-bunda-panska-zeleno-cerna\/","title":{"rendered":"IRVINE zimn\u00ed bunda p\u00e1nsk\u00e1, zeleno-\u010dern\u00e1"},"content":{"rendered":"\t\t<div data-elementor-type=\"wp-post\" data-elementor-id=\"136183\" class=\"elementor elementor-136183\" data-elementor-post-type=\"product\">\n\t\t\t\t\t\t<section class=\"elementor-section elementor-top-section elementor-element elementor-element-dc24c62 elementor-hidden-tablet elementor-hidden-mobile elementor-section-boxed elementor-section-height-default elementor-section-height-default\" data-id=\"dc24c62\" data-element_type=\"section\" data-e-type=\"section\">\n\t\t\t\t\t\t<div class=\"elementor-container elementor-column-gap-default\">\n\t\t\t\t\t<div class=\"elementor-column elementor-col-66 elementor-top-column elementor-element elementor-element-b6ef4bc\" data-id=\"b6ef4bc\" data-element_type=\"column\" data-e-type=\"column\">\n\t\t\t<div class=\"elementor-widget-wrap elementor-element-populated\">\n\t\t\t\t\t\t<div class=\"elementor-element elementor-element-cf71a3a elementor-hidden-tablet elementor-hidden-mobile elementor-tabs-view-horizontal elementor-widget elementor-widget-tabs\" data-id=\"cf71a3a\" data-element_type=\"widget\" data-e-type=\"widget\" data-settings=\"{&quot;_animation&quot;:&quot;none&quot;}\" data-widget_type=\"tabs.default\">\n\t\t\t\t<div class=\"elementor-widget-container\">\n\t\t\t\t\t\t\t<div class=\"elementor-tabs\">\n\t\t\t<div class=\"elementor-tabs-wrapper\" role=\"tablist\" >\n\t\t\t\t\t\t\t\t\t<div id=\"elementor-tab-title-2171\" class=\"elementor-tab-title elementor-tab-desktop-title\" aria-selected=\"true\" data-tab=\"1\" role=\"tab\" tabindex=\"0\" aria-controls=\"elementor-tab-content-2171\" aria-expanded=\"false\">popis produktu<\/div>\n\t\t\t\t\t\t\t\t\t<div id=\"elementor-tab-title-2172\" class=\"elementor-tab-title elementor-tab-desktop-title\" aria-selected=\"false\" data-tab=\"2\" role=\"tab\" tabindex=\"-1\" aria-controls=\"elementor-tab-content-2172\" aria-expanded=\"false\">technick\u00e9 parametry<\/div>\n\t\t\t\t\t\t\t\t\t<div id=\"elementor-tab-title-2173\" class=\"elementor-tab-title elementor-tab-desktop-title\" aria-selected=\"false\" data-tab=\"3\" role=\"tab\" tabindex=\"-1\" aria-controls=\"elementor-tab-content-2173\" aria-expanded=\"false\">dokumenty<\/div>\n\t\t\t\t\t\t\t\t\t<div id=\"elementor-tab-title-2174\" class=\"elementor-tab-title elementor-tab-desktop-title\" aria-selected=\"false\" data-tab=\"4\" role=\"tab\" tabindex=\"-1\" aria-controls=\"elementor-tab-content-2174\" aria-expanded=\"false\">tabulka velikost\u00ed<\/div>\n\t\t\t\t\t\t\t<\/div>\n\t\t\t<div class=\"elementor-tabs-content-wrapper\" role=\"tablist\" aria-orientation=\"vertical\">\n\t\t\t\t\t\t\t\t\t<div class=\"elementor-tab-title elementor-tab-mobile-title\" aria-selected=\"true\" data-tab=\"1\" role=\"tab\" tabindex=\"0\" aria-controls=\"elementor-tab-content-2171\" aria-expanded=\"false\">popis produktu<\/div>\n\t\t\t\t\t<div id=\"elementor-tab-content-2171\" class=\"elementor-tab-content elementor-clearfix\" data-tab=\"1\" role=\"tabpanel\" aria-labelledby=\"elementor-tab-title-2171\" tabindex=\"0\" hidden=\"false\"><div><p><span style=\"color: #000000;\">p\u00e1nsk\u00e1 zateplen\u00e1 bunda do pasu 2 v 1<\/span><\/p><p><span style=\"color: #000000;\">odep\u00ednac\u00ed kapuce a ruk\u00e1vy<\/span><\/p><p><span style=\"color: #000000;\">zap\u00ednan\u00ed na zip kryt\u00fd l\u00e9gou<\/span><\/p><p><span style=\"color: #000000;\">fleecov\u00fd l\u00edmec<\/span><\/p><p><span style=\"color: #000000;\">regulovateln\u00e9 man\u017eety na ruk\u00e1vech<\/span><\/p><p><span style=\"color: #000000;\">plastov\u00e9 poutko pod pravou n\u00e1prsn\u00ed kapsou<\/span><\/p><p><span style=\"color: #000000;\">stahov\u00e1n\u00ed v doln\u00edm okraji<\/span><\/p><p><span style=\"color: #000000;\">lepen\u00e9 \u0161vy<\/span><\/p><p><span style=\"color: #000000;\">3 n\u00e1prsn\u00ed kapsy na zip, <\/span><span style=\"color: #000000;\">2 spodn\u00ed kapsy na zip, <\/span><span style=\"color: #000000;\">1 vnit\u0159n\u00ed kapsa<\/span><\/p><p><span style=\"color: #000000;\">reflexn\u00ed dopl\u0148ky<\/span><\/p><p><span style=\"color: #000000;\">velikost <strong>S-4XL<\/strong><\/span><\/p><\/div><\/div>\n\t\t\t\t\t\t\t\t\t<div class=\"elementor-tab-title elementor-tab-mobile-title\" aria-selected=\"false\" data-tab=\"2\" role=\"tab\" tabindex=\"-1\" aria-controls=\"elementor-tab-content-2172\" aria-expanded=\"false\">technick\u00e9 parametry<\/div>\n\t\t\t\t\t<div id=\"elementor-tab-content-2172\" class=\"elementor-tab-content elementor-clearfix\" data-tab=\"2\" role=\"tabpanel\" aria-labelledby=\"elementor-tab-title-2172\" tabindex=\"0\" hidden=\"hidden\"><p><span style=\"color: #000000;\"><strong>svrchn\u00ed materi\u00e1l\u00a0 \u00a0 \u00a0 \u00a0<\/strong> 100 % polyester <\/span><\/p><p><strong><span style=\"color: #000000;\">pod\u0161\u00edvka<\/span><\/strong><span style=\"color: #000000;\"> \u00a0 \u00a0\u00a0 \u00a0 \u00a0 \u00a0 \u00a0 \u00a0 \u00a0 \u00a0 \u00a0 100 % polyester<\/span><\/p><p><strong><span style=\"color: #000000;\">v\u00fdpl\u0148 \u00a0 \u00a0 \u00a0 \u00a0 \u00a0 \u00a0 \u00a0 \u00a0 \u00a0 \u00a0 \u00a0 \u00a0\u00a0 \u00a0 <\/span><\/strong><span style=\"color: #000000;\">100 % polyester<\/span><strong><span style=\"color: #000000;\"><br \/><\/span><\/strong><\/p><p><strong><span style=\"color: #000000;\">norma\u00a0\u00a0\u00a0\u00a0\u00a0\u00a0\u00a0\u00a0 \u00a0 \u00a0 \u00a0 \u00a0 \u00a0 \u00a0\u00a0\u00a0 \u00a0 <\/span><\/strong><span style=\"color: #000000;\">EN<\/span><span style=\"color: #000000;\"> ISO<\/span> <span style=\"color: #000000;\">13688, EN ISO 14058<\/span><strong><span style=\"color: #000000;\"><br \/><\/span><\/strong><\/p><p><strong><span style=\"color: #000000;\">v\u00fdrobce \u00a0\u00a0 \u00a0 \u00a0 \u00a0 \u00a0 \u00a0\u00a0 \u00a0 \u00a0\u00a0 \u00a0\u00a0 <\/span><\/strong><span style=\"color: #000000;\">CXS<\/span><\/p><\/div>\n\t\t\t\t\t\t\t\t\t<div class=\"elementor-tab-title elementor-tab-mobile-title\" aria-selected=\"false\" data-tab=\"3\" role=\"tab\" tabindex=\"-1\" aria-controls=\"elementor-tab-content-2173\" aria-expanded=\"false\">dokumenty<\/div>\n\t\t\t\t\t<div id=\"elementor-tab-content-2173\" class=\"elementor-tab-content elementor-clearfix\" data-tab=\"3\" role=\"tabpanel\" aria-labelledby=\"elementor-tab-title-2173\" tabindex=\"0\" hidden=\"hidden\"><p><a href=\"https:\/\/www.canis.cz\/imgserver\/eshop\/CANIS\/19\/2000000352\/28667_DEKLARACE%20EU.PDF\" target=\"_blank\" rel=\"noopener\">prohl\u00e1\u0161en\u00ed o shod\u011b<\/a><\/p><p><a href=\"https:\/\/www.canis.cz\/imgserver\/eshop\/canis\/19\/2000000352\/28667-product.pdf\" target=\"_blank\" rel=\"noopener\">technick\u00fd list<\/a><\/p><p><a href=\"https:\/\/www.canis.cz\/imgserver\/eshop\/CANIS\/19\/2000000352\/28667_MANUAL%20CS.PDF\" target=\"_blank\" rel=\"noopener\">manual<\/a><\/p><\/div>\n\t\t\t\t\t\t\t\t\t<div class=\"elementor-tab-title elementor-tab-mobile-title\" aria-selected=\"false\" data-tab=\"4\" role=\"tab\" tabindex=\"-1\" aria-controls=\"elementor-tab-content-2174\" aria-expanded=\"false\">tabulka velikost\u00ed<\/div>\n\t\t\t\t\t<div id=\"elementor-tab-content-2174\" class=\"elementor-tab-content elementor-clearfix\" data-tab=\"4\" role=\"tabpanel\" aria-labelledby=\"elementor-tab-title-2174\" tabindex=\"0\" hidden=\"hidden\"><p><span style=\"color: #000000;\"><strong>bundy<\/strong><\/span><\/p><p><span style=\"color: #000000;\"><strong>velikost mezin\u00e1rodn\u00ed\u00a0 SML\u00a0<\/strong>\u00a0 I \u00a0\u00a0 \u00a0\u00a0\u00a0\u00a0\u00a0 XS\u00a0\u00a0 \u00a0 \u00a0 \u00a0 \u00a0 I \u00a0 \u00a0 \u00a0\u00a0 \u00a0 <span style=\"color: #1a1adb;\">\u00a0 S\u00a0<\/span> \u00a0\u00a0 \u00a0 \u00a0\u00a0 I \u00a0 \u00a0\u00a0 \u00a0\u00a0\u00a0\u00a0 M\u00a0\u00a0\u00a0 \u00a0\u00a0 \u00a0\u00a0 \u00a0 I \u00a0\u00a0 \u00a0 \u00a0 \u00a0\u00a0\u00a0\u00a0<span style=\"color: #1a1adb;\"> L<\/span> \u00a0\u00a0 \u00a0 \u00a0 \u00a0\u00a0\u00a0 I\u00a0\u00a0\u00a0\u00a0 \u00a0 \u00a0\u00a0 \u00a0 XL\u00a0\u00a0\u00a0\u00a0\u00a0\u00a0\u00a0\u00a0\u00a0\u00a0\u00a0 I\u00a0\u00a0\u00a0\u00a0\u00a0\u00a0\u00a0\u00a0\u00a0\u00a0\u00a0 <span style=\"color: #1a1adb;\">2XL\u00a0<\/span>\u00a0\u00a0\u00a0\u00a0\u00a0\u00a0\u00a0\u00a0\u00a0\u00a0 I\u00a0\u00a0\u00a0\u00a0\u00a0\u00a0\u00a0\u00a0\u00a0\u00a0\u00a0 3XL\u00a0\u00a0\u00a0\u00a0\u00a0\u00a0\u00a0\u00a0\u00a0\u00a0\u00a0 I\u00a0\u00a0\u00a0\u00a0\u00a0\u00a0\u00a0\u00a0\u00a0\u00a0\u00a0 <span style=\"color: #1a1adb;\">4XL<\/span>\u00a0\u00a0\u00a0\u00a0\u00a0\u00a0\u00a0\u00a0\u00a0\u00a0\u00a0 I\u00a0\u00a0\u00a0\u00a0\u00a0\u00a0\u00a0\u00a0\u00a0\u00a0\u00a0 5XL\u00a0\u00a0\u00a0\u00a0\u00a0\u00a0\u00a0\u00a0\u00a0\u00a0\u00a0 I<\/span><\/p><p><span style=\"color: #000000;\"><strong>obvod hrudi*<\/strong> \u00a0\u00a0\u00a0\u00a0\u00a0 \u00a0 \u00a0 \u00a0 \u00a0 \u00a0 \u00a0 \u00a0 \u00a0 \u00a0 \u00a0 \u00a0\u00a0 \u00a0\u00a0\u00a0\u00a0\u00a0\u00a0 85 &#8211; 90\u00a0 \u00a0 \u00a0 \u00a0 \u00a0\u00a0 \u00a0 \u00a0<span style=\"color: #1a1adb;\"> 91 &#8211; 96<\/span> \u00a0 \u00a0 \u00a0 \u00a0 \u00a0\u00a0 97 &#8211; 102\u00a0\u00a0\u00a0\u00a0\u00a0 \u00a0 \u00a0\u00a0 \u00a0 <span style=\"color: #1a1adb;\">103 &#8211; 108<\/span> \u00a0\u00a0\u00a0 \u00a0 \u00a0\u00a0 \u00a0 109 &#8211; 114 \u00a0\u00a0 \u00a0 \u00a0 \u00a0 \u00a0 \u00a0\u00a0 \u00a0 <span style=\"color: #1a1adb;\">115 &#8211; 120<\/span> \u00a0 \u00a0\u00a0 \u00a0 \u00a0 \u00a0 \u00a0 \u00a0\u00a0 121 &#8211; 126\u00a0\u00a0\u00a0 \u00a0\u00a0 \u00a0\u00a0 \u00a0 \u00a0\u00a0 <span style=\"color: #1a1adb;\">\u00a0 127 &#8211; 132\u00a0 \u00a0<\/span> \u00a0 \u00a0 \u00a0\u00a0 \u00a0\u00a0 \u00a0 133 &#8211; 138 <\/span><\/p><p><span style=\"color: #000000;\"><strong>obvod pasu*<\/strong> \u00a0\u00a0\u00a0\u00a0 \u00a0 \u00a0 \u00a0 \u00a0 \u00a0 \u00a0\u00a0\u00a0 \u00a0\u00a0\u00a0\u00a0\u00a0\u00a0\u00a0\u00a0\u00a0\u00a0\u00a0\u00a0\u00a0\u00a0\u00a0\u00a0\u00a0 73 &#8211; 78\u00a0\u00a0\u00a0\u00a0\u00a0\u00a0\u00a0\u00a0\u00a0\u00a0\u00a0\u00a0\u00a0\u00a0 <span style=\"color: #1a1adb;\">79 &#8211; 84<\/span>\u00a0\u00a0\u00a0\u00a0 \u00a0 \u00a0 \u00a0 85 &#8211; 90\u00a0\u00a0\u00a0\u00a0\u00a0\u00a0\u00a0\u00a0 \u00a0\u00a0\u00a0\u00a0\u00a0\u00a0\u00a0<span style=\"color: #1a1adb;\"> 91 &#8211; 96<\/span> \u00a0 \u00a0\u00a0\u00a0 \u00a0\u00a0\u00a0\u00a0\u00a0\u00a0 97 &#8211; 104\u00a0\u00a0\u00a0\u00a0 \u00a0 \u00a0\u00a0 \u00a0\u00a0 \u00a0\u00a0\u00a0 <span style=\"color: #1a1adb;\">105 &#8211; 111<\/span> \u00a0\u00a0\u00a0\u00a0\u00a0\u00a0 \u00a0 \u00a0 \u00a0\u00a0\u00a0\u00a0\u00a0 112 &#8211; 118 \u00a0\u00a0\u00a0\u00a0 \u00a0 \u00a0 \u00a0\u00a0 \u00a0\u00a0\u00a0\u00a0 <span style=\"color: #1a1adb;\">119 &#8211; 125\u00a0<\/span>\u00a0\u00a0\u00a0\u00a0\u00a0 \u00a0 \u00a0\u00a0\u00a0 \u00a0\u00a0 126 &#8211; 132<\/span><\/p><p><span style=\"color: #000000;\"><strong>*v cm<\/strong><\/span><\/p><\/div>\n\t\t\t\t\t\t\t<\/div>\n\t\t<\/div>\n\t\t\t\t\t\t<\/div>\n\t\t\t\t<\/div>\n\t\t\t\t\t<\/div>\n\t\t<\/div>\n\t\t\t\t<div class=\"elementor-column elementor-col-33 elementor-top-column elementor-element elementor-element-b1e2b05\" data-id=\"b1e2b05\" data-element_type=\"column\" data-e-type=\"column\" data-settings=\"{&quot;background_background&quot;:&quot;classic&quot;}\">\n\t\t\t<div class=\"elementor-widget-wrap elementor-element-populated\">\n\t\t\t\t\t\t<div class=\"elementor-element elementor-element-b4dae70 elementor-widget elementor-widget-text-editor\" data-id=\"b4dae70\" data-element_type=\"widget\" data-e-type=\"widget\" data-widget_type=\"text-editor.default\">\n\t\t\t\t<div class=\"elementor-widget-container\">\n\t\t\t\t\t\t\t\t\t<p><span style=\"color: #000000;\">produkt zna\u010dky<\/span><\/p>\t\t\t\t\t\t\t\t<\/div>\n\t\t\t\t<\/div>\n\t\t\t\t<div class=\"elementor-element elementor-element-3b46535 elementor-widget elementor-widget-image\" data-id=\"3b46535\" data-element_type=\"widget\" data-e-type=\"widget\" data-widget_type=\"image.default\">\n\t\t\t\t<div class=\"elementor-widget-container\">\n\t\t\t\t\t\t\t\t\t\t\t\t\t\t\t<img fetchpriority=\"high\" decoding=\"async\" width=\"1024\" height=\"896\" src=\"https:\/\/kucera.stoweb.cz\/wp-content\/uploads\/2022\/01\/cxs_black_png-1024x896.png\" class=\"attachment-large size-large wp-image-19262\" alt=\"\" srcset=\"https:\/\/kucera.stoweb.cz\/wp-content\/uploads\/2022\/01\/cxs_black_png-1024x896.png 1024w, https:\/\/kucera.stoweb.cz\/wp-content\/uploads\/2022\/01\/cxs_black_png-300x262.png 300w, https:\/\/kucera.stoweb.cz\/wp-content\/uploads\/2022\/01\/cxs_black_png-600x525.png 600w, https:\/\/kucera.stoweb.cz\/wp-content\/uploads\/2022\/01\/cxs_black_png-768x672.png 768w, https:\/\/kucera.stoweb.cz\/wp-content\/uploads\/2022\/01\/cxs_black_png-1536x1344.png 1536w, https:\/\/kucera.stoweb.cz\/wp-content\/uploads\/2022\/01\/cxs_black_png.png 1622w\" sizes=\"(max-width: 1024px) 100vw, 1024px\" \/>\t\t\t\t\t\t\t\t\t\t\t\t\t\t\t<\/div>\n\t\t\t\t<\/div>\n\t\t\t\t\t<\/div>\n\t\t<\/div>\n\t\t\t\t\t<\/div>\n\t\t<\/section>\n\t\t\t\t<section class=\"elementor-section elementor-top-section elementor-element elementor-element-ec92087 elementor-hidden-desktop elementor-section-boxed elementor-section-height-default elementor-section-height-default\" data-id=\"ec92087\" data-element_type=\"section\" data-e-type=\"section\">\n\t\t\t\t\t\t<div class=\"elementor-container elementor-column-gap-default\">\n\t\t\t\t\t<div class=\"elementor-column elementor-col-100 elementor-top-column elementor-element elementor-element-69642c1\" data-id=\"69642c1\" data-element_type=\"column\" data-e-type=\"column\">\n\t\t\t<div class=\"elementor-widget-wrap elementor-element-populated\">\n\t\t\t\t\t\t<div class=\"elementor-element elementor-element-bb62cfd elementor-widget elementor-widget-text-editor\" data-id=\"bb62cfd\" data-element_type=\"widget\" data-e-type=\"widget\" data-widget_type=\"text-editor.default\">\n\t\t\t\t<div class=\"elementor-widget-container\">\n\t\t\t\t\t\t\t\t\t<h3><strong><span style=\"color: #000080;\">popis produktu<\/span><\/strong><\/h3>\t\t\t\t\t\t\t\t<\/div>\n\t\t\t\t<\/div>\n\t\t\t\t<div class=\"elementor-element elementor-element-bff6395 elementor-hidden-desktop elementor-widget elementor-widget-text-editor\" data-id=\"bff6395\" data-element_type=\"widget\" data-e-type=\"widget\" data-widget_type=\"text-editor.default\">\n\t\t\t\t<div class=\"elementor-widget-container\">\n\t\t\t\t\t\t\t\t\t<p><span style=\"color: #000000;\">p\u00e1nsk\u00e1 zateplen\u00e1 bunda do pasu 2 v 1<\/span><\/p>\n<p><span style=\"color: #000000;\">odep\u00ednac\u00ed kapuce a ruk\u00e1vy<\/span><\/p>\n<p><span style=\"color: #000000;\">zap\u00ednan\u00ed na zip kryt\u00fd l\u00e9gou<\/span><\/p>\n<p><span style=\"color: #000000;\">fleecov\u00fd l\u00edmec<\/span><\/p>\n<p><span style=\"color: #000000;\">regulovateln\u00e9 man\u017eety na ruk\u00e1vech<\/span><\/p>\n<p><span style=\"color: #000000;\">plastov\u00e9 poutko pod pravou n\u00e1prsn\u00ed kapsou<\/span><\/p>\n<p><span style=\"color: #000000;\">stahov\u00e1n\u00ed v doln\u00edm okraji<\/span><\/p>\n<p><span style=\"color: #000000;\">lepen\u00e9 \u0161vy<\/span><\/p>\n<p><span style=\"color: #000000;\">3 n\u00e1prsn\u00ed kapsy na zip, 2 spodn\u00ed kapsy na zip, 1 vnit\u0159n\u00ed kapsa<\/span><\/p>\n<p><span style=\"color: #000000;\">reflexn\u00ed dopl\u0148ky<\/span><\/p>\n<p><span style=\"color: #000000;\"><strong>svrchn\u00ed materi\u00e1l&nbsp; &nbsp; &nbsp; &nbsp;<\/strong> 100 % polyester<\/span><\/p>\n<p><span style=\"color: #000000;\"><strong>pod\u0161\u00edvka<\/strong> &nbsp; &nbsp;&nbsp; &nbsp; &nbsp; &nbsp; &nbsp; &nbsp; &nbsp; &nbsp; &nbsp; 100 % polyester<\/span><\/p>\n<p><span style=\"color: #000000;\"><strong>v\u00fdpl\u0148 &nbsp; &nbsp; &nbsp; &nbsp; &nbsp; &nbsp; &nbsp; &nbsp; &nbsp; &nbsp; &nbsp; &nbsp;&nbsp; &nbsp; <\/strong>100 % polyester<strong><br><\/strong><\/span><\/p>\n<p><span style=\"color: #000000;\"><strong>norma&nbsp;&nbsp;&nbsp;&nbsp;&nbsp;&nbsp;&nbsp;&nbsp; &nbsp; &nbsp; &nbsp; &nbsp; &nbsp; &nbsp;&nbsp;&nbsp; &nbsp; <\/strong>EN ISO 13688,&nbsp;&nbsp;&nbsp;&nbsp;&nbsp;&nbsp;&nbsp;&nbsp;&nbsp;&nbsp; EN ISO 14058<\/span><\/p>\n<p><span style=\"color: #000000;\">velikost <strong>S-4XL<\/strong><\/span><\/p>\t\t\t\t\t\t\t\t<\/div>\n\t\t\t\t<\/div>\n\t\t\t\t\t<\/div>\n\t\t<\/div>\n\t\t\t\t\t<\/div>\n\t\t<\/section>\n\t\t\t\t<section class=\"elementor-section elementor-top-section elementor-element elementor-element-3096228 elementor-hidden-tablet elementor-hidden-mobile elementor-section-boxed elementor-section-height-default elementor-section-height-default\" data-id=\"3096228\" data-element_type=\"section\" data-e-type=\"section\">\n\t\t\t\t\t\t<div class=\"elementor-container elementor-column-gap-default\">\n\t\t\t\t\t<div class=\"elementor-column elementor-col-25 elementor-top-column elementor-element elementor-element-b63f378\" data-id=\"b63f378\" data-element_type=\"column\" data-e-type=\"column\" data-settings=\"{&quot;background_background&quot;:&quot;classic&quot;}\">\n\t\t\t<div class=\"elementor-widget-wrap elementor-element-populated\">\n\t\t\t\t\t\t<div class=\"elementor-element elementor-element-c5969ec elementor-widget elementor-widget-text-editor\" data-id=\"c5969ec\" data-element_type=\"widget\" data-e-type=\"widget\" data-widget_type=\"text-editor.default\">\n\t\t\t\t<div class=\"elementor-widget-container\">\n\t\t\t\t\t\t\t\t\t<p><span lang=\"EN\" style=\"color: #000000;\">\u00a0\u00a0\u00a0\u00a0\u00a0\u00a0\u00a0\u00a0\u00a0\u00a0 \u00a0 \u00a0 \u00a0\u00a0 <span lang=\"EN\">ochrana proti chladn\u00e9mu prost\u0159ed\u00ed\u00a0<\/span> \u00a0 \u00a0 \u00a0 \u00a0 \u00a0 \u00a0 \u00a0 \u00a0 \u00a0 \u00a0 \u00a0 \u00a0 \u00a0 \u00a0 \u00a0 \u00a0 \u00a0 \u00a0 \u00a0 \u00a0\u00a0\u00a0\u00a0 \u00a0 \u00a0\u00a0\u00a0\u00a0\u00a0\u00a0\u00a0\u00a0\u00a0\u00a0\u00a0\u00a0\u00a0\u00a0\u00a0\u00a0\u00a0\u00a0 <\/span><span lang=\"EN\" style=\"color: #000000;\"><span lang=\"EN\"><img decoding=\"async\" class=\"alignleft wp-image-116611\" src=\"https:\/\/kucera.stoweb.cz\/wp-content\/uploads\/2024\/04\/opch-1.jpg\" alt=\"\" width=\"40\" height=\"46\" srcset=\"https:\/\/kucera.stoweb.cz\/wp-content\/uploads\/2024\/04\/opch-1.jpg 399w, https:\/\/kucera.stoweb.cz\/wp-content\/uploads\/2024\/04\/opch-1-300x344.jpg 300w, https:\/\/kucera.stoweb.cz\/wp-content\/uploads\/2024\/04\/opch-1-262x300.jpg 262w\" sizes=\"(max-width: 40px) 100vw, 40px\" \/> <\/span><\/span><span lang=\"EN\" style=\"color: #000000;\"><span lang=\"EN\">\u00a0\u00a0\u00a0\u00a0\u00a0<\/span> <\/span><\/p><p><span style=\"color: #000000;\">EN ISO 14058 \u00a0\u00a0\u00a0\u00a0\u00a0\u00a0\u00a0\u00a0\u00a0\u00a0\u00a0\u00a0\u00a0\u00a0\u00a0\u00a0\u00a0\u00a0\u00a0\u00a0\u00a0\u00a0\u00a0\u00a0\u00a0\u00a0\u00a0\u00a0\u00a0\u00a0\u00a0\u00a0\u00a0\u00a0\u00a0\u00a0\u00a0\u00a0\u00a0\u00a0\u00a0\u00a0\u00a0 <br \/><\/span><\/p>\t\t\t\t\t\t\t\t<\/div>\n\t\t\t\t<\/div>\n\t\t\t\t\t<\/div>\n\t\t<\/div>\n\t\t\t\t<div class=\"elementor-column elementor-col-25 elementor-top-column elementor-element elementor-element-d089cb3\" data-id=\"d089cb3\" data-element_type=\"column\" data-e-type=\"column\" data-settings=\"{&quot;background_background&quot;:&quot;classic&quot;}\">\n\t\t\t<div class=\"elementor-widget-wrap elementor-element-populated\">\n\t\t\t\t\t\t<div class=\"elementor-element elementor-element-26cb838 elementor-widget elementor-widget-text-editor\" data-id=\"26cb838\" data-element_type=\"widget\" data-e-type=\"widget\" data-widget_type=\"text-editor.default\">\n\t\t\t\t<div class=\"elementor-widget-container\">\n\t\t\t\t\t\t\t\t\t<p><span lang=\"EN\" style=\"color: #000000;\">ochrann\u00e9 od\u011bvy &#8211; obecn\u00e9 po\u017eadavky<\/span><\/p><p><span lang=\"EN\" style=\"color: #000000;\">EN ISO 13688\u00a0 \u00a0 \u00a0 \u00a0 \u00a0 \u00a0 \u00a0\u00a0\u00a0\u00a0 \u00a0 \u00a0 \u00a0 \u00a0 \u00a0 \u00a0 \u00a0 \u00a0 \u00a0 \u00a0 \u00a0 \u00a0 \u00a0 \u00a0 \u00a0 \u00a0 \u00a0 \u00a0 \u00a0 \u00a0 \u00a0 \u00a0 \u00a0 \u00a0 <\/span><span lang=\"EN\" style=\"color: #000000;\">\u00a0 \u00a0 \u00a0 \u00a0 \u00a0 \u00a0 \u00a0 \u00a0 \u00a0\u00a0\u00a0\u00a0\u00a0\u00a0\u00a0\u00a0\u00a0\u00a0 <span lang=\"EN\"><br \/>\u00a0\u00a0\u00a0\u00a0\u00a0\u00a0\u00a0\u00a0\u00a0\u00a0\u00a0\u00a0\u00a0\u00a0\u00a0\u00a0\u00a0\u00a0\u00a0\u00a0\u00a0<\/span> <\/span><\/p>\t\t\t\t\t\t\t\t<\/div>\n\t\t\t\t<\/div>\n\t\t\t\t\t<\/div>\n\t\t<\/div>\n\t\t\t\t<div class=\"elementor-column elementor-col-25 elementor-top-column elementor-element elementor-element-f6a597c\" data-id=\"f6a597c\" data-element_type=\"column\" data-e-type=\"column\" data-settings=\"{&quot;background_background&quot;:&quot;classic&quot;}\">\n\t\t\t<div class=\"elementor-widget-wrap\">\n\t\t\t\t\t\t\t<\/div>\n\t\t<\/div>\n\t\t\t\t<div class=\"elementor-column elementor-col-25 elementor-top-column elementor-element elementor-element-19c85a7\" data-id=\"19c85a7\" data-element_type=\"column\" data-e-type=\"column\" data-settings=\"{&quot;background_background&quot;:&quot;classic&quot;}\">\n\t\t\t<div class=\"elementor-widget-wrap\">\n\t\t\t\t\t\t\t<\/div>\n\t\t<\/div>\n\t\t\t\t\t<\/div>\n\t\t<\/section>\n\t\t\t\t<\/div>\n\t\t","protected":false},"excerpt":{"rendered":"<h6>katalogov\u00e9 \u010d\u00edslo<strong> 21017<br \/>\n<\/strong><\/h6>\n<h6>k\u00f3d v\u00fdrobce<strong> 1210-001-510-00<\/strong><\/h6>\n<p>&nbsp;<\/p>\n","protected":false},"featured_media":41808,"comment_status":"closed","ping_status":"closed","template":"","meta":{"ocean_post_layout":"","ocean_both_sidebars_style":"","ocean_both_sidebars_content_width":0,"ocean_both_sidebars_sidebars_width":0,"ocean_sidebar":"0","ocean_second_sidebar":"0","ocean_disable_margins":"enable","ocean_add_body_class":"","ocean_shortcode_before_top_bar":"","ocean_shortcode_after_top_bar":"","ocean_shortcode_before_header":"","ocean_shortcode_after_header":"","ocean_has_shortcode":"","ocean_shortcode_after_title":"","ocean_shortcode_before_footer_widgets":"","ocean_shortcode_after_footer_widgets":"","ocean_shortcode_before_footer_bottom":"","ocean_shortcode_after_footer_bottom":"","ocean_display_top_bar":"default","ocean_display_header":"default","ocean_header_style":"","ocean_center_header_left_menu":"0","ocean_custom_header_template":"0","ocean_custom_logo":0,"ocean_custom_retina_logo":0,"ocean_custom_logo_max_width":0,"ocean_custom_logo_tablet_max_width":0,"ocean_custom_logo_mobile_max_width":0,"ocean_custom_logo_max_height":0,"ocean_custom_logo_tablet_max_height":0,"ocean_custom_logo_mobile_max_height":0,"ocean_header_custom_menu":"0","ocean_menu_typo_font_family":"0","ocean_menu_typo_font_subset":"","ocean_menu_typo_font_size":0,"ocean_menu_typo_font_size_tablet":0,"ocean_menu_typo_font_size_mobile":0,"ocean_menu_typo_font_size_unit":"px","ocean_menu_typo_font_weight":"","ocean_menu_typo_font_weight_tablet":"","ocean_menu_typo_font_weight_mobile":"","ocean_menu_typo_transform":"","ocean_menu_typo_transform_tablet":"","ocean_menu_typo_transform_mobile":"","ocean_menu_typo_line_height":0,"ocean_menu_typo_line_height_tablet":0,"ocean_menu_typo_line_height_mobile":0,"ocean_menu_typo_line_height_unit":"","ocean_menu_typo_spacing":0,"ocean_menu_typo_spacing_tablet":0,"ocean_menu_typo_spacing_mobile":0,"ocean_menu_typo_spacing_unit":"","ocean_menu_link_color":"","ocean_menu_link_color_hover":"","ocean_menu_link_color_active":"","ocean_menu_link_background":"","ocean_menu_link_hover_background":"","ocean_menu_link_active_background":"","ocean_menu_social_links_bg":"","ocean_menu_social_hover_links_bg":"","ocean_menu_social_links_color":"","ocean_menu_social_hover_links_color":"","ocean_disable_title":"default","ocean_disable_heading":"default","ocean_post_title":"","ocean_post_subheading":"","ocean_post_title_style":"","ocean_post_title_background_color":"","ocean_post_title_background":0,"ocean_post_title_bg_image_position":"","ocean_post_title_bg_image_attachment":"","ocean_post_title_bg_image_repeat":"","ocean_post_title_bg_image_size":"","ocean_post_title_height":0,"ocean_post_title_bg_overlay":0.5,"ocean_post_title_bg_overlay_color":"","ocean_disable_breadcrumbs":"default","ocean_breadcrumbs_color":"","ocean_breadcrumbs_separator_color":"","ocean_breadcrumbs_links_color":"","ocean_breadcrumbs_links_hover_color":"","ocean_display_footer_widgets":"default","ocean_display_footer_bottom":"default","ocean_custom_footer_template":"0"},"product_brand":[],"product_cat":[179],"product_tag":[],"class_list":{"0":"post-136183","1":"product","2":"type-product","3":"status-publish","4":"has-post-thumbnail","6":"product_cat-odevy","7":"pa_barva-tmave-zelena","8":"pa_vel-2xl","9":"pa_vel-3xl","10":"pa_vel-4xl","11":"pa_vel-l","12":"pa_vel-m","13":"pa_vel-s","14":"pa_vel-xl","16":"entry","17":"has-media","19":"first","20":"instock","21":"taxable","22":"shipping-taxable","23":"purchasable","24":"product-type-variable","25":"col","26":"span_1_of_4","27":"owp-content-left","28":"owp-thumbs-layout-horizontal","29":"owp-btn-big","30":"owp-tabs-layout-horizontal"},"_links":{"self":[{"href":"https:\/\/kucera.stoweb.cz\/index.php\/wp-json\/wp\/v2\/product\/136183","targetHints":{"allow":["GET"]}}],"collection":[{"href":"https:\/\/kucera.stoweb.cz\/index.php\/wp-json\/wp\/v2\/product"}],"about":[{"href":"https:\/\/kucera.stoweb.cz\/index.php\/wp-json\/wp\/v2\/types\/product"}],"replies":[{"embeddable":true,"href":"https:\/\/kucera.stoweb.cz\/index.php\/wp-json\/wp\/v2\/comments?post=136183"}],"version-history":[{"count":3,"href":"https:\/\/kucera.stoweb.cz\/index.php\/wp-json\/wp\/v2\/product\/136183\/revisions"}],"predecessor-version":[{"id":190640,"href":"https:\/\/kucera.stoweb.cz\/index.php\/wp-json\/wp\/v2\/product\/136183\/revisions\/190640"}],"wp:featuredmedia":[{"embeddable":true,"href":"https:\/\/kucera.stoweb.cz\/index.php\/wp-json\/wp\/v2\/media\/41808"}],"wp:attachment":[{"href":"https:\/\/kucera.stoweb.cz\/index.php\/wp-json\/wp\/v2\/media?parent=136183"}],"wp:term":[{"taxonomy":"product_brand","embeddable":true,"href":"https:\/\/kucera.stoweb.cz\/index.php\/wp-json\/wp\/v2\/product_brand?post=136183"},{"taxonomy":"product_cat","embeddable":true,"href":"https:\/\/kucera.stoweb.cz\/index.php\/wp-json\/wp\/v2\/product_cat?post=136183"},{"taxonomy":"product_tag","embeddable":true,"href":"https:\/\/kucera.stoweb.cz\/index.php\/wp-json\/wp\/v2\/product_tag?post=136183"}],"curies":[{"name":"wp","href":"https:\/\/api.w.org\/{rel}","templated":true}]}}