{"id":134711,"date":"2024-08-13T15:30:59","date_gmt":"2024-08-13T13:30:59","guid":{"rendered":"https:\/\/kucera.stoweb.cz\/?post_type=product&#038;p=134711"},"modified":"2024-08-13T15:41:29","modified_gmt":"2024-08-13T13:41:29","slug":"trenton-softshellove-kalhoty-damske-cerne","status":"publish","type":"product","link":"https:\/\/kucera.stoweb.cz\/index.php\/produkt\/trenton-softshellove-kalhoty-damske-cerne\/","title":{"rendered":"TRENTON softshellov\u00e9 kalhoty d\u00e1msk\u00e9 \u010dern\u00e9"},"content":{"rendered":"\t\t<div data-elementor-type=\"wp-post\" data-elementor-id=\"134711\" class=\"elementor elementor-134711\" data-elementor-post-type=\"product\">\n\t\t\t\t\t\t<section class=\"elementor-section elementor-top-section elementor-element elementor-element-12589d9 elementor-hidden-tablet elementor-hidden-mobile elementor-section-boxed elementor-section-height-default elementor-section-height-default\" data-id=\"12589d9\" data-element_type=\"section\" data-e-type=\"section\">\n\t\t\t\t\t\t<div class=\"elementor-container elementor-column-gap-default\">\n\t\t\t\t\t<div class=\"elementor-column elementor-col-66 elementor-top-column elementor-element elementor-element-2570f49\" data-id=\"2570f49\" data-element_type=\"column\" data-e-type=\"column\">\n\t\t\t<div class=\"elementor-widget-wrap elementor-element-populated\">\n\t\t\t\t\t\t<div class=\"elementor-element elementor-element-018ece1 elementor-hidden-tablet elementor-hidden-mobile elementor-tabs-view-horizontal elementor-widget elementor-widget-tabs\" data-id=\"018ece1\" data-element_type=\"widget\" data-e-type=\"widget\" data-settings=\"{&quot;_animation&quot;:&quot;none&quot;}\" data-widget_type=\"tabs.default\">\n\t\t\t\t<div class=\"elementor-widget-container\">\n\t\t\t\t\t\t\t<div class=\"elementor-tabs\">\n\t\t\t<div class=\"elementor-tabs-wrapper\" role=\"tablist\" >\n\t\t\t\t\t\t\t\t\t<div id=\"elementor-tab-title-1631\" class=\"elementor-tab-title elementor-tab-desktop-title\" aria-selected=\"true\" data-tab=\"1\" role=\"tab\" tabindex=\"0\" aria-controls=\"elementor-tab-content-1631\" aria-expanded=\"false\">popis produktu<\/div>\n\t\t\t\t\t\t\t\t\t<div id=\"elementor-tab-title-1632\" class=\"elementor-tab-title elementor-tab-desktop-title\" aria-selected=\"false\" data-tab=\"2\" role=\"tab\" tabindex=\"-1\" aria-controls=\"elementor-tab-content-1632\" aria-expanded=\"false\">technick\u00e9 parametry<\/div>\n\t\t\t\t\t\t\t\t\t<div id=\"elementor-tab-title-1633\" class=\"elementor-tab-title elementor-tab-desktop-title\" aria-selected=\"false\" data-tab=\"3\" role=\"tab\" tabindex=\"-1\" aria-controls=\"elementor-tab-content-1633\" aria-expanded=\"false\">dokumenty<\/div>\n\t\t\t\t\t\t\t\t\t<div id=\"elementor-tab-title-1634\" class=\"elementor-tab-title elementor-tab-desktop-title\" aria-selected=\"false\" data-tab=\"4\" role=\"tab\" tabindex=\"-1\" aria-controls=\"elementor-tab-content-1634\" aria-expanded=\"false\">tabulka velikost\u00ed<\/div>\n\t\t\t\t\t\t\t<\/div>\n\t\t\t<div class=\"elementor-tabs-content-wrapper\" role=\"tablist\" aria-orientation=\"vertical\">\n\t\t\t\t\t\t\t\t\t<div class=\"elementor-tab-title elementor-tab-mobile-title\" aria-selected=\"true\" data-tab=\"1\" role=\"tab\" tabindex=\"0\" aria-controls=\"elementor-tab-content-1631\" aria-expanded=\"false\">popis produktu<\/div>\n\t\t\t\t\t<div id=\"elementor-tab-content-1631\" class=\"elementor-tab-content elementor-clearfix\" data-tab=\"1\" role=\"tabpanel\" aria-labelledby=\"elementor-tab-title-1631\" tabindex=\"0\" hidden=\"false\"><p><span style=\"color: #000000;\">d\u00e1msk\u00e9 softshellov\u00e9 kalhoty pro voln\u00fd \u010das<\/span><\/p><p><span style=\"color: #000000;\">odep\u00ednac\u00ed \u0161le s nastavitelnou velikost\u00ed<\/span><\/p><p><span style=\"color: #000000;\">flexibiln\u00ed pas s mo\u017enost\u00ed upraven\u00ed velikosti<\/span><\/p><p><span style=\"color: #000000;\">2 p\u0159edn\u00ed kapsy na zip<\/span><\/p><p><span style=\"color: #000000;\">zadn\u00ed kapsa na zip<\/span><\/p><p><span style=\"color: #000000;\">v\u011btr\u00e1n\u00ed na stehn\u011b<\/span><\/p><p><span style=\"color: #000000;\">zip dole na nohavic\u00edch<\/span><\/p><p><span style=\"color: #000000;\">vnit\u0159n\u00ed protisn\u011b\u017en\u00fd p\u00e1s ve spodn\u00ed \u010d\u00e1sti nohavic<\/span><\/p><p><span style=\"color: #000000;\">reflexn\u00ed dopl\u0148ky<\/span><\/p><p><span style=\"color: #000000;\">TPU membr\u00e1na<\/span><\/p><p><span style=\"color: #000000;\">velikost <strong>36-54<\/strong><\/span><\/p><\/div>\n\t\t\t\t\t\t\t\t\t<div class=\"elementor-tab-title elementor-tab-mobile-title\" aria-selected=\"false\" data-tab=\"2\" role=\"tab\" tabindex=\"-1\" aria-controls=\"elementor-tab-content-1632\" aria-expanded=\"false\">technick\u00e9 parametry<\/div>\n\t\t\t\t\t<div id=\"elementor-tab-content-1632\" class=\"elementor-tab-content elementor-clearfix\" data-tab=\"2\" role=\"tabpanel\" aria-labelledby=\"elementor-tab-title-1632\" tabindex=\"0\" hidden=\"hidden\"><p><span style=\"color: #000000;\"><strong>materi\u00e1l \u00a0 \u00a0 \u00a0\u00a0 \u00a0 \u00a0 \u00a0 \u00a0 \u00a0 \u00a0 \u00a0<\/strong> 94 % polyester, 6 % elastan <\/span><\/p><p><span style=\"color: #000000;\"><strong>gram\u00e1\u017e<\/strong> \u00a0\u00a0\u00a0\u00a0\u00a0\u00a0\u00a0 \u00a0 \u00a0 \u00a0 \u00a0 \u00a0 \u00a0 \u00a0 \u00a0 310 g\/m\u00b2<\/span><\/p><p><strong><span style=\"color: #000000;\">vod\u011bodolnost\u00a0\u00a0 \u00a0 \u00a0 \u00a0 \u00a0<\/span><\/strong><span style=\"color: #000000;\">\u00a0 5 000 mm<\/span><\/p><p><strong><span style=\"color: #000000;\">paropropustnost\u00a0\u00a0\u00a0\u00a0\u00a0 <\/span><\/strong><span style=\"color: #000000;\"> 5 000 g\/m\u00b2\/24h<\/span><\/p><p><span style=\"color: #000000;\"><strong>v\u00fdrobce \u00a0 \u00a0 \u00a0 \u00a0 \u00a0 \u00a0 \u00a0 \u00a0 \u00a0\u00a0 \u00a0 <\/strong>CXS<\/span><\/p><\/div>\n\t\t\t\t\t\t\t\t\t<div class=\"elementor-tab-title elementor-tab-mobile-title\" aria-selected=\"false\" data-tab=\"3\" role=\"tab\" tabindex=\"-1\" aria-controls=\"elementor-tab-content-1633\" aria-expanded=\"false\">dokumenty<\/div>\n\t\t\t\t\t<div id=\"elementor-tab-content-1633\" class=\"elementor-tab-content elementor-clearfix\" data-tab=\"3\" role=\"tabpanel\" aria-labelledby=\"elementor-tab-title-1633\" tabindex=\"0\" hidden=\"hidden\"><p><a href=\"https:\/\/www.canis.cz\/imgserver\/eshop\/CANIS\/19\/2000000352\/78341_PRODUCT.PDF\" target=\"_blank\" rel=\"noopener\">technick\u00fd list<\/a><\/p><p><a href=\"https:\/\/www.canis.cz\/imgserver\/eshop\/CANIS\/19\/2000000352\/78313_MANUAL.PDF\" target=\"_blank\" rel=\"noopener\">n\u00e1vod<\/a><\/p><\/div>\n\t\t\t\t\t\t\t\t\t<div class=\"elementor-tab-title elementor-tab-mobile-title\" aria-selected=\"false\" data-tab=\"4\" role=\"tab\" tabindex=\"-1\" aria-controls=\"elementor-tab-content-1634\" aria-expanded=\"false\">tabulka velikost\u00ed<\/div>\n\t\t\t\t\t<div id=\"elementor-tab-content-1634\" class=\"elementor-tab-content elementor-clearfix\" data-tab=\"4\" role=\"tabpanel\" aria-labelledby=\"elementor-tab-title-1634\" tabindex=\"0\" hidden=\"hidden\"><p><span style=\"color: #000000;\"><strong>d\u00e1msk\u00e9 velikosti kalhot<\/strong> <strong><br \/><\/strong><\/span><\/p><p><span style=\"color: #000000;\"><strong>velikost \u00a0 \u00a0 \u00a0 \u00a0 \u00a0 \u00a0\u00a0\u00a0\u00a0\u00a0 <\/strong><span style=\"color: #1a1adb;\">34<\/span>\u00a0\u00a0\u00a0\u00a0\u00a0 I\u00a0\u00a0\u00a0\u00a0\u00a0 36\u00a0\u00a0\u00a0\u00a0\u00a0 I\u00a0\u00a0\u00a0\u00a0\u00a0 <span style=\"color: #1a1adb;\">38\u00a0\u00a0<\/span>\u00a0\u00a0\u00a0 I\u00a0\u00a0\u00a0\u00a0\u00a0 40\u00a0\u00a0\u00a0\u00a0\u00a0 I\u00a0\u00a0\u00a0\u00a0<span style=\"color: #1a1adb;\">\u00a0 42\u00a0\u00a0\u00a0\u00a0<span style=\"color: #000000;\">\u00a0 I\u00a0\u00a0\u00a0\u00a0\u00a0 44\u00a0\u00a0\u00a0\u00a0\u00a0 I\u00a0\u00a0\u00a0\u00a0<\/span>\u00a0<\/span> <span style=\"color: #1a1adb;\">46\u00a0<\/span>\u00a0\u00a0\u00a0\u00a0 I\u00a0\u00a0\u00a0\u00a0\u00a0 48\u00a0\u00a0\u00a0\u00a0\u00a0 I\u00a0\u00a0\u00a0\u00a0\u00a0 <span style=\"color: #1a1adb;\">50<\/span>\u00a0\u00a0\u00a0\u00a0\u00a0 I\u00a0\u00a0\u00a0\u00a0\u00a0 52\u00a0\u00a0\u00a0\u00a0\u00a0 I\u00a0\u00a0\u00a0\u00a0\u00a0<span style=\"color: #1a1adb;\"> 54<\/span>\u00a0\u00a0\u00a0\u00a0\u00a0 I\u00a0\u00a0\u00a0\u00a0\u00a0 56\u00a0\u00a0\u00a0\u00a0\u00a0 I\u00a0\u00a0\u00a0\u00a0\u00a0 <span style=\"color: #1a1adb;\">58<\/span>\u00a0\u00a0\u00a0\u00a0\u00a0 I\u00a0\u00a0\u00a0\u00a0\u00a0 60\u00a0\u00a0\u00a0\u00a0\u00a0 I \u00a0\u00a0\u00a0\u00a0 <span style=\"color: #1a1adb;\">62<\/span>\u00a0\u00a0\u00a0\u00a0\u00a0 I\u00a0\u00a0\u00a0\u00a0\u00a0 64\u00a0\u00a0\u00a0\u00a0\u00a0 I<\/span><\/p><p><span style=\"color: #000000;\"><strong>obvod pasu*<\/strong> \u00a0\u00a0\u00a0\u00a0\u00a0 \u00a0<span style=\"color: #1a1adb;\"> 64<\/span> \u00a0 \u00a0 \u00a0 \u00a0 \u00a0 \u00a0 68 \u00a0 \u00a0 \u00a0 \u00a0 \u00a0\u00a0\u00a0<span style=\"color: #1a1adb;\"> 72 \u00a0<\/span> \u00a0 \u00a0 \u00a0 \u00a0 \u00a0 76 \u00a0 \u00a0 \u00a0 \u00a0 \u00a0\u00a0\u00a0<span style=\"color: #1a1adb;\"> 80 \u00a0<\/span> \u00a0 \u00a0\u00a0 \u00a0 \u00a0 \u00a0 84 \u00a0 \u00a0 \u00a0 \u00a0\u00a0 \u00a0\u00a0 <span style=\"color: #1a1adb;\">88<\/span> \u00a0 \u00a0 \u00a0 \u00a0 \u00a0\u00a0\u00a0 92\u00a0\u00a0 \u00a0 \u00a0 \u00a0 \u00a0 \u00a0<span style=\"color: #1a1adb;\"> 96<\/span> \u00a0\u00a0\u00a0\u00a0\u00a0\u00a0\u00a0\u00a0 \u00a0 100 \u00a0 \u00a0\u00a0\u00a0 \u00a0 \u00a0<span style=\"color: #1a1adb;\"> 104 \u00a0<\/span>\u00a0\u00a0\u00a0\u00a0\u00a0 \u00a0 \u00a0 108 \u00a0 \u00a0\u00a0 \u00a0 \u00a0\u00a0<span style=\"color: #1a1adb;\">\u00a0 112<\/span> \u00a0 \u00a0 \u00a0 \u00a0 \u00a0 \u00a0 116 \u00a0 \u00a0 \u00a0\u00a0 \u00a0 \u00a0<span style=\"color: #1a1adb;\"> 120<\/span> \u00a0 \u00a0 \u00a0 \u00a0\u00a0 \u00a0 124<\/span><\/p><p><span style=\"color: #000000;\"><strong>obvod bok\u016f*\u00a0 <\/strong>\u00a0\u00a0\u00a0\u00a0\u00a0 <span style=\"color: #1a1adb;\">88\u00a0<\/span>\u00a0\u00a0\u00a0\u00a0\u00a0 \u00a0\u00a0 \u00a0 \u00a0 92\u00a0 \u00a0 \u00a0 \u00a0 \u00a0 \u00a0\u00a0 <span style=\"color: #1a1adb;\">96<\/span>\u00a0\u00a0\u00a0\u00a0\u00a0\u00a0\u00a0\u00a0\u00a0\u00a0 100\u00a0\u00a0\u00a0\u00a0\u00a0\u00a0 \u00a0 \u00a0\u00a0 <span style=\"color: #1a1adb;\">104<\/span>\u00a0\u00a0\u00a0\u00a0\u00a0\u00a0\u00a0 \u00a0 \u00a0 108\u00a0\u00a0\u00a0\u00a0 \u00a0\u00a0\u00a0 \u00a0\u00a0<span style=\"color: #1a1adb;\"> 112\u00a0<\/span>\u00a0 \u00a0\u00a0 \u00a0\u00a0\u00a0\u00a0 \u00a0 116\u00a0\u00a0\u00a0\u00a0\u00a0\u00a0 \u00a0\u00a0 \u00a0 <span style=\"color: #1a1adb;\">120\u00a0<\/span>\u00a0\u00a0\u00a0\u00a0\u00a0\u00a0\u00a0 \u00a0 124\u00a0\u00a0\u00a0\u00a0 \u00a0\u00a0 \u00a0 \u00a0 <span style=\"color: #1a1adb;\">128<\/span> \u00a0 \u00a0 \u00a0 \u00a0 \u00a0 \u00a0 132\u00a0\u00a0\u00a0\u00a0 \u00a0 \u00a0\u00a0\u00a0\u00a0 <span style=\"color: #1a1adb;\">136\u00a0\u00a0<\/span>\u00a0\u00a0\u00a0\u00a0 \u00a0 \u00a0\u00a0 140 \u00a0 \u00a0 \u00a0 \u00a0 \u00a0 <span style=\"color: #1a1adb;\">144\u00a0<\/span>\u00a0 \u00a0 \u00a0\u00a0\u00a0\u00a0\u00a0 148<\/span><\/p><p><span style=\"color: #000000;\"><strong>* v cm<\/strong><\/span><\/p><\/div>\n\t\t\t\t\t\t\t<\/div>\n\t\t<\/div>\n\t\t\t\t\t\t<\/div>\n\t\t\t\t<\/div>\n\t\t\t\t\t<\/div>\n\t\t<\/div>\n\t\t\t\t<div class=\"elementor-column elementor-col-33 elementor-top-column elementor-element elementor-element-95cd208\" data-id=\"95cd208\" data-element_type=\"column\" data-e-type=\"column\" data-settings=\"{&quot;background_background&quot;:&quot;classic&quot;}\">\n\t\t\t<div class=\"elementor-widget-wrap elementor-element-populated\">\n\t\t\t\t\t\t<div class=\"elementor-element elementor-element-61f5e0b elementor-widget elementor-widget-text-editor\" data-id=\"61f5e0b\" data-element_type=\"widget\" data-e-type=\"widget\" data-widget_type=\"text-editor.default\">\n\t\t\t\t<div class=\"elementor-widget-container\">\n\t\t\t\t\t\t\t\t\t<p><span style=\"color: #000000;\">produkt zna\u010dky<\/span><\/p>\t\t\t\t\t\t\t\t<\/div>\n\t\t\t\t<\/div>\n\t\t\t\t<div class=\"elementor-element elementor-element-8abc18f elementor-widget elementor-widget-image\" data-id=\"8abc18f\" data-element_type=\"widget\" data-e-type=\"widget\" data-widget_type=\"image.default\">\n\t\t\t\t<div class=\"elementor-widget-container\">\n\t\t\t\t\t\t\t\t\t\t\t\t\t\t\t<img fetchpriority=\"high\" decoding=\"async\" width=\"1024\" height=\"896\" src=\"https:\/\/kucera.stoweb.cz\/wp-content\/uploads\/2022\/01\/cxs_black_png-1024x896.png\" class=\"attachment-large size-large wp-image-19262\" alt=\"\" srcset=\"https:\/\/kucera.stoweb.cz\/wp-content\/uploads\/2022\/01\/cxs_black_png-1024x896.png 1024w, https:\/\/kucera.stoweb.cz\/wp-content\/uploads\/2022\/01\/cxs_black_png-300x262.png 300w, https:\/\/kucera.stoweb.cz\/wp-content\/uploads\/2022\/01\/cxs_black_png-600x525.png 600w, https:\/\/kucera.stoweb.cz\/wp-content\/uploads\/2022\/01\/cxs_black_png-768x672.png 768w, https:\/\/kucera.stoweb.cz\/wp-content\/uploads\/2022\/01\/cxs_black_png-1536x1344.png 1536w, https:\/\/kucera.stoweb.cz\/wp-content\/uploads\/2022\/01\/cxs_black_png.png 1622w\" sizes=\"(max-width: 1024px) 100vw, 1024px\" \/>\t\t\t\t\t\t\t\t\t\t\t\t\t\t\t<\/div>\n\t\t\t\t<\/div>\n\t\t\t\t\t<\/div>\n\t\t<\/div>\n\t\t\t\t\t<\/div>\n\t\t<\/section>\n\t\t\t\t<section class=\"elementor-section elementor-top-section elementor-element elementor-element-069e662 elementor-hidden-desktop elementor-section-boxed elementor-section-height-default elementor-section-height-default\" data-id=\"069e662\" data-element_type=\"section\" data-e-type=\"section\">\n\t\t\t\t\t\t<div class=\"elementor-container elementor-column-gap-default\">\n\t\t\t\t\t<div class=\"elementor-column elementor-col-100 elementor-top-column elementor-element elementor-element-3cbad10\" data-id=\"3cbad10\" data-element_type=\"column\" data-e-type=\"column\">\n\t\t\t<div class=\"elementor-widget-wrap elementor-element-populated\">\n\t\t\t\t\t\t<div class=\"elementor-element elementor-element-9b1b243 elementor-widget elementor-widget-text-editor\" data-id=\"9b1b243\" data-element_type=\"widget\" data-e-type=\"widget\" data-widget_type=\"text-editor.default\">\n\t\t\t\t<div class=\"elementor-widget-container\">\n\t\t\t\t\t\t\t\t\t<h3><strong><span style=\"color: #000080;\">popis produktu<\/span><\/strong><\/h3>\t\t\t\t\t\t\t\t<\/div>\n\t\t\t\t<\/div>\n\t\t\t\t<div class=\"elementor-element elementor-element-d862c03 elementor-hidden-desktop elementor-widget elementor-widget-text-editor\" data-id=\"d862c03\" data-element_type=\"widget\" data-e-type=\"widget\" data-widget_type=\"text-editor.default\">\n\t\t\t\t<div class=\"elementor-widget-container\">\n\t\t\t\t\t\t\t\t\t<p><span style=\"color: #000000;\">d\u00e1msk\u00e9 softshellov\u00e9 kalhoty pro voln\u00fd \u010das<\/span><\/p>\n<p><span style=\"color: #000000;\">odep\u00ednac\u00ed \u0161le s nastavitelnou velikost\u00ed<\/span><\/p>\n<p><span style=\"color: #000000;\">flexibiln\u00ed pas s mo\u017enost\u00ed upraven\u00ed velikosti<\/span><\/p>\n<p><span style=\"color: #000000;\">2 p\u0159edn\u00ed kapsy na zip<\/span><\/p>\n<p><span style=\"color: #000000;\">zadn\u00ed kapsa na zip<\/span><\/p>\n<p><span style=\"color: #000000;\">v\u011btr\u00e1n\u00ed na stehn\u011b<\/span><\/p>\n<p><span style=\"color: #000000;\">zip dole na nohavic\u00edch<\/span><\/p>\n<p><span style=\"color: #000000;\">vnit\u0159n\u00ed protisn\u011b\u017en\u00fd p\u00e1s ve spodn\u00ed \u010d\u00e1sti nohavic<\/span><\/p>\n<p><span style=\"color: #000000;\">reflexn\u00ed dopl\u0148ky<\/span><\/p>\n<p><span style=\"color: #000000;\">TPU membr\u00e1na<\/span><\/p>\n<p><span style=\"color: #000000;\"><strong>materi\u00e1l &nbsp; &nbsp; &nbsp;&nbsp; &nbsp; &nbsp; &nbsp; &nbsp; &nbsp; &nbsp; &nbsp;<\/strong> 94 % polyester, &nbsp; &nbsp; &nbsp; 6 % elastan<\/span><\/p>\n<p><span style=\"color: #000000;\"><strong>gram\u00e1\u017e<\/strong> &nbsp;&nbsp;&nbsp;&nbsp;&nbsp;&nbsp;&nbsp; &nbsp; &nbsp; &nbsp; &nbsp; &nbsp;&nbsp; &nbsp; &nbsp; 310 g\/m\u00b2<\/span><\/p>\n<p><span style=\"color: #000000;\"><strong>vod\u011bodolnost&nbsp;&nbsp; &nbsp; &nbsp; &nbsp; &nbsp;<\/strong>&nbsp; 5 000 mm<\/span><\/p>\n<p><span style=\"color: #000000;\"><strong>paropropustnost&nbsp;&nbsp;&nbsp;&nbsp;&nbsp; <\/strong> 5 000 g\/m\u00b2\/24h<\/span><\/p>\n<p><span style=\"color: #000000;\">velikost <strong>36-54<\/strong><\/span> <br><\/p>\t\t\t\t\t\t\t\t<\/div>\n\t\t\t\t<\/div>\n\t\t\t\t\t<\/div>\n\t\t<\/div>\n\t\t\t\t\t<\/div>\n\t\t<\/section>\n\t\t\t\t<\/div>\n\t\t","protected":false},"excerpt":{"rendered":"<h6><span style=\"color: #000000;\"><span style=\"color: #595959;\">katalogov\u00e9 \u010d\u00edslo<\/span><strong> 29154<br \/>\n<\/strong><\/span><\/h6>\n<h6>k\u00f3d v\u00fdrobce <strong>1420-004-800-00<\/strong><\/h6>\n<p><img decoding=\"async\" class=\"alignnone wp-image-13655\" src=\"https:\/\/kucera.stoweb.cz\/wp-content\/uploads\/2021\/10\/symbol-zimy.png\" alt=\"\" width=\"45\" height=\"45\" \/><\/p>\n","protected":false},"featured_media":68874,"comment_status":"closed","ping_status":"closed","template":"","meta":{"ocean_post_layout":"","ocean_both_sidebars_style":"","ocean_both_sidebars_content_width":0,"ocean_both_sidebars_sidebars_width":0,"ocean_sidebar":"0","ocean_second_sidebar":"0","ocean_disable_margins":"enable","ocean_add_body_class":"","ocean_shortcode_before_top_bar":"","ocean_shortcode_after_top_bar":"","ocean_shortcode_before_header":"","ocean_shortcode_after_header":"","ocean_has_shortcode":"","ocean_shortcode_after_title":"","ocean_shortcode_before_footer_widgets":"","ocean_shortcode_after_footer_widgets":"","ocean_shortcode_before_footer_bottom":"","ocean_shortcode_after_footer_bottom":"","ocean_display_top_bar":"default","ocean_display_header":"default","ocean_header_style":"","ocean_center_header_left_menu":"0","ocean_custom_header_template":"0","ocean_custom_logo":0,"ocean_custom_retina_logo":0,"ocean_custom_logo_max_width":0,"ocean_custom_logo_tablet_max_width":0,"ocean_custom_logo_mobile_max_width":0,"ocean_custom_logo_max_height":0,"ocean_custom_logo_tablet_max_height":0,"ocean_custom_logo_mobile_max_height":0,"ocean_header_custom_menu":"0","ocean_menu_typo_font_family":"0","ocean_menu_typo_font_subset":"","ocean_menu_typo_font_size":0,"ocean_menu_typo_font_size_tablet":0,"ocean_menu_typo_font_size_mobile":0,"ocean_menu_typo_font_size_unit":"px","ocean_menu_typo_font_weight":"","ocean_menu_typo_font_weight_tablet":"","ocean_menu_typo_font_weight_mobile":"","ocean_menu_typo_transform":"","ocean_menu_typo_transform_tablet":"","ocean_menu_typo_transform_mobile":"","ocean_menu_typo_line_height":0,"ocean_menu_typo_line_height_tablet":0,"ocean_menu_typo_line_height_mobile":0,"ocean_menu_typo_line_height_unit":"","ocean_menu_typo_spacing":0,"ocean_menu_typo_spacing_tablet":0,"ocean_menu_typo_spacing_mobile":0,"ocean_menu_typo_spacing_unit":"","ocean_menu_link_color":"","ocean_menu_link_color_hover":"","ocean_menu_link_color_active":"","ocean_menu_link_background":"","ocean_menu_link_hover_background":"","ocean_menu_link_active_background":"","ocean_menu_social_links_bg":"","ocean_menu_social_hover_links_bg":"","ocean_menu_social_links_color":"","ocean_menu_social_hover_links_color":"","ocean_disable_title":"default","ocean_disable_heading":"enable","ocean_post_title":"","ocean_post_subheading":"","ocean_post_title_style":"","ocean_post_title_background_color":"","ocean_post_title_background":0,"ocean_post_title_bg_image_position":"","ocean_post_title_bg_image_attachment":"","ocean_post_title_bg_image_repeat":"","ocean_post_title_bg_image_size":"","ocean_post_title_height":0,"ocean_post_title_bg_overlay":0.5,"ocean_post_title_bg_overlay_color":"","ocean_disable_breadcrumbs":"on","ocean_breadcrumbs_color":"","ocean_breadcrumbs_separator_color":"","ocean_breadcrumbs_links_color":"","ocean_breadcrumbs_links_hover_color":"","ocean_display_footer_widgets":"off","ocean_display_footer_bottom":"off","ocean_custom_footer_template":"0"},"product_brand":[],"product_cat":[179],"product_tag":[],"class_list":{"0":"post-134711","1":"product","2":"type-product","3":"status-publish","4":"has-post-thumbnail","6":"product_cat-odevy","7":"pa_barva-cerna","8":"pa_vel-164","9":"pa_vel-125","10":"pa_vel-40-2","11":"pa_vel-42-2","12":"pa_vel-44-2","13":"pa_vel-46-2","14":"pa_vel-45","15":"pa_vel-46","16":"pa_vel-47","17":"pa_vel-48","19":"entry","20":"has-media","22":"first","23":"instock","24":"taxable","25":"shipping-taxable","26":"purchasable","27":"product-type-variable","28":"col","29":"span_1_of_4","30":"owp-content-left","31":"owp-thumbs-layout-horizontal","32":"owp-btn-big","33":"owp-tabs-layout-horizontal","34":"has-no-thumbnails"},"_links":{"self":[{"href":"https:\/\/kucera.stoweb.cz\/index.php\/wp-json\/wp\/v2\/product\/134711","targetHints":{"allow":["GET"]}}],"collection":[{"href":"https:\/\/kucera.stoweb.cz\/index.php\/wp-json\/wp\/v2\/product"}],"about":[{"href":"https:\/\/kucera.stoweb.cz\/index.php\/wp-json\/wp\/v2\/types\/product"}],"replies":[{"embeddable":true,"href":"https:\/\/kucera.stoweb.cz\/index.php\/wp-json\/wp\/v2\/comments?post=134711"}],"version-history":[{"count":3,"href":"https:\/\/kucera.stoweb.cz\/index.php\/wp-json\/wp\/v2\/product\/134711\/revisions"}],"predecessor-version":[{"id":134768,"href":"https:\/\/kucera.stoweb.cz\/index.php\/wp-json\/wp\/v2\/product\/134711\/revisions\/134768"}],"wp:featuredmedia":[{"embeddable":true,"href":"https:\/\/kucera.stoweb.cz\/index.php\/wp-json\/wp\/v2\/media\/68874"}],"wp:attachment":[{"href":"https:\/\/kucera.stoweb.cz\/index.php\/wp-json\/wp\/v2\/media?parent=134711"}],"wp:term":[{"taxonomy":"product_brand","embeddable":true,"href":"https:\/\/kucera.stoweb.cz\/index.php\/wp-json\/wp\/v2\/product_brand?post=134711"},{"taxonomy":"product_cat","embeddable":true,"href":"https:\/\/kucera.stoweb.cz\/index.php\/wp-json\/wp\/v2\/product_cat?post=134711"},{"taxonomy":"product_tag","embeddable":true,"href":"https:\/\/kucera.stoweb.cz\/index.php\/wp-json\/wp\/v2\/product_tag?post=134711"}],"curies":[{"name":"wp","href":"https:\/\/api.w.org\/{rel}","templated":true}]}}