{"id":134136,"date":"2024-08-12T13:59:52","date_gmt":"2024-08-12T11:59:52","guid":{"rendered":"https:\/\/kucera.stoweb.cz\/?post_type=product&#038;p=134136"},"modified":"2024-08-12T13:59:52","modified_gmt":"2024-08-12T11:59:52","slug":"cityconic-softshellove-kalhoty-do-pasu-panske-tmave-sede","status":"publish","type":"product","link":"https:\/\/kucera.stoweb.cz\/index.php\/produkt\/cityconic-softshellove-kalhoty-do-pasu-panske-tmave-sede\/","title":{"rendered":"CITYCONIC softshellov\u00e9 kalhoty do pasu p\u00e1nsk\u00e9 tmav\u011b \u0161ed\u00e9"},"content":{"rendered":"\t\t<div data-elementor-type=\"wp-post\" data-elementor-id=\"134136\" class=\"elementor elementor-134136\" data-elementor-post-type=\"product\">\n\t\t\t\t\t\t<section class=\"elementor-section elementor-top-section elementor-element elementor-element-12589d9 elementor-hidden-tablet elementor-hidden-mobile elementor-section-boxed elementor-section-height-default elementor-section-height-default\" data-id=\"12589d9\" data-element_type=\"section\" data-e-type=\"section\">\n\t\t\t\t\t\t<div class=\"elementor-container elementor-column-gap-default\">\n\t\t\t\t\t<div class=\"elementor-column elementor-col-66 elementor-top-column elementor-element elementor-element-2570f49\" data-id=\"2570f49\" data-element_type=\"column\" data-e-type=\"column\">\n\t\t\t<div class=\"elementor-widget-wrap elementor-element-populated\">\n\t\t\t\t\t\t<div class=\"elementor-element elementor-element-018ece1 elementor-hidden-tablet elementor-hidden-mobile elementor-tabs-view-horizontal elementor-widget elementor-widget-tabs\" data-id=\"018ece1\" data-element_type=\"widget\" data-e-type=\"widget\" data-settings=\"{&quot;_animation&quot;:&quot;none&quot;}\" data-widget_type=\"tabs.default\">\n\t\t\t\t<div class=\"elementor-widget-container\">\n\t\t\t\t\t\t\t<div class=\"elementor-tabs\">\n\t\t\t<div class=\"elementor-tabs-wrapper\" role=\"tablist\" >\n\t\t\t\t\t\t\t\t\t<div id=\"elementor-tab-title-1631\" class=\"elementor-tab-title elementor-tab-desktop-title\" aria-selected=\"true\" data-tab=\"1\" role=\"tab\" tabindex=\"0\" aria-controls=\"elementor-tab-content-1631\" aria-expanded=\"false\">popis produktu<\/div>\n\t\t\t\t\t\t\t\t\t<div id=\"elementor-tab-title-1632\" class=\"elementor-tab-title elementor-tab-desktop-title\" aria-selected=\"false\" data-tab=\"2\" role=\"tab\" tabindex=\"-1\" aria-controls=\"elementor-tab-content-1632\" aria-expanded=\"false\">technick\u00e9 parametry<\/div>\n\t\t\t\t\t\t\t\t\t<div id=\"elementor-tab-title-1633\" class=\"elementor-tab-title elementor-tab-desktop-title\" aria-selected=\"false\" data-tab=\"3\" role=\"tab\" tabindex=\"-1\" aria-controls=\"elementor-tab-content-1633\" aria-expanded=\"false\">dokumenty<\/div>\n\t\t\t\t\t\t\t\t\t<div id=\"elementor-tab-title-1634\" class=\"elementor-tab-title elementor-tab-desktop-title\" aria-selected=\"false\" data-tab=\"4\" role=\"tab\" tabindex=\"-1\" aria-controls=\"elementor-tab-content-1634\" aria-expanded=\"false\">tabulka velikost\u00ed<\/div>\n\t\t\t\t\t\t\t<\/div>\n\t\t\t<div class=\"elementor-tabs-content-wrapper\" role=\"tablist\" aria-orientation=\"vertical\">\n\t\t\t\t\t\t\t\t\t<div class=\"elementor-tab-title elementor-tab-mobile-title\" aria-selected=\"true\" data-tab=\"1\" role=\"tab\" tabindex=\"0\" aria-controls=\"elementor-tab-content-1631\" aria-expanded=\"false\">popis produktu<\/div>\n\t\t\t\t\t<div id=\"elementor-tab-content-1631\" class=\"elementor-tab-content elementor-clearfix\" data-tab=\"1\" role=\"tabpanel\" aria-labelledby=\"elementor-tab-title-1631\" tabindex=\"0\" hidden=\"false\"><p><span style=\"color: #000000;\">p\u00e1nsk\u00e9 softshellov\u00e9 kalhoty v propracovan\u00e9m \u0161t\u00edhl\u00e9m st\u0159ihu SLIM FIT<\/span><\/p><p><span style=\"color: #000000;\">\u010dty\u0159sm\u011brn\u011b elastick\u00fd softshell ElasticTech\u00aeActive v kombinaci s funk\u010dn\u00edm tvarov\u00e1n\u00edm kalhot zajist\u00ed skv\u011bl\u00e9 p\u0159izp\u016fsoben\u00ed pohybu<\/span><\/p><p><span style=\"color: #000000;\">kalhoty jsou vhodn\u00e9 i do n\u00e1ro\u010dn\u00fdch klimatick\u00fdch podm\u00ednek, jsou vodoodpudiv\u00e9 a sou\u010dasn\u011b prody\u0161n\u00e9<\/span><\/p><p><span style=\"color: #000000;\">speci\u00e1ln\u00ed vnit\u0159n\u00ed vrstva zaru\u010duje vysok\u00fd komfort p\u0159i no\u0161en\u00ed<\/span><\/p><p><span style=\"color: #000000;\">zadn\u00ed d\u00edl \u010dlen\u00ed sedlo a 1 zipov\u00e1 kapsa<\/span><\/p><p><span style=\"color: #000000;\">na p\u0159edn\u00edm d\u00edlu nohavic jsou um\u00edst\u011bn\u00e9 2 zipov\u00e9 kapsy<\/span><\/p><p><span style=\"color: #000000;\">bo\u010dn\u00ed ventila\u010dn\u00ed zipy<\/span><\/p><p><span style=\"color: #000000;\">pru\u017en\u00fd obvod pasu\u00a0<\/span><\/p><p><span style=\"color: #000000;\">zv\u00fd\u0161enou bezpe\u010dnost zaji\u0161\u0165uj\u00ed reflexn\u00ed 3D potisky<\/span><\/p><p><span style=\"color: #000000;\">velikost <strong>46-64<\/strong><\/span><\/p><\/div>\n\t\t\t\t\t\t\t\t\t<div class=\"elementor-tab-title elementor-tab-mobile-title\" aria-selected=\"false\" data-tab=\"2\" role=\"tab\" tabindex=\"-1\" aria-controls=\"elementor-tab-content-1632\" aria-expanded=\"false\">technick\u00e9 parametry<\/div>\n\t\t\t\t\t<div id=\"elementor-tab-content-1632\" class=\"elementor-tab-content elementor-clearfix\" data-tab=\"2\" role=\"tabpanel\" aria-labelledby=\"elementor-tab-title-1632\" tabindex=\"0\" hidden=\"hidden\"><p><span style=\"color: #000000;\"><strong>materi\u00e1l \u00a0 \u00a0 \u00a0\u00a0 \u00a0 \u00a0 \u00a0<\/strong> 92 % nylon, 8 % spandex <\/span><\/p><p><span style=\"color: #000000;\"><strong>gram\u00e1\u017e<\/strong> \u00a0\u00a0\u00a0\u00a0\u00a0\u00a0\u00a0 \u00a0 \u00a0\u00a0 \u00a0 220 g\/m\u00b2<\/span><\/p><p><span style=\"color: #000000;\"><strong>norma\u00a0\u00a0\u00a0\u00a0\u00a0\u00a0\u00a0\u00a0 \u00a0 \u00a0 \u00a0\u00a0\u00a0 <\/strong>\u010cSN EN ISO 13688<strong><br \/><\/strong><\/span><\/p><p><span style=\"color: #000000;\"><strong>v\u00fdrobce \u00a0 \u00a0 \u00a0 \u00a0 \u00a0\u00a0 \u00a0 <\/strong>ARDON\u00ae<\/span><\/p><\/div>\n\t\t\t\t\t\t\t\t\t<div class=\"elementor-tab-title elementor-tab-mobile-title\" aria-selected=\"false\" data-tab=\"3\" role=\"tab\" tabindex=\"-1\" aria-controls=\"elementor-tab-content-1633\" aria-expanded=\"false\">dokumenty<\/div>\n\t\t\t\t\t<div id=\"elementor-tab-content-1633\" class=\"elementor-tab-content elementor-clearfix\" data-tab=\"3\" role=\"tabpanel\" aria-labelledby=\"elementor-tab-title-1633\" tabindex=\"0\" hidden=\"hidden\"><p><a href=\"https:\/\/www.ardon.cz\/eshop\/download\/product-attachment?id=20811\" target=\"_blank\" rel=\"noopener\">prohl\u00e1\u0161en\u00ed o shod\u011b<\/a><\/p><p><a href=\"https:\/\/www.ardon.cz\/eshop\/download\/product-attachment?id=20813\" target=\"_blank\" rel=\"noopener\">technick\u00fd list<\/a><\/p><\/div>\n\t\t\t\t\t\t\t\t\t<div class=\"elementor-tab-title elementor-tab-mobile-title\" aria-selected=\"false\" data-tab=\"4\" role=\"tab\" tabindex=\"-1\" aria-controls=\"elementor-tab-content-1634\" aria-expanded=\"false\">tabulka velikost\u00ed<\/div>\n\t\t\t\t\t<div id=\"elementor-tab-content-1634\" class=\"elementor-tab-content elementor-clearfix\" data-tab=\"4\" role=\"tabpanel\" aria-labelledby=\"elementor-tab-title-1634\" tabindex=\"0\" hidden=\"hidden\"><p><span style=\"color: #000000;\"><strong>p\u00e1nsk\u00e9 velikosti kalhot UNI\/univerz\u00e1ln\u00ed d\u00e9lky na v\u00fd\u0161ku postavy nad 176 cm <br \/><\/strong><\/span><\/p><p><span style=\"color: #000000;\"><strong>velikost<\/strong> \u00a0 \u00a0 \u00a0 \u00a0 \u00a0 \u00a0 \u00a0\u00a0\u00a0\u00a0\u00a0 I\u00a0\u00a0\u00a0\u00a0\u00a0\u00a0\u00a0 <span style=\"color: #1a1adb;\">46<\/span> \u00a0\u00a0\u00a0\u00a0\u00a0\u00a0 I\u00a0\u00a0\u00a0\u00a0\u00a0\u00a0\u00a0 48 \u00a0\u00a0\u00a0\u00a0\u00a0\u00a0 I\u00a0\u00a0\u00a0\u00a0\u00a0\u00a0\u00a0 <span style=\"color: #1a1adb;\">50<\/span> \u00a0 \u00a0 \u00a0\u00a0 I\u00a0\u00a0\u00a0\u00a0\u00a0\u00a0\u00a0 52\u00a0\u00a0\u00a0\u00a0\u00a0\u00a0\u00a0 I\u00a0\u00a0\u00a0\u00a0\u00a0\u00a0\u00a0 <span style=\"color: #1a1adb;\">54<\/span> \u00a0\u00a0\u00a0\u00a0\u00a0\u00a0 I\u00a0\u00a0\u00a0\u00a0\u00a0\u00a0\u00a0 56 \u00a0\u00a0\u00a0\u00a0\u00a0\u00a0 I \u00a0\u00a0\u00a0\u00a0\u00a0\u00a0 <span style=\"color: #1a1adb;\">58 \u00a0\u00a0<span style=\"color: #000000;\">\u00a0\u00a0\u00a0\u00a0 I\u00a0\u00a0\u00a0\u00a0\u00a0\u00a0\u00a0 60 \u00a0\u00a0\u00a0\u00a0\u00a0\u00a0 I<\/span>\u00a0\u00a0\u00a0\u00a0\u00a0\u00a0\u00a0 62<\/span> \u00a0\u00a0\u00a0\u00a0\u00a0\u00a0 I\u00a0\u00a0\u00a0\u00a0\u00a0\u00a0\u00a0 64 \u00a0\u00a0\u00a0\u00a0\u00a0\u00a0 I<\/span><\/p><p><span style=\"color: #000000;\"><strong>obvod pasu*<\/strong> \u00a0\u00a0 \u00a0\u00a0\u00a0\u00a0\u00a0 \u00a0 \u00a0 \u00a0 \u00a0\u00a0 <span style=\"color: #1a1adb;\">82<\/span>\u00a0 \u00a0 \u00a0 \u00a0\u00a0 \u00a0 \u00a0 \u00a0 \u00a0 86 \u00a0\u00a0 \u00a0 \u00a0 \u00a0 \u00a0 \u00a0 \u00a0\u00a0 <span style=\"color: #1a1adb;\">90<\/span>\u00a0\u00a0\u00a0\u00a0 \u00a0 \u00a0 \u00a0 \u00a0 \u00a0 \u00a0 94 \u00a0\u00a0 \u00a0 \u00a0 \u00a0 \u00a0 \u00a0 \u00a0\u00a0 <span style=\"color: #1a1adb;\">98<\/span>\u00a0\u00a0 \u00a0 \u00a0 \u00a0 \u00a0\u00a0 \u00a0 \u00a0\u00a0 103\u00a0 \u00a0\u00a0\u00a0\u00a0\u00a0\u00a0\u00a0\u00a0\u00a0\u00a0\u00a0\u00a0 <span style=\"color: #1a1adb;\">108<\/span>\u00a0 \u00a0 \u00a0 \u00a0 \u00a0 \u00a0 \u00a0 \u00a0 113 \u00a0\u00a0\u00a0\u00a0\u00a0\u00a0\u00a0\u00a0\u00a0\u00a0\u00a0 \u00a0 \u00a0 <span style=\"color: #1a1adb;\">118<\/span>\u00a0\u00a0\u00a0\u00a0\u00a0\u00a0\u00a0\u00a0\u00a0 \u00a0 \u00a0\u00a0\u00a0 123 \u00a0<\/span><\/p><p><span style=\"color: #000000;\"><strong>obvod sedu*<\/strong> \u00a0\u00a0 \u00a0 \u00a0 \u00a0 \u00a0 \u00a0\u00a0\u00a0\u00a0\u00a0\u00a0 <span style=\"color: #1a1adb;\">94<\/span> \u00a0\u00a0 \u00a0 \u00a0\u00a0 \u00a0 \u00a0 \u00a0 \u00a0 98\u00a0\u00a0\u00a0\u00a0\u00a0\u00a0\u00a0\u00a0\u00a0\u00a0\u00a0\u00a0\u00a0\u00a0\u00a0 <span style=\"color: #1a1adb;\">102<\/span> \u00a0 \u00a0 \u00a0 \u00a0 \u00a0 \u00a0\u00a0 \u00a0 106 \u00a0 \u00a0 \u00a0\u00a0 \u00a0 \u00a0 \u00a0 \u00a0 <span style=\"color: #1a1adb;\">110<\/span>\u00a0 \u00a0\u00a0\u00a0\u00a0\u00a0\u00a0\u00a0 \u00a0 \u00a0\u00a0\u00a0\u00a0 114 \u00a0 \u00a0 \u00a0\u00a0 \u00a0 \u00a0\u00a0 \u00a0\u00a0 <span style=\"color: #1a1adb;\">118<\/span> \u00a0 \u00a0 \u00a0 \u00a0\u00a0 \u00a0 \u00a0 \u00a0 122 \u00a0\u00a0 \u00a0 \u00a0 \u00a0 \u00a0 \u00a0 \u00a0 <span style=\"color: #1a1adb;\">126<\/span> \u00a0 \u00a0 \u00a0 \u00a0 \u00a0 \u00a0\u00a0 \u00a0 130<\/span><\/p><p><span style=\"color: #000000;\"><strong>* v cm<\/strong><\/span><\/p><\/div>\n\t\t\t\t\t\t\t<\/div>\n\t\t<\/div>\n\t\t\t\t\t\t<\/div>\n\t\t\t\t<\/div>\n\t\t\t\t\t<\/div>\n\t\t<\/div>\n\t\t\t\t<div class=\"elementor-column elementor-col-33 elementor-top-column elementor-element elementor-element-95cd208\" data-id=\"95cd208\" data-element_type=\"column\" data-e-type=\"column\" data-settings=\"{&quot;background_background&quot;:&quot;classic&quot;}\">\n\t\t\t<div class=\"elementor-widget-wrap elementor-element-populated\">\n\t\t\t\t\t\t<div class=\"elementor-element elementor-element-61f5e0b elementor-widget elementor-widget-text-editor\" data-id=\"61f5e0b\" data-element_type=\"widget\" data-e-type=\"widget\" data-widget_type=\"text-editor.default\">\n\t\t\t\t<div class=\"elementor-widget-container\">\n\t\t\t\t\t\t\t\t\t<p><span style=\"color: #000000;\">produkt zna\u010dky<\/span><\/p>\t\t\t\t\t\t\t\t<\/div>\n\t\t\t\t<\/div>\n\t\t\t\t<div class=\"elementor-element elementor-element-8abc18f elementor-widget elementor-widget-image\" data-id=\"8abc18f\" data-element_type=\"widget\" data-e-type=\"widget\" data-widget_type=\"image.default\">\n\t\t\t\t<div class=\"elementor-widget-container\">\n\t\t\t\t\t\t\t\t\t\t\t\t\t\t\t<img decoding=\"async\" width=\"170\" height=\"170\" src=\"https:\/\/kucera.stoweb.cz\/wp-content\/uploads\/2022\/06\/ARDON-logo.png\" class=\"attachment-large size-large wp-image-36300\" alt=\"\" srcset=\"https:\/\/kucera.stoweb.cz\/wp-content\/uploads\/2022\/06\/ARDON-logo.png 170w, https:\/\/kucera.stoweb.cz\/wp-content\/uploads\/2022\/06\/ARDON-logo-100x100.png 100w, https:\/\/kucera.stoweb.cz\/wp-content\/uploads\/2022\/06\/ARDON-logo-150x150.png 150w\" sizes=\"(max-width: 170px) 100vw, 170px\" \/>\t\t\t\t\t\t\t\t\t\t\t\t\t\t\t<\/div>\n\t\t\t\t<\/div>\n\t\t\t\t\t<\/div>\n\t\t<\/div>\n\t\t\t\t\t<\/div>\n\t\t<\/section>\n\t\t\t\t<section class=\"elementor-section elementor-top-section elementor-element elementor-element-069e662 elementor-hidden-desktop elementor-section-boxed elementor-section-height-default elementor-section-height-default\" data-id=\"069e662\" data-element_type=\"section\" data-e-type=\"section\">\n\t\t\t\t\t\t<div class=\"elementor-container elementor-column-gap-default\">\n\t\t\t\t\t<div class=\"elementor-column elementor-col-100 elementor-top-column elementor-element elementor-element-3cbad10\" data-id=\"3cbad10\" data-element_type=\"column\" data-e-type=\"column\">\n\t\t\t<div class=\"elementor-widget-wrap elementor-element-populated\">\n\t\t\t\t\t\t<div class=\"elementor-element elementor-element-9b1b243 elementor-widget elementor-widget-text-editor\" data-id=\"9b1b243\" data-element_type=\"widget\" data-e-type=\"widget\" data-widget_type=\"text-editor.default\">\n\t\t\t\t<div class=\"elementor-widget-container\">\n\t\t\t\t\t\t\t\t\t<h3><strong><span style=\"color: #000080;\">popis produktu<\/span><\/strong><\/h3>\t\t\t\t\t\t\t\t<\/div>\n\t\t\t\t<\/div>\n\t\t\t\t<div class=\"elementor-element elementor-element-d862c03 elementor-hidden-desktop elementor-widget elementor-widget-text-editor\" data-id=\"d862c03\" data-element_type=\"widget\" data-e-type=\"widget\" data-widget_type=\"text-editor.default\">\n\t\t\t\t<div class=\"elementor-widget-container\">\n\t\t\t\t\t\t\t\t\t<p><span style=\"color: #000000;\">p\u00e1nsk\u00e9 softshellov\u00e9 kalhoty v propracovan\u00e9m \u0161t\u00edhl\u00e9m st\u0159ihu SLIM FIT<\/span><\/p><p><span style=\"color: #000000;\">\u010dty\u0159sm\u011brn\u011b elastick\u00fd softshell ElasticTech\u00aeActive v kombinaci s funk\u010dn\u00edm tvarov\u00e1n\u00edm kalhot zajist\u00ed skv\u011bl\u00e9 p\u0159izp\u016fsoben\u00ed pohybu<\/span><\/p><p><span style=\"color: #000000;\">kalhoty jsou vhodn\u00e9 i do n\u00e1ro\u010dn\u00fdch klimatick\u00fdch podm\u00ednek, jsou vodoodpudiv\u00e9 a sou\u010dasn\u011b prody\u0161n\u00e9<\/span><\/p><p><span style=\"color: #000000;\">speci\u00e1ln\u00ed vnit\u0159n\u00ed vrstva zaru\u010duje vysok\u00fd komfort p\u0159i no\u0161en\u00ed<\/span><\/p><p><span style=\"color: #000000;\">zadn\u00ed d\u00edl \u010dlen\u00ed sedlo a 1 zipov\u00e1 kapsa<\/span><\/p><p><span style=\"color: #000000;\">na p\u0159edn\u00edm d\u00edlu nohavic jsou um\u00edst\u011bn\u00e9 2 zipov\u00e9 kapsy<\/span><\/p><p><span style=\"color: #000000;\">bo\u010dn\u00ed ventila\u010dn\u00ed zipy<\/span><\/p><p><span style=\"color: #000000;\">pru\u017en\u00fd obvod pasu\u00a0<\/span><\/p><p><span style=\"color: #000000;\">zv\u00fd\u0161enou bezpe\u010dnost zaji\u0161\u0165uj\u00ed reflexn\u00ed 3D potisky<\/span><\/p><p><span style=\"color: #000000;\"><strong>materi\u00e1l \u00a0 \u00a0 \u00a0\u00a0 \u00a0 \u00a0 \u00a0<\/strong> 92 % nylon, 8 % spandex<\/span><\/p><p><span style=\"color: #000000;\"><strong>gram\u00e1\u017e<\/strong> \u00a0\u00a0\u00a0\u00a0\u00a0\u00a0\u00a0 \u00a0 \u00a0\u00a0 \u00a0 220 g\/m\u00b2<\/span><\/p><p><span style=\"color: #000000;\">velikost <strong>46-64<\/strong><\/span><\/p>\t\t\t\t\t\t\t\t<\/div>\n\t\t\t\t<\/div>\n\t\t\t\t\t<\/div>\n\t\t<\/div>\n\t\t\t\t\t<\/div>\n\t\t<\/section>\n\t\t\t\t<section class=\"elementor-section elementor-top-section elementor-element elementor-element-e6be8e3 elementor-hidden-tablet elementor-hidden-mobile elementor-section-boxed elementor-section-height-default elementor-section-height-default\" data-id=\"e6be8e3\" data-element_type=\"section\" data-e-type=\"section\" data-settings=\"{&quot;background_background&quot;:&quot;classic&quot;}\">\n\t\t\t\t\t\t<div class=\"elementor-container elementor-column-gap-default\">\n\t\t\t\t\t<div class=\"elementor-column elementor-col-25 elementor-top-column elementor-element elementor-element-5bcae6c\" data-id=\"5bcae6c\" data-element_type=\"column\" data-e-type=\"column\" data-settings=\"{&quot;background_background&quot;:&quot;classic&quot;}\">\n\t\t\t<div class=\"elementor-widget-wrap elementor-element-populated\">\n\t\t\t\t\t\t<div class=\"elementor-element elementor-element-d1c2c21 elementor-widget elementor-widget-text-editor\" data-id=\"d1c2c21\" data-element_type=\"widget\" data-e-type=\"widget\" data-widget_type=\"text-editor.default\">\n\t\t\t\t<div class=\"elementor-widget-container\">\n\t\t\t\t\t\t\t\t\t<p><span lang=\"EN\" style=\"color: #000000;\">ochrann\u00e9 od\u011bvy &#8211; v\u0161eobecn\u00e9 po\u017eadavky <br \/><\/span><\/p><p><span lang=\"EN\" style=\"color: #000000;\">\u010cSN EN ISO 13688 : 2013 <\/span><span lang=\"EN\" style=\"color: #000000;\"><span lang=\"EN\">\u00a0\u00a0\u00a0\u00a0\u00a0\u00a0\u00a0<\/span> <\/span><\/p>\t\t\t\t\t\t\t\t<\/div>\n\t\t\t\t<\/div>\n\t\t\t\t\t<\/div>\n\t\t<\/div>\n\t\t\t\t<div class=\"elementor-column elementor-col-25 elementor-top-column elementor-element elementor-element-7830c7e\" data-id=\"7830c7e\" data-element_type=\"column\" data-e-type=\"column\" data-settings=\"{&quot;background_background&quot;:&quot;classic&quot;}\">\n\t\t\t<div class=\"elementor-widget-wrap\">\n\t\t\t\t\t\t\t<\/div>\n\t\t<\/div>\n\t\t\t\t<div class=\"elementor-column elementor-col-25 elementor-top-column elementor-element elementor-element-7648558\" data-id=\"7648558\" data-element_type=\"column\" data-e-type=\"column\" data-settings=\"{&quot;background_background&quot;:&quot;classic&quot;}\">\n\t\t\t<div class=\"elementor-widget-wrap\">\n\t\t\t\t\t\t\t<\/div>\n\t\t<\/div>\n\t\t\t\t<div class=\"elementor-column elementor-col-25 elementor-top-column elementor-element elementor-element-0cfce78\" data-id=\"0cfce78\" data-element_type=\"column\" data-e-type=\"column\" data-settings=\"{&quot;background_background&quot;:&quot;classic&quot;}\">\n\t\t\t<div class=\"elementor-widget-wrap\">\n\t\t\t\t\t\t\t<\/div>\n\t\t<\/div>\n\t\t\t\t\t<\/div>\n\t\t<\/section>\n\t\t\t\t<\/div>\n\t\t","protected":false},"excerpt":{"rendered":"<h6><span style=\"color: #000000;\"><span style=\"color: #595959;\">katalogov\u00e9 \u010d\u00edslo<\/span><strong> 29152<br \/>\n<\/strong><\/span><\/h6>\n<h6>k\u00f3d v\u00fdrobce <strong>H2306<\/strong><\/h6>\n<p>&nbsp;<\/p>\n","protected":false},"featured_media":134091,"comment_status":"closed","ping_status":"closed","template":"","meta":{"ocean_post_layout":"","ocean_both_sidebars_style":"","ocean_both_sidebars_content_width":0,"ocean_both_sidebars_sidebars_width":0,"ocean_sidebar":"0","ocean_second_sidebar":"0","ocean_disable_margins":"enable","ocean_add_body_class":"","ocean_shortcode_before_top_bar":"","ocean_shortcode_after_top_bar":"","ocean_shortcode_before_header":"","ocean_shortcode_after_header":"","ocean_has_shortcode":"","ocean_shortcode_after_title":"","ocean_shortcode_before_footer_widgets":"","ocean_shortcode_after_footer_widgets":"","ocean_shortcode_before_footer_bottom":"","ocean_shortcode_after_footer_bottom":"","ocean_display_top_bar":"default","ocean_display_header":"default","ocean_header_style":"","ocean_center_header_left_menu":"0","ocean_custom_header_template":"0","ocean_custom_logo":0,"ocean_custom_retina_logo":0,"ocean_custom_logo_max_width":0,"ocean_custom_logo_tablet_max_width":0,"ocean_custom_logo_mobile_max_width":0,"ocean_custom_logo_max_height":0,"ocean_custom_logo_tablet_max_height":0,"ocean_custom_logo_mobile_max_height":0,"ocean_header_custom_menu":"0","ocean_menu_typo_font_family":"0","ocean_menu_typo_font_subset":"","ocean_menu_typo_font_size":0,"ocean_menu_typo_font_size_tablet":0,"ocean_menu_typo_font_size_mobile":0,"ocean_menu_typo_font_size_unit":"px","ocean_menu_typo_font_weight":"","ocean_menu_typo_font_weight_tablet":"","ocean_menu_typo_font_weight_mobile":"","ocean_menu_typo_transform":"","ocean_menu_typo_transform_tablet":"","ocean_menu_typo_transform_mobile":"","ocean_menu_typo_line_height":0,"ocean_menu_typo_line_height_tablet":0,"ocean_menu_typo_line_height_mobile":0,"ocean_menu_typo_line_height_unit":"","ocean_menu_typo_spacing":0,"ocean_menu_typo_spacing_tablet":0,"ocean_menu_typo_spacing_mobile":0,"ocean_menu_typo_spacing_unit":"","ocean_menu_link_color":"","ocean_menu_link_color_hover":"","ocean_menu_link_color_active":"","ocean_menu_link_background":"","ocean_menu_link_hover_background":"","ocean_menu_link_active_background":"","ocean_menu_social_links_bg":"","ocean_menu_social_hover_links_bg":"","ocean_menu_social_links_color":"","ocean_menu_social_hover_links_color":"","ocean_disable_title":"default","ocean_disable_heading":"enable","ocean_post_title":"","ocean_post_subheading":"","ocean_post_title_style":"","ocean_post_title_background_color":"","ocean_post_title_background":0,"ocean_post_title_bg_image_position":"","ocean_post_title_bg_image_attachment":"","ocean_post_title_bg_image_repeat":"","ocean_post_title_bg_image_size":"","ocean_post_title_height":0,"ocean_post_title_bg_overlay":0.5,"ocean_post_title_bg_overlay_color":"","ocean_disable_breadcrumbs":"on","ocean_breadcrumbs_color":"","ocean_breadcrumbs_separator_color":"","ocean_breadcrumbs_links_color":"","ocean_breadcrumbs_links_hover_color":"","ocean_display_footer_widgets":"off","ocean_display_footer_bottom":"off","ocean_custom_footer_template":"0"},"product_brand":[],"product_cat":[179],"product_tag":[],"class_list":{"0":"post-134136","1":"product","2":"type-product","3":"status-publish","4":"has-post-thumbnail","6":"product_cat-odevy","7":"pa_barva-tmave-seda","8":"pa_vel-46-2","9":"pa_vel-45","10":"pa_vel-46","11":"pa_vel-47","12":"pa_vel-48","13":"pa_vel-49","14":"pa_vel-50","15":"pa_vel-51","16":"pa_vel-52","17":"pa_vel-53","19":"entry","20":"has-media","22":"first","23":"instock","24":"taxable","25":"shipping-taxable","26":"purchasable","27":"product-type-variable","28":"col","29":"span_1_of_4","30":"owp-content-left","31":"owp-thumbs-layout-horizontal","32":"owp-btn-big","33":"owp-tabs-layout-horizontal"},"_links":{"self":[{"href":"https:\/\/kucera.stoweb.cz\/index.php\/wp-json\/wp\/v2\/product\/134136","targetHints":{"allow":["GET"]}}],"collection":[{"href":"https:\/\/kucera.stoweb.cz\/index.php\/wp-json\/wp\/v2\/product"}],"about":[{"href":"https:\/\/kucera.stoweb.cz\/index.php\/wp-json\/wp\/v2\/types\/product"}],"replies":[{"embeddable":true,"href":"https:\/\/kucera.stoweb.cz\/index.php\/wp-json\/wp\/v2\/comments?post=134136"}],"version-history":[{"count":1,"href":"https:\/\/kucera.stoweb.cz\/index.php\/wp-json\/wp\/v2\/product\/134136\/revisions"}],"predecessor-version":[{"id":134147,"href":"https:\/\/kucera.stoweb.cz\/index.php\/wp-json\/wp\/v2\/product\/134136\/revisions\/134147"}],"wp:featuredmedia":[{"embeddable":true,"href":"https:\/\/kucera.stoweb.cz\/index.php\/wp-json\/wp\/v2\/media\/134091"}],"wp:attachment":[{"href":"https:\/\/kucera.stoweb.cz\/index.php\/wp-json\/wp\/v2\/media?parent=134136"}],"wp:term":[{"taxonomy":"product_brand","embeddable":true,"href":"https:\/\/kucera.stoweb.cz\/index.php\/wp-json\/wp\/v2\/product_brand?post=134136"},{"taxonomy":"product_cat","embeddable":true,"href":"https:\/\/kucera.stoweb.cz\/index.php\/wp-json\/wp\/v2\/product_cat?post=134136"},{"taxonomy":"product_tag","embeddable":true,"href":"https:\/\/kucera.stoweb.cz\/index.php\/wp-json\/wp\/v2\/product_tag?post=134136"}],"curies":[{"name":"wp","href":"https:\/\/api.w.org\/{rel}","templated":true}]}}