{"id":110854,"date":"2024-04-03T11:01:33","date_gmt":"2024-04-03T09:01:33","guid":{"rendered":"https:\/\/kucera.stoweb.cz\/?post_type=product&#038;p=110854"},"modified":"2024-04-03T13:12:37","modified_gmt":"2024-04-03T11:12:37","slug":"orion-teodor-kalhoty-do-pasu-sedo-cerne-zimni-zkracene","status":"publish","type":"product","link":"https:\/\/kucera.stoweb.cz\/index.php\/produkt\/orion-teodor-kalhoty-do-pasu-sedo-cerne-zimni-zkracene\/","title":{"rendered":"ORION TEODOR kalhoty do pasu \u0161edo-\u010dern\u00e9 zimn\u00ed zkr\u00e1cen\u00e9"},"content":{"rendered":"\t\t<div data-elementor-type=\"wp-post\" data-elementor-id=\"110854\" class=\"elementor elementor-110854\" data-elementor-post-type=\"product\">\n\t\t\t\t\t\t<section class=\"elementor-section elementor-top-section elementor-element elementor-element-5fd71ef elementor-hidden-tablet elementor-hidden-mobile elementor-section-boxed elementor-section-height-default elementor-section-height-default\" data-id=\"5fd71ef\" data-element_type=\"section\" data-e-type=\"section\">\n\t\t\t\t\t\t<div class=\"elementor-container elementor-column-gap-default\">\n\t\t\t\t\t<div class=\"elementor-column elementor-col-66 elementor-top-column elementor-element elementor-element-ce193b6\" data-id=\"ce193b6\" data-element_type=\"column\" data-e-type=\"column\">\n\t\t\t<div class=\"elementor-widget-wrap elementor-element-populated\">\n\t\t\t\t\t\t<div class=\"elementor-element elementor-element-f8e34ee elementor-hidden-tablet elementor-hidden-mobile elementor-tabs-view-horizontal elementor-widget elementor-widget-tabs\" data-id=\"f8e34ee\" data-element_type=\"widget\" data-e-type=\"widget\" data-settings=\"{&quot;_animation&quot;:&quot;none&quot;}\" data-widget_type=\"tabs.default\">\n\t\t\t\t<div class=\"elementor-widget-container\">\n\t\t\t\t\t\t\t<div class=\"elementor-tabs\">\n\t\t\t<div class=\"elementor-tabs-wrapper\" role=\"tablist\" >\n\t\t\t\t\t\t\t\t\t<div id=\"elementor-tab-title-2601\" class=\"elementor-tab-title elementor-tab-desktop-title\" aria-selected=\"true\" data-tab=\"1\" role=\"tab\" tabindex=\"0\" aria-controls=\"elementor-tab-content-2601\" aria-expanded=\"false\">popis produktu<\/div>\n\t\t\t\t\t\t\t\t\t<div id=\"elementor-tab-title-2602\" class=\"elementor-tab-title elementor-tab-desktop-title\" aria-selected=\"false\" data-tab=\"2\" role=\"tab\" tabindex=\"-1\" aria-controls=\"elementor-tab-content-2602\" aria-expanded=\"false\">technick\u00e9 parametry<\/div>\n\t\t\t\t\t\t\t\t\t<div id=\"elementor-tab-title-2603\" class=\"elementor-tab-title elementor-tab-desktop-title\" aria-selected=\"false\" data-tab=\"3\" role=\"tab\" tabindex=\"-1\" aria-controls=\"elementor-tab-content-2603\" aria-expanded=\"false\">dokumenty<\/div>\n\t\t\t\t\t\t\t\t\t<div id=\"elementor-tab-title-2604\" class=\"elementor-tab-title elementor-tab-desktop-title\" aria-selected=\"false\" data-tab=\"4\" role=\"tab\" tabindex=\"-1\" aria-controls=\"elementor-tab-content-2604\" aria-expanded=\"false\">tabulka velikost\u00ed<\/div>\n\t\t\t\t\t\t\t<\/div>\n\t\t\t<div class=\"elementor-tabs-content-wrapper\" role=\"tablist\" aria-orientation=\"vertical\">\n\t\t\t\t\t\t\t\t\t<div class=\"elementor-tab-title elementor-tab-mobile-title\" aria-selected=\"true\" data-tab=\"1\" role=\"tab\" tabindex=\"0\" aria-controls=\"elementor-tab-content-2601\" aria-expanded=\"false\">popis produktu<\/div>\n\t\t\t\t\t<div id=\"elementor-tab-content-2601\" class=\"elementor-tab-content elementor-clearfix\" data-tab=\"1\" role=\"tabpanel\" aria-labelledby=\"elementor-tab-title-2601\" tabindex=\"0\" hidden=\"false\"><p><span lang=\"EN\" style=\"color: #000000;\"><img decoding=\"async\" class=\"alignleft wp-image-13655\" src=\"https:\/\/kucera.stoweb.cz\/wp-content\/uploads\/2021\/10\/symbol-zimy.png\" alt=\"\" width=\"35\" height=\"35\" \/>zimn\u00ed p\u00e1nsk\u00e9 kalhoty do pasu z kolekce CXS ORION<br \/><\/span><\/p><p><span style=\"color: #000000;\">zateplen\u00e9 flanelem<\/span><\/p><p><span style=\"color: #000000;\">zkr\u00e1cen\u00e1 varianta na v\u00fd\u0161ku postavy 170-176 cm<\/span><\/p><p><span style=\"color: #000000;\">pas s poutky na opasek,vzadu do gumy<\/span><\/p><p><span style=\"color: #000000;\">p\u0159edn\u00ed kapsy s poutky na n\u00e1\u0159ad\u00ed<\/span><\/p><p><span style=\"color: #000000;\">multifunk\u010dn\u00ed kapsy na obou stran\u00e1ch<\/span><\/p><p><span style=\"color: #000000;\">kolena zes\u00edlena 600D polyesterem s mo\u017enost\u00ed vlo\u017een\u00ed kolenn\u00edch v\u00fdztuh<\/span><\/p><p><span style=\"color: #000000;\">dv\u011b zadn\u00ed kapsy, jedna na such\u00fd zip<\/span><\/p><p><span style=\"color: #000000;\">reflexn\u00ed dopl\u0148ky<\/span><\/p><p><span style=\"color: #000000;\">velikost <strong>44\/46 &#8211; 60\/62<\/strong><\/span><\/p><\/div>\n\t\t\t\t\t\t\t\t\t<div class=\"elementor-tab-title elementor-tab-mobile-title\" aria-selected=\"false\" data-tab=\"2\" role=\"tab\" tabindex=\"-1\" aria-controls=\"elementor-tab-content-2602\" aria-expanded=\"false\">technick\u00e9 parametry<\/div>\n\t\t\t\t\t<div id=\"elementor-tab-content-2602\" class=\"elementor-tab-content elementor-clearfix\" data-tab=\"2\" role=\"tabpanel\" aria-labelledby=\"elementor-tab-title-2602\" tabindex=\"0\" hidden=\"hidden\"><p><span style=\"color: #000000;\"><strong>materi\u00e1l<\/strong> \u00a0\u00a0\u00a0\u00a0\u00a0\u00a0\u00a0\u00a0 60% bavlna, 40% polyester<\/span><\/p><p><strong><span style=\"color: #000000;\">pod\u0161\u00edvka \u00a0 \u00a0 \u00a0<\/span><\/strong><span style=\"color: #000000;\"> 100% bavlna (flanel)<\/span><\/p><p><span style=\"color: #000000;\"><strong>gram\u00e1\u017e<\/strong> \u00a0\u00a0\u00a0\u00a0\u00a0\u00a0\u00a0\u00a0 280 g\/m<sup>2<\/sup><\/span><\/p><p><span style=\"color: #000000;\"><strong>norma<\/strong> \u00a0\u00a0\u00a0\u00a0\u00a0\u00a0\u00a0\u00a0\u00a0\u00a0 EN ISO 13688<\/span><\/p><p><span style=\"color: #000000;\"><strong>v\u00fdrobce \u00a0 \u00a0\u00a0 \u00a0\u00a0 <\/strong>CXS<\/span><\/p><\/div>\n\t\t\t\t\t\t\t\t\t<div class=\"elementor-tab-title elementor-tab-mobile-title\" aria-selected=\"false\" data-tab=\"3\" role=\"tab\" tabindex=\"-1\" aria-controls=\"elementor-tab-content-2603\" aria-expanded=\"false\">dokumenty<\/div>\n\t\t\t\t\t<div id=\"elementor-tab-content-2603\" class=\"elementor-tab-content elementor-clearfix\" data-tab=\"3\" role=\"tabpanel\" aria-labelledby=\"elementor-tab-title-2603\" tabindex=\"0\" hidden=\"hidden\"><p><a href=\"https:\/\/www.canis.cz\/imgserver\/eshop\/CANIS\/19\/2000000352\/2248_DEKLARACE%20EU.PDF\" target=\"_blank\" rel=\"noopener\">prohl\u00e1\u0161en\u00ed o shod\u011b<\/a><\/p><p><a href=\"https:\/\/www.canis.cz\/imgserver\/eshop\/CANIS\/19\/2000000352\/89682_PRODUCT.PDF\" target=\"_blank\" rel=\"noopener\">technick\u00fd list<\/a><\/p><p><a href=\"https:\/\/www.canis.cz\/imgserver\/eshop\/CANIS\/19\/2000000352\/2248_MANUAL.PDF\" target=\"_blank\" rel=\"noopener\">n\u00e1vod<\/a><\/p><\/div>\n\t\t\t\t\t\t\t\t\t<div class=\"elementor-tab-title elementor-tab-mobile-title\" aria-selected=\"false\" data-tab=\"4\" role=\"tab\" tabindex=\"-1\" aria-controls=\"elementor-tab-content-2604\" aria-expanded=\"false\">tabulka velikost\u00ed<\/div>\n\t\t\t\t\t<div id=\"elementor-tab-content-2604\" class=\"elementor-tab-content elementor-clearfix\" data-tab=\"4\" role=\"tabpanel\" aria-labelledby=\"elementor-tab-title-2604\" tabindex=\"0\" hidden=\"hidden\"><p><span style=\"color: #000000;\"><strong>p\u00e1nsk\u00e9 velikosti kalhot na v\u00fd\u0161ku postavy 170-176 cm <br \/><\/strong><\/span><\/p><p><span style=\"color: #000000;\"><strong>velikost<\/strong> \u00a0 \u00a0 \u00a0 \u00a0 \u00a0 \u00a0\u00a0 \u00a0 \u00a0\u00a0 \u00a0 I\u00a0 \u00a0 \u00a0 <span style=\"color: #1a1adb;\">40<\/span>\u00a0 \u00a0 \u00a0 I \u00a0\u00a0 \u00a0 42\u00a0 \u00a0 \u00a0 I \u00a0 \u00a0<span style=\"color: #1a1adb;\">\u00a0 44<\/span>\u00a0 \u00a0 \u00a0 I\u00a0\u00a0 \u00a0\u00a0 46\u00a0 \u00a0 \u00a0 I\u00a0\u00a0 \u00a0\u00a0<span style=\"color: #1a1adb;\"> 48<\/span>\u00a0 \u00a0 \u00a0 I\u00a0 \u00a0 \u00a0 50 \u00a0 \u00a0\u00a0 I\u00a0\u00a0 \u00a0\u00a0<span style=\"color: #1a1adb;\"> 52\u00a0<\/span>\u00a0 \u00a0\u00a0 I\u00a0\u00a0 \u00a0\u00a0 54\u00a0 \u00a0 \u00a0 I\u00a0 \u00a0 \u00a0 <span style=\"color: #1a1adb;\">56<\/span>\u00a0 \u00a0\u00a0 I\u00a0\u00a0\u00a0 \u00a0 58\u00a0\u00a0\u00a0 \u00a0 I\u00a0 \u00a0 \u00a0 <span style=\"color: #1a1adb;\">60\u00a0<\/span> \u00a0 \u00a0 I\u00a0\u00a0 \u00a0\u00a0 62\u00a0 \u00a0 \u00a0 I\u00a0\u00a0\u00a0 \u00a0<span style=\"color: #1a1adb;\"> 64<\/span> \u00a0 \u00a0\u00a0 I\u00a0\u00a0 \u00a0\u00a0 66 \u00a0 \u00a0\u00a0 I\u00a0\u00a0 \u00a0\u00a0 <span style=\"color: #1a1adb;\">68<\/span> \u00a0 \u00a0\u00a0 I \u00a0 \u00a0\u00a0 70\u00a0\u00a0 \u00a0\u00a0 I<\/span><\/p><p><span style=\"color: #000000;\"><strong>obvod pasu*<\/strong> \u00a0 \u00a0\u00a0\u00a0\u00a0\u00a0\u00a0\u00a0\u00a0\u00a0\u00a0\u00a0\u00a0\u00a0\u00a0\u00a0 <span style=\"color: #1a1adb;\">70\u00a0<\/span>\u00a0\u00a0\u00a0\u00a0\u00a0\u00a0 \u00a0 \u00a0\u00a0\u00a0 74\u00a0\u00a0\u00a0 \u00a0 \u00a0\u00a0\u00a0\u00a0\u00a0\u00a0<span style=\"color: #1a1adb;\"> 78<\/span> \u00a0\u00a0\u00a0\u00a0 \u00a0 \u00a0\u00a0 \u00a0\u00a0 82 \u00a0 \u00a0 \u00a0 \u00a0\u00a0\u00a0 \u00a0<span style=\"color: #1a1adb;\"> 86<\/span> \u00a0 \u00a0 \u00a0 \u00a0\u00a0 \u00a0\u00a0 90\u00a0 \u00a0 \u00a0 \u00a0 \u00a0\u00a0 \u00a0 <span style=\"color: #1a1adb;\">94<\/span> \u00a0 \u00a0 \u00a0 \u00a0\u00a0 \u00a0\u00a0 98\u00a0\u00a0 \u00a0 \u00a0 \u00a0 \u00a0\u00a0 <span style=\"color: #1a1adb;\">103<\/span>\u00a0 \u00a0 \u00a0\u00a0 \u00a0 \u00a0 108\u00a0\u00a0 \u00a0 \u00a0\u00a0 \u00a0 \u00a0 <span style=\"color: #1a1adb;\">113 \u00a0<\/span>\u00a0 \u00a0\u00a0\u00a0\u00a0 \u00a0 \u00a0 118\u00a0\u00a0\u00a0\u00a0\u00a0\u00a0\u00a0 \u00a0 \u00a0<span style=\"color: #1a1adb;\"> 123<\/span>\u00a0 \u00a0 \u00a0 \u00a0 \u00a0\u00a0\u00a0 128 \u00a0\u00a0\u00a0\u00a0\u00a0 \u00a0 \u00a0\u00a0 <span style=\"color: #1a1adb;\">132<\/span> \u00a0 \u00a0 \u00a0 \u00a0 \u00a0\u00a0 136\u00a0<\/span><\/p><p><span style=\"color: #000000;\"><strong>obvod sedu*<\/strong> \u00a0\u00a0 \u00a0 \u00a0 \u00a0 \u00a0 \u00a0 \u00a0 \u00a0\u00a0 <span style=\"color: #1a1adb;\">82<\/span>\u00a0\u00a0\u00a0\u00a0\u00a0\u00a0\u00a0\u00a0\u00a0\u00a0\u00a0\u00a0\u00a0 86 \u00a0 \u00a0 \u00a0 \u00a0 \u00a0 \u00a0<span style=\"color: #1a1adb;\"> 90 \u00a0 \u00a0<\/span> \u00a0 \u00a0\u00a0\u00a0\u00a0\u00a0 94\u00a0\u00a0 \u00a0 \u00a0 \u00a0 \u00a0 \u00a0<span style=\"color: #1a1adb;\"> 98\u00a0\u00a0<\/span> \u00a0\u00a0\u00a0\u00a0\u00a0 \u00a0 \u00a0 102 \u00a0 \u00a0 \u00a0 \u00a0 \u00a0<span style=\"color: #1a1adb;\"> 106 \u00a0<\/span> \u00a0 \u00a0\u00a0 \u00a0 \u00a0 110\u00a0 \u00a0 \u00a0\u00a0 \u00a0\u00a0 \u00a0\u00a0 <span style=\"color: #1a1adb;\">114 \u00a0<\/span> \u00a0 \u00a0 \u00a0 \u00a0 118\u00a0 \u00a0\u00a0 \u00a0 \u00a0\u00a0 \u00a0\u00a0 <span style=\"color: #1a1adb;\">122<\/span> \u00a0\u00a0 \u00a0 \u00a0 \u00a0 \u00a0 126\u00a0 \u00a0 \u00a0 \u00a0\u00a0 \u00a0<span style=\"color: #1a1adb;\"> 130<\/span> \u00a0 \u00a0 \u00a0 \u00a0 \u00a0\u00a0 134 \u00a0 \u00a0 \u00a0\u00a0 \u00a0 \u00a0 <span style=\"color: #1a1adb;\">140 \u00a0<\/span> \u00a0 \u00a0 \u00a0 \u00a0 146<\/span><\/p><p><span style=\"color: #000000;\"><strong>* v cm<\/strong><\/span><\/p><\/div>\n\t\t\t\t\t\t\t<\/div>\n\t\t<\/div>\n\t\t\t\t\t\t<\/div>\n\t\t\t\t<\/div>\n\t\t\t\t\t<\/div>\n\t\t<\/div>\n\t\t\t\t<div class=\"elementor-column elementor-col-33 elementor-top-column elementor-element elementor-element-e48c101\" data-id=\"e48c101\" data-element_type=\"column\" data-e-type=\"column\" data-settings=\"{&quot;background_background&quot;:&quot;classic&quot;}\">\n\t\t\t<div class=\"elementor-widget-wrap elementor-element-populated\">\n\t\t\t\t\t\t<div class=\"elementor-element elementor-element-7c1f6d4 elementor-widget elementor-widget-text-editor\" data-id=\"7c1f6d4\" data-element_type=\"widget\" data-e-type=\"widget\" data-widget_type=\"text-editor.default\">\n\t\t\t\t<div class=\"elementor-widget-container\">\n\t\t\t\t\t\t\t\t\t<p><span style=\"color: #000000;\">produkt zna\u010dky<\/span><\/p>\t\t\t\t\t\t\t\t<\/div>\n\t\t\t\t<\/div>\n\t\t\t\t<div class=\"elementor-element elementor-element-a681d3a elementor-widget elementor-widget-image\" data-id=\"a681d3a\" data-element_type=\"widget\" data-e-type=\"widget\" data-widget_type=\"image.default\">\n\t\t\t\t<div class=\"elementor-widget-container\">\n\t\t\t\t\t\t\t\t\t\t\t\t\t\t\t<img fetchpriority=\"high\" decoding=\"async\" width=\"1024\" height=\"896\" src=\"https:\/\/kucera.stoweb.cz\/wp-content\/uploads\/2022\/01\/cxs_black_png-1024x896.png\" class=\"attachment-large size-large wp-image-19262\" alt=\"\" srcset=\"https:\/\/kucera.stoweb.cz\/wp-content\/uploads\/2022\/01\/cxs_black_png-1024x896.png 1024w, https:\/\/kucera.stoweb.cz\/wp-content\/uploads\/2022\/01\/cxs_black_png-300x262.png 300w, https:\/\/kucera.stoweb.cz\/wp-content\/uploads\/2022\/01\/cxs_black_png-600x525.png 600w, https:\/\/kucera.stoweb.cz\/wp-content\/uploads\/2022\/01\/cxs_black_png-768x672.png 768w, https:\/\/kucera.stoweb.cz\/wp-content\/uploads\/2022\/01\/cxs_black_png-1536x1344.png 1536w, https:\/\/kucera.stoweb.cz\/wp-content\/uploads\/2022\/01\/cxs_black_png.png 1622w\" sizes=\"(max-width: 1024px) 100vw, 1024px\" \/>\t\t\t\t\t\t\t\t\t\t\t\t\t\t\t<\/div>\n\t\t\t\t<\/div>\n\t\t\t\t<div class=\"elementor-element elementor-element-ca1df55 elementor-widget elementor-widget-text-editor\" data-id=\"ca1df55\" data-element_type=\"widget\" data-e-type=\"widget\" data-widget_type=\"text-editor.default\">\n\t\t\t\t<div class=\"elementor-widget-container\">\n\t\t\t\t\t\t\t\t\t<p><span style=\"color: #000000;\">ORION<\/span><\/p>\t\t\t\t\t\t\t\t<\/div>\n\t\t\t\t<\/div>\n\t\t\t\t\t<\/div>\n\t\t<\/div>\n\t\t\t\t\t<\/div>\n\t\t<\/section>\n\t\t\t\t<section class=\"elementor-section elementor-top-section elementor-element elementor-element-b283fc4 elementor-hidden-desktop elementor-section-boxed elementor-section-height-default elementor-section-height-default\" data-id=\"b283fc4\" data-element_type=\"section\" data-e-type=\"section\">\n\t\t\t\t\t\t<div class=\"elementor-container elementor-column-gap-default\">\n\t\t\t\t\t<div class=\"elementor-column elementor-col-100 elementor-top-column elementor-element elementor-element-226a188\" data-id=\"226a188\" data-element_type=\"column\" data-e-type=\"column\">\n\t\t\t<div class=\"elementor-widget-wrap elementor-element-populated\">\n\t\t\t\t\t\t<div class=\"elementor-element elementor-element-141cee1 elementor-widget elementor-widget-text-editor\" data-id=\"141cee1\" data-element_type=\"widget\" data-e-type=\"widget\" data-widget_type=\"text-editor.default\">\n\t\t\t\t<div class=\"elementor-widget-container\">\n\t\t\t\t\t\t\t\t\t<h3><strong><span style=\"color: #000080;\">popis produktu<\/span><\/strong><\/h3>\t\t\t\t\t\t\t\t<\/div>\n\t\t\t\t<\/div>\n\t\t\t\t<div class=\"elementor-element elementor-element-b47167f elementor-hidden-desktop elementor-widget elementor-widget-text-editor\" data-id=\"b47167f\" data-element_type=\"widget\" data-e-type=\"widget\" data-widget_type=\"text-editor.default\">\n\t\t\t\t<div class=\"elementor-widget-container\">\n\t\t\t\t\t\t\t\t\t<p><span lang=\"EN\" style=\"color: #000000;\">zimn\u00ed p\u00e1nsk\u00e9 kalhoty do pasu z kolekce CXS ORION<br \/><\/span><\/p><p><span style=\"color: #000000;\">zateplen\u00e9 flanelem<\/span><\/p><p><span style=\"color: #000000;\">zkr\u00e1cen\u00e1 varianta na v\u00fd\u0161ku postavy 170-176 cm<\/span><\/p><p><span style=\"color: #000000;\">pas s poutky na opasek,vzadu do gumy<\/span><\/p><p><span style=\"color: #000000;\">p\u0159edn\u00ed kapsy s poutky na n\u00e1\u0159ad\u00ed<\/span><\/p><p><span style=\"color: #000000;\">multifunk\u010dn\u00ed kapsy na obou stran\u00e1ch<\/span><\/p><p><span style=\"color: #000000;\">kolena zes\u00edlena 600D polyesterem s mo\u017enost\u00ed vlo\u017een\u00ed kolenn\u00edch v\u00fdztuh<\/span><\/p><p><span style=\"color: #000000;\">dv\u011b zadn\u00ed kapsy, jedna na such\u00fd zip<\/span><\/p><p><span style=\"color: #000000;\">reflexn\u00ed dopl\u0148ky<\/span><\/p><p><span style=\"color: #000000;\">svrchn\u00ed materi\u00e1l 60% bavlna, 40% polyester<\/span><\/p><p><span style=\"color: #000000;\">pod\u0161\u00edvka 100% bavlna (flanel)<\/span><\/p><p><span style=\"color: #000000;\">gram\u00e1\u017e 280 g\/m<sup>2<\/sup><\/span><\/p><p><span style=\"color: #000000;\">velikost <strong>44\/46 &#8211; 60\/62<\/strong><\/span><\/p>\t\t\t\t\t\t\t\t<\/div>\n\t\t\t\t<\/div>\n\t\t\t\t\t<\/div>\n\t\t<\/div>\n\t\t\t\t\t<\/div>\n\t\t<\/section>\n\t\t\t\t<\/div>\n\t\t","protected":false},"excerpt":{"rendered":"<h6>katalogov\u00e9 \u010d\u00edslo<strong> 29108<br \/>\n<\/strong><\/h6>\n<h6>k\u00f3d v\u00fdrobce<strong> 1020-026-710-00<br \/>\n<\/strong><\/h6>\n<p>&nbsp;<\/p>\n","protected":false},"featured_media":23107,"comment_status":"closed","ping_status":"closed","template":"elementor_theme","meta":{"ocean_post_layout":"","ocean_both_sidebars_style":"","ocean_both_sidebars_content_width":0,"ocean_both_sidebars_sidebars_width":0,"ocean_sidebar":"0","ocean_second_sidebar":"0","ocean_disable_margins":"enable","ocean_add_body_class":"","ocean_shortcode_before_top_bar":"","ocean_shortcode_after_top_bar":"","ocean_shortcode_before_header":"","ocean_shortcode_after_header":"","ocean_has_shortcode":"","ocean_shortcode_after_title":"","ocean_shortcode_before_footer_widgets":"","ocean_shortcode_after_footer_widgets":"","ocean_shortcode_before_footer_bottom":"","ocean_shortcode_after_footer_bottom":"","ocean_display_top_bar":"default","ocean_display_header":"default","ocean_header_style":"","ocean_center_header_left_menu":"0","ocean_custom_header_template":"0","ocean_custom_logo":0,"ocean_custom_retina_logo":0,"ocean_custom_logo_max_width":0,"ocean_custom_logo_tablet_max_width":0,"ocean_custom_logo_mobile_max_width":0,"ocean_custom_logo_max_height":0,"ocean_custom_logo_tablet_max_height":0,"ocean_custom_logo_mobile_max_height":0,"ocean_header_custom_menu":"0","ocean_menu_typo_font_family":"0","ocean_menu_typo_font_subset":"","ocean_menu_typo_font_size":0,"ocean_menu_typo_font_size_tablet":0,"ocean_menu_typo_font_size_mobile":0,"ocean_menu_typo_font_size_unit":"px","ocean_menu_typo_font_weight":"","ocean_menu_typo_font_weight_tablet":"","ocean_menu_typo_font_weight_mobile":"","ocean_menu_typo_transform":"","ocean_menu_typo_transform_tablet":"","ocean_menu_typo_transform_mobile":"","ocean_menu_typo_line_height":0,"ocean_menu_typo_line_height_tablet":0,"ocean_menu_typo_line_height_mobile":0,"ocean_menu_typo_line_height_unit":"","ocean_menu_typo_spacing":0,"ocean_menu_typo_spacing_tablet":0,"ocean_menu_typo_spacing_mobile":0,"ocean_menu_typo_spacing_unit":"","ocean_menu_link_color":"","ocean_menu_link_color_hover":"","ocean_menu_link_color_active":"","ocean_menu_link_background":"","ocean_menu_link_hover_background":"","ocean_menu_link_active_background":"","ocean_menu_social_links_bg":"","ocean_menu_social_hover_links_bg":"","ocean_menu_social_links_color":"","ocean_menu_social_hover_links_color":"","ocean_disable_title":"default","ocean_disable_heading":"default","ocean_post_title":"","ocean_post_subheading":"","ocean_post_title_style":"","ocean_post_title_background_color":"","ocean_post_title_background":0,"ocean_post_title_bg_image_position":"","ocean_post_title_bg_image_attachment":"","ocean_post_title_bg_image_repeat":"","ocean_post_title_bg_image_size":"","ocean_post_title_height":0,"ocean_post_title_bg_overlay":0.5,"ocean_post_title_bg_overlay_color":"","ocean_disable_breadcrumbs":"default","ocean_breadcrumbs_color":"","ocean_breadcrumbs_separator_color":"","ocean_breadcrumbs_links_color":"","ocean_breadcrumbs_links_hover_color":"","ocean_display_footer_widgets":"default","ocean_display_footer_bottom":"default","ocean_custom_footer_template":"0"},"product_brand":[],"product_cat":[179],"product_tag":[],"class_list":{"0":"post-110854","1":"product","2":"type-product","3":"status-publish","4":"has-post-thumbnail","6":"product_cat-odevy","7":"pa_barva-seda","8":"pa_vel-44-46","9":"pa_vel-48-50","10":"pa_vel-52-54","11":"pa_vel-56-58","12":"pa_vel-60-62","14":"entry","15":"has-media","17":"first","18":"instock","19":"taxable","20":"shipping-taxable","21":"purchasable","22":"product-type-variable","23":"col","24":"span_1_of_4","25":"owp-content-left","26":"owp-thumbs-layout-horizontal","27":"owp-btn-big","28":"owp-tabs-layout-horizontal"},"_links":{"self":[{"href":"https:\/\/kucera.stoweb.cz\/index.php\/wp-json\/wp\/v2\/product\/110854","targetHints":{"allow":["GET"]}}],"collection":[{"href":"https:\/\/kucera.stoweb.cz\/index.php\/wp-json\/wp\/v2\/product"}],"about":[{"href":"https:\/\/kucera.stoweb.cz\/index.php\/wp-json\/wp\/v2\/types\/product"}],"replies":[{"embeddable":true,"href":"https:\/\/kucera.stoweb.cz\/index.php\/wp-json\/wp\/v2\/comments?post=110854"}],"version-history":[{"count":3,"href":"https:\/\/kucera.stoweb.cz\/index.php\/wp-json\/wp\/v2\/product\/110854\/revisions"}],"predecessor-version":[{"id":111125,"href":"https:\/\/kucera.stoweb.cz\/index.php\/wp-json\/wp\/v2\/product\/110854\/revisions\/111125"}],"wp:featuredmedia":[{"embeddable":true,"href":"https:\/\/kucera.stoweb.cz\/index.php\/wp-json\/wp\/v2\/media\/23107"}],"wp:attachment":[{"href":"https:\/\/kucera.stoweb.cz\/index.php\/wp-json\/wp\/v2\/media?parent=110854"}],"wp:term":[{"taxonomy":"product_brand","embeddable":true,"href":"https:\/\/kucera.stoweb.cz\/index.php\/wp-json\/wp\/v2\/product_brand?post=110854"},{"taxonomy":"product_cat","embeddable":true,"href":"https:\/\/kucera.stoweb.cz\/index.php\/wp-json\/wp\/v2\/product_cat?post=110854"},{"taxonomy":"product_tag","embeddable":true,"href":"https:\/\/kucera.stoweb.cz\/index.php\/wp-json\/wp\/v2\/product_tag?post=110854"}],"curies":[{"name":"wp","href":"https:\/\/api.w.org\/{rel}","templated":true}]}}