{"id":74276,"date":"2023-08-22T13:13:33","date_gmt":"2023-08-22T11:13:33","guid":{"rendered":"http:\/\/kucera.stoweb.cz\/?page_id=74276"},"modified":"2025-05-12T10:47:09","modified_gmt":"2025-05-12T08:47:09","slug":"rukavice","status":"publish","type":"page","link":"https:\/\/kucera.stoweb.cz\/index.php\/rukavice\/","title":{"rendered":"PRACOVN\u00cd RUKAVICE"},"content":{"rendered":"\t\t<div data-elementor-type=\"wp-page\" data-elementor-id=\"74276\" class=\"elementor elementor-74276\" data-elementor-post-type=\"page\">\n\t\t\t\t\t\t<section class=\"elementor-section elementor-top-section elementor-element elementor-element-d9e2057 elementor-hidden-tablet elementor-hidden-mobile elementor-section-boxed elementor-section-height-default elementor-section-height-default elementor-invisible\" data-id=\"d9e2057\" data-element_type=\"section\" data-e-type=\"section\" data-settings=\"{&quot;background_background&quot;:&quot;classic&quot;,&quot;animation&quot;:&quot;fadeIn&quot;}\">\n\t\t\t\t\t\t\t<div class=\"elementor-background-overlay\"><\/div>\n\t\t\t\t\t\t\t<div class=\"elementor-container elementor-column-gap-default\">\n\t\t\t\t\t<div class=\"elementor-column elementor-col-100 elementor-top-column elementor-element elementor-element-b9e5c79\" data-id=\"b9e5c79\" data-element_type=\"column\" data-e-type=\"column\" data-settings=\"{&quot;background_background&quot;:&quot;classic&quot;}\">\n\t\t\t<div class=\"elementor-widget-wrap elementor-element-populated\">\n\t\t\t\t\t\t<section class=\"elementor-section elementor-inner-section elementor-element elementor-element-9cdf9cd elementor-section-boxed elementor-section-height-default elementor-section-height-default\" data-id=\"9cdf9cd\" data-element_type=\"section\" data-e-type=\"section\">\n\t\t\t\t\t\t<div class=\"elementor-container elementor-column-gap-default\">\n\t\t\t\t\t<div class=\"elementor-column elementor-col-100 elementor-inner-column elementor-element elementor-element-9b7d822\" data-id=\"9b7d822\" data-element_type=\"column\" data-e-type=\"column\">\n\t\t\t<div class=\"elementor-widget-wrap\">\n\t\t\t\t\t\t\t<\/div>\n\t\t<\/div>\n\t\t\t\t\t<\/div>\n\t\t<\/section>\n\t\t\t\t\t<\/div>\n\t\t<\/div>\n\t\t\t\t\t<\/div>\n\t\t<\/section>\n\t\t\t\t<section class=\"elementor-section elementor-top-section elementor-element elementor-element-ae58243 elementor-section-boxed elementor-section-height-default elementor-section-height-default\" data-id=\"ae58243\" data-element_type=\"section\" data-e-type=\"section\">\n\t\t\t\t\t\t<div class=\"elementor-container elementor-column-gap-default\">\n\t\t\t\t\t<div class=\"elementor-column elementor-col-100 elementor-top-column elementor-element elementor-element-7c0b1c8\" data-id=\"7c0b1c8\" data-element_type=\"column\" data-e-type=\"column\">\n\t\t\t<div class=\"elementor-widget-wrap elementor-element-populated\">\n\t\t\t\t\t\t\t<\/div>\n\t\t<\/div>\n\t\t\t\t\t<\/div>\n\t\t<\/section>\n\t\t\t\t<section class=\"elementor-section elementor-top-section elementor-element elementor-element-abf8d44 elementor-hidden-tablet elementor-hidden-mobile elementor-section-boxed elementor-section-height-default elementor-section-height-default\" data-id=\"abf8d44\" data-element_type=\"section\" data-e-type=\"section\" data-settings=\"{&quot;background_background&quot;:&quot;classic&quot;}\">\n\t\t\t\t\t\t<div class=\"elementor-container elementor-column-gap-default\">\n\t\t\t\t\t<div class=\"elementor-column elementor-col-100 elementor-top-column elementor-element elementor-element-9eeead5\" data-id=\"9eeead5\" data-element_type=\"column\" data-e-type=\"column\">\n\t\t\t<div class=\"elementor-widget-wrap elementor-element-populated\">\n\t\t\t\t\t\t<div class=\"elementor-element elementor-element-9405389 elementor-widget elementor-widget-text-editor\" data-id=\"9405389\" data-element_type=\"widget\" data-e-type=\"widget\" data-widget_type=\"text-editor.default\">\n\t\t\t\t<div class=\"elementor-widget-container\">\n\t\t\t\t\t\t\t\t\t<p>PRACOVN\u00cd RUKAVICE<\/p>\t\t\t\t\t\t\t\t<\/div>\n\t\t\t\t<\/div>\n\t\t\t\t\t<\/div>\n\t\t<\/div>\n\t\t\t\t\t<\/div>\n\t\t<\/section>\n\t\t\t\t<section class=\"elementor-section elementor-top-section elementor-element elementor-element-a50b155 elementor-hidden-tablet elementor-hidden-mobile elementor-section-boxed elementor-section-height-default elementor-section-height-default\" data-id=\"a50b155\" data-element_type=\"section\" data-e-type=\"section\" data-settings=\"{&quot;background_background&quot;:&quot;classic&quot;}\">\n\t\t\t\t\t\t<div class=\"elementor-container elementor-column-gap-default\">\n\t\t\t\t\t<div class=\"elementor-column elementor-col-25 elementor-top-column elementor-element elementor-element-86d4367\" data-id=\"86d4367\" data-element_type=\"column\" data-e-type=\"column\">\n\t\t\t<div class=\"elementor-widget-wrap elementor-element-populated\">\n\t\t\t\t\t\t<div class=\"elementor-element elementor-element-51c87d0 elementor-position-right elementor-vertical-align-middle e-transform elementor-widget elementor-widget-image-box\" data-id=\"51c87d0\" data-element_type=\"widget\" data-e-type=\"widget\" data-settings=\"{&quot;_transform_scale_effect_hover&quot;:{&quot;unit&quot;:&quot;px&quot;,&quot;size&quot;:1.02,&quot;sizes&quot;:[]},&quot;_transform_scale_effect_hover_tablet&quot;:{&quot;unit&quot;:&quot;px&quot;,&quot;size&quot;:&quot;&quot;,&quot;sizes&quot;:[]},&quot;_transform_scale_effect_hover_mobile&quot;:{&quot;unit&quot;:&quot;px&quot;,&quot;size&quot;:&quot;&quot;,&quot;sizes&quot;:[]}}\" data-widget_type=\"image-box.default\">\n\t\t\t\t<div class=\"elementor-widget-container\">\n\t\t\t\t\t<div class=\"elementor-image-box-wrapper\"><figure class=\"elementor-image-box-img\"><a href=\"https:\/\/kucera.stoweb.cz\/index.php\/kombinovane\/\" tabindex=\"-1\"><img fetchpriority=\"high\" decoding=\"async\" width=\"475\" height=\"512\" src=\"https:\/\/kucera.stoweb.cz\/wp-content\/uploads\/2021\/04\/pracovne-rukavice-tern-e1655818317963.jpg\" class=\"attachment-medium_large size-medium_large wp-image-464\" alt=\"\" srcset=\"https:\/\/kucera.stoweb.cz\/wp-content\/uploads\/2021\/04\/pracovne-rukavice-tern-e1655818317963.jpg 475w, https:\/\/kucera.stoweb.cz\/wp-content\/uploads\/2021\/04\/pracovne-rukavice-tern-e1655818317963-300x323.jpg 300w, https:\/\/kucera.stoweb.cz\/wp-content\/uploads\/2021\/04\/pracovne-rukavice-tern-e1655818317963-278x300.jpg 278w\" sizes=\"(max-width: 475px) 100vw, 475px\" \/><\/a><\/figure><div class=\"elementor-image-box-content\"><span class=\"elementor-image-box-title\"><a href=\"https:\/\/kucera.stoweb.cz\/index.php\/kombinovane\/\">kombinovan\u00e9<\/a><\/span><\/div><\/div>\t\t\t\t<\/div>\n\t\t\t\t<\/div>\n\t\t\t\t\t<\/div>\n\t\t<\/div>\n\t\t\t\t<div class=\"elementor-column elementor-col-25 elementor-top-column elementor-element elementor-element-36e6409\" data-id=\"36e6409\" data-element_type=\"column\" data-e-type=\"column\">\n\t\t\t<div class=\"elementor-widget-wrap elementor-element-populated\">\n\t\t\t\t\t\t<div class=\"elementor-element elementor-element-33ab595 elementor-position-right elementor-vertical-align-middle e-transform elementor-widget elementor-widget-image-box\" data-id=\"33ab595\" data-element_type=\"widget\" data-e-type=\"widget\" data-settings=\"{&quot;_transform_scale_effect_hover&quot;:{&quot;unit&quot;:&quot;px&quot;,&quot;size&quot;:1.02,&quot;sizes&quot;:[]},&quot;_transform_scale_effect_hover_tablet&quot;:{&quot;unit&quot;:&quot;px&quot;,&quot;size&quot;:&quot;&quot;,&quot;sizes&quot;:[]},&quot;_transform_scale_effect_hover_mobile&quot;:{&quot;unit&quot;:&quot;px&quot;,&quot;size&quot;:&quot;&quot;,&quot;sizes&quot;:[]}}\" data-widget_type=\"image-box.default\">\n\t\t\t\t<div class=\"elementor-widget-container\">\n\t\t\t\t\t<div class=\"elementor-image-box-wrapper\"><figure class=\"elementor-image-box-img\"><a href=\"https:\/\/kucera.stoweb.cz\/index.php\/celokozene-a-svarecske\/\" tabindex=\"-1\"><img decoding=\"async\" width=\"285\" height=\"300\" src=\"https:\/\/kucera.stoweb.cz\/wp-content\/uploads\/2022\/06\/SIMIR-285x300.jpg\" class=\"attachment-medium size-medium wp-image-37381\" alt=\"\" srcset=\"https:\/\/kucera.stoweb.cz\/wp-content\/uploads\/2022\/06\/SIMIR-285x300.jpg 285w, https:\/\/kucera.stoweb.cz\/wp-content\/uploads\/2022\/06\/SIMIR-300x316.jpg 300w, https:\/\/kucera.stoweb.cz\/wp-content\/uploads\/2022\/06\/SIMIR.jpg 475w\" sizes=\"(max-width: 285px) 100vw, 285px\" \/><\/a><\/figure><div class=\"elementor-image-box-content\"><span class=\"elementor-image-box-title\"><a href=\"https:\/\/kucera.stoweb.cz\/index.php\/celokozene-a-svarecske\/\">CELOKO\u017dEN\u00c9 A SV\u00c1\u0158E\u010cSK\u00c9<\/a><\/span><\/div><\/div>\t\t\t\t<\/div>\n\t\t\t\t<\/div>\n\t\t\t\t\t<\/div>\n\t\t<\/div>\n\t\t\t\t<div class=\"elementor-column elementor-col-25 elementor-top-column elementor-element elementor-element-d056b92\" data-id=\"d056b92\" data-element_type=\"column\" data-e-type=\"column\">\n\t\t\t<div class=\"elementor-widget-wrap elementor-element-populated\">\n\t\t\t\t\t\t<div class=\"elementor-element elementor-element-af6f85d elementor-position-right elementor-vertical-align-middle e-transform elementor-widget elementor-widget-image-box\" data-id=\"af6f85d\" data-element_type=\"widget\" data-e-type=\"widget\" data-settings=\"{&quot;_transform_scale_effect_hover&quot;:{&quot;unit&quot;:&quot;px&quot;,&quot;size&quot;:1.02,&quot;sizes&quot;:[]},&quot;_transform_scale_effect_hover_tablet&quot;:{&quot;unit&quot;:&quot;px&quot;,&quot;size&quot;:&quot;&quot;,&quot;sizes&quot;:[]},&quot;_transform_scale_effect_hover_mobile&quot;:{&quot;unit&quot;:&quot;px&quot;,&quot;size&quot;:&quot;&quot;,&quot;sizes&quot;:[]}}\" data-widget_type=\"image-box.default\">\n\t\t\t\t<div class=\"elementor-widget-container\">\n\t\t\t\t\t<div class=\"elementor-image-box-wrapper\"><figure class=\"elementor-image-box-img\"><a href=\"https:\/\/kucera.stoweb.cz\/index.php\/povrstvene\/\" tabindex=\"-1\"><img decoding=\"async\" width=\"768\" height=\"572\" src=\"https:\/\/kucera.stoweb.cz\/wp-content\/uploads\/2022\/06\/RTELA-FOAM-768x572.jpg\" class=\"attachment-medium_large size-medium_large wp-image-37566\" alt=\"\" srcset=\"https:\/\/kucera.stoweb.cz\/wp-content\/uploads\/2022\/06\/RTELA-FOAM-768x572.jpg 768w, https:\/\/kucera.stoweb.cz\/wp-content\/uploads\/2022\/06\/RTELA-FOAM-300x223.jpg 300w, https:\/\/kucera.stoweb.cz\/wp-content\/uploads\/2022\/06\/RTELA-FOAM-600x447.jpg 600w, https:\/\/kucera.stoweb.cz\/wp-content\/uploads\/2022\/06\/RTELA-FOAM.jpg 940w\" sizes=\"(max-width: 768px) 100vw, 768px\" \/><\/a><\/figure><div class=\"elementor-image-box-content\"><span class=\"elementor-image-box-title\"><a href=\"https:\/\/kucera.stoweb.cz\/index.php\/povrstvene\/\">POVRSTVEN\u00c9<\/a><\/span><\/div><\/div>\t\t\t\t<\/div>\n\t\t\t\t<\/div>\n\t\t\t\t\t<\/div>\n\t\t<\/div>\n\t\t\t\t<div class=\"elementor-column elementor-col-25 elementor-top-column elementor-element elementor-element-2e5b7d1\" data-id=\"2e5b7d1\" data-element_type=\"column\" data-e-type=\"column\">\n\t\t\t<div class=\"elementor-widget-wrap elementor-element-populated\">\n\t\t\t\t\t\t<div class=\"elementor-element elementor-element-38a82e6 elementor-position-right elementor-vertical-align-middle e-transform elementor-widget elementor-widget-image-box\" data-id=\"38a82e6\" data-element_type=\"widget\" data-e-type=\"widget\" data-settings=\"{&quot;_transform_scale_effect_hover&quot;:{&quot;unit&quot;:&quot;px&quot;,&quot;size&quot;:1.02,&quot;sizes&quot;:[]},&quot;_transform_scale_effect_hover_tablet&quot;:{&quot;unit&quot;:&quot;px&quot;,&quot;size&quot;:&quot;&quot;,&quot;sizes&quot;:[]},&quot;_transform_scale_effect_hover_mobile&quot;:{&quot;unit&quot;:&quot;px&quot;,&quot;size&quot;:&quot;&quot;,&quot;sizes&quot;:[]}}\" data-widget_type=\"image-box.default\">\n\t\t\t\t<div class=\"elementor-widget-container\">\n\t\t\t\t\t<div class=\"elementor-image-box-wrapper\"><figure class=\"elementor-image-box-img\"><img loading=\"lazy\" decoding=\"async\" width=\"203\" height=\"300\" src=\"https:\/\/kucera.stoweb.cz\/wp-content\/uploads\/2022\/06\/LATEX-203x300.jpg\" class=\"attachment-medium size-medium wp-image-37462\" alt=\"\" srcset=\"https:\/\/kucera.stoweb.cz\/wp-content\/uploads\/2022\/06\/LATEX-203x300.jpg 203w, https:\/\/kucera.stoweb.cz\/wp-content\/uploads\/2022\/06\/LATEX-300x443.jpg 300w, https:\/\/kucera.stoweb.cz\/wp-content\/uploads\/2022\/06\/LATEX.jpg 406w\" sizes=\"(max-width: 203px) 100vw, 203px\" \/><\/figure><div class=\"elementor-image-box-content\"><span class=\"elementor-image-box-title\">JEDNOR\u00c1ZOV\u00c9<\/span><\/div><\/div>\t\t\t\t<\/div>\n\t\t\t\t<\/div>\n\t\t\t\t\t<\/div>\n\t\t<\/div>\n\t\t\t\t\t<\/div>\n\t\t<\/section>\n\t\t\t\t<section class=\"elementor-section elementor-top-section elementor-element elementor-element-7bbe261 elementor-section-boxed elementor-section-height-default elementor-section-height-default\" data-id=\"7bbe261\" data-element_type=\"section\" data-e-type=\"section\">\n\t\t\t\t\t\t<div class=\"elementor-container elementor-column-gap-default\">\n\t\t\t\t\t<div class=\"elementor-column elementor-col-100 elementor-top-column elementor-element elementor-element-8dcbea0\" data-id=\"8dcbea0\" data-element_type=\"column\" data-e-type=\"column\">\n\t\t\t<div class=\"elementor-widget-wrap elementor-element-populated\">\n\t\t\t\t\t\t\t<\/div>\n\t\t<\/div>\n\t\t\t\t\t<\/div>\n\t\t<\/section>\n\t\t\t\t<section class=\"elementor-section elementor-top-section elementor-element elementor-element-2ec9d77 elementor-section-boxed elementor-section-height-default elementor-section-height-default\" data-id=\"2ec9d77\" data-element_type=\"section\" data-e-type=\"section\">\n\t\t\t\t\t\t<div class=\"elementor-container elementor-column-gap-default\">\n\t\t\t\t\t<div class=\"elementor-column elementor-col-100 elementor-top-column elementor-element elementor-element-044adac\" data-id=\"044adac\" data-element_type=\"column\" data-e-type=\"column\">\n\t\t\t<div class=\"elementor-widget-wrap elementor-element-populated\">\n\t\t\t\t\t\t\t<\/div>\n\t\t<\/div>\n\t\t\t\t\t<\/div>\n\t\t<\/section>\n\t\t\t\t<section class=\"elementor-section elementor-top-section elementor-element elementor-element-08e6b0b elementor-hidden-tablet elementor-hidden-mobile elementor-section-boxed elementor-section-height-default elementor-section-height-default\" data-id=\"08e6b0b\" data-element_type=\"section\" data-e-type=\"section\" data-settings=\"{&quot;background_background&quot;:&quot;classic&quot;}\">\n\t\t\t\t\t\t<div class=\"elementor-container elementor-column-gap-default\">\n\t\t\t\t\t<div class=\"elementor-column elementor-col-25 elementor-top-column elementor-element elementor-element-1f184ad\" data-id=\"1f184ad\" data-element_type=\"column\" data-e-type=\"column\">\n\t\t\t<div class=\"elementor-widget-wrap elementor-element-populated\">\n\t\t\t\t\t\t<div class=\"elementor-element elementor-element-796ea6d elementor-position-right elementor-vertical-align-middle e-transform elementor-widget elementor-widget-image-box\" data-id=\"796ea6d\" data-element_type=\"widget\" data-e-type=\"widget\" data-settings=\"{&quot;_transform_scale_effect_hover&quot;:{&quot;unit&quot;:&quot;px&quot;,&quot;size&quot;:1.02,&quot;sizes&quot;:[]},&quot;_transform_scale_effect_hover_tablet&quot;:{&quot;unit&quot;:&quot;px&quot;,&quot;size&quot;:&quot;&quot;,&quot;sizes&quot;:[]},&quot;_transform_scale_effect_hover_mobile&quot;:{&quot;unit&quot;:&quot;px&quot;,&quot;size&quot;:&quot;&quot;,&quot;sizes&quot;:[]}}\" data-widget_type=\"image-box.default\">\n\t\t\t\t<div class=\"elementor-widget-container\">\n\t\t\t\t\t<div class=\"elementor-image-box-wrapper\"><figure class=\"elementor-image-box-img\"><img loading=\"lazy\" decoding=\"async\" width=\"300\" height=\"278\" src=\"https:\/\/kucera.stoweb.cz\/wp-content\/uploads\/2022\/06\/WINFINE-1-e1655817110638-300x278.jpg\" class=\"attachment-medium size-medium wp-image-37396\" alt=\"\" srcset=\"https:\/\/kucera.stoweb.cz\/wp-content\/uploads\/2022\/06\/WINFINE-1-e1655817110638-300x278.jpg 300w, https:\/\/kucera.stoweb.cz\/wp-content\/uploads\/2022\/06\/WINFINE-1-e1655817110638.jpg 536w\" sizes=\"(max-width: 300px) 100vw, 300px\" \/><\/figure><div class=\"elementor-image-box-content\"><span class=\"elementor-image-box-title\">ZATEPLEN\u00c9<\/span><\/div><\/div>\t\t\t\t<\/div>\n\t\t\t\t<\/div>\n\t\t\t\t\t<\/div>\n\t\t<\/div>\n\t\t\t\t<div class=\"elementor-column elementor-col-25 elementor-top-column elementor-element elementor-element-059a053\" data-id=\"059a053\" data-element_type=\"column\" data-e-type=\"column\">\n\t\t\t<div class=\"elementor-widget-wrap elementor-element-populated\">\n\t\t\t\t\t\t<div class=\"elementor-element elementor-element-af53b6c elementor-position-right elementor-vertical-align-middle e-transform elementor-widget elementor-widget-image-box\" data-id=\"af53b6c\" data-element_type=\"widget\" data-e-type=\"widget\" data-settings=\"{&quot;_transform_scale_effect_hover&quot;:{&quot;unit&quot;:&quot;px&quot;,&quot;size&quot;:1.02,&quot;sizes&quot;:[]},&quot;_transform_scale_effect_hover_tablet&quot;:{&quot;unit&quot;:&quot;px&quot;,&quot;size&quot;:&quot;&quot;,&quot;sizes&quot;:[]},&quot;_transform_scale_effect_hover_mobile&quot;:{&quot;unit&quot;:&quot;px&quot;,&quot;size&quot;:&quot;&quot;,&quot;sizes&quot;:[]}}\" data-widget_type=\"image-box.default\">\n\t\t\t\t<div class=\"elementor-widget-container\">\n\t\t\t\t\t<div class=\"elementor-image-box-wrapper\"><figure class=\"elementor-image-box-img\"><img loading=\"lazy\" decoding=\"async\" width=\"244\" height=\"300\" src=\"https:\/\/kucera.stoweb.cz\/wp-content\/uploads\/2022\/06\/MAXICHEM-244x300.jpg\" class=\"attachment-medium size-medium wp-image-37451\" alt=\"\" srcset=\"https:\/\/kucera.stoweb.cz\/wp-content\/uploads\/2022\/06\/MAXICHEM-244x300.jpg 244w, https:\/\/kucera.stoweb.cz\/wp-content\/uploads\/2022\/06\/MAXICHEM-300x368.jpg 300w, https:\/\/kucera.stoweb.cz\/wp-content\/uploads\/2022\/06\/MAXICHEM.jpg 536w\" sizes=\"(max-width: 244px) 100vw, 244px\" \/><\/figure><div class=\"elementor-image-box-content\"><span class=\"elementor-image-box-title\">CHEMICK\u00c9 A \u00daKLIDOV\u00c9<\/span><\/div><\/div>\t\t\t\t<\/div>\n\t\t\t\t<\/div>\n\t\t\t\t\t<\/div>\n\t\t<\/div>\n\t\t\t\t<div class=\"elementor-column elementor-col-25 elementor-top-column elementor-element elementor-element-41e8aca\" data-id=\"41e8aca\" data-element_type=\"column\" data-e-type=\"column\">\n\t\t\t<div class=\"elementor-widget-wrap elementor-element-populated\">\n\t\t\t\t\t\t<div class=\"elementor-element elementor-element-4a52c54 elementor-position-right elementor-vertical-align-middle e-transform elementor-widget elementor-widget-image-box\" data-id=\"4a52c54\" data-element_type=\"widget\" data-e-type=\"widget\" data-settings=\"{&quot;_transform_scale_effect_hover&quot;:{&quot;unit&quot;:&quot;px&quot;,&quot;size&quot;:1.02,&quot;sizes&quot;:[]},&quot;_transform_scale_effect_hover_tablet&quot;:{&quot;unit&quot;:&quot;px&quot;,&quot;size&quot;:&quot;&quot;,&quot;sizes&quot;:[]},&quot;_transform_scale_effect_hover_mobile&quot;:{&quot;unit&quot;:&quot;px&quot;,&quot;size&quot;:&quot;&quot;,&quot;sizes&quot;:[]}}\" data-widget_type=\"image-box.default\">\n\t\t\t\t<div class=\"elementor-widget-container\">\n\t\t\t\t\t<div class=\"elementor-image-box-wrapper\"><figure class=\"elementor-image-box-img\"><img loading=\"lazy\" decoding=\"async\" width=\"300\" height=\"236\" src=\"https:\/\/kucera.stoweb.cz\/wp-content\/uploads\/2022\/06\/YUMEN-300x236.jpg\" class=\"attachment-medium size-medium wp-image-37445\" alt=\"\" srcset=\"https:\/\/kucera.stoweb.cz\/wp-content\/uploads\/2022\/06\/YUMEN-300x236.jpg 300w, https:\/\/kucera.stoweb.cz\/wp-content\/uploads\/2022\/06\/YUMEN-600x472.jpg 600w, https:\/\/kucera.stoweb.cz\/wp-content\/uploads\/2022\/06\/YUMEN.jpg 635w\" sizes=\"(max-width: 300px) 100vw, 300px\" \/><\/figure><div class=\"elementor-image-box-content\"><span class=\"elementor-image-box-title\">TEXTILN\u00cd<\/span><\/div><\/div>\t\t\t\t<\/div>\n\t\t\t\t<\/div>\n\t\t\t\t\t<\/div>\n\t\t<\/div>\n\t\t\t\t<div class=\"elementor-column elementor-col-25 elementor-top-column elementor-element elementor-element-bf069ea\" data-id=\"bf069ea\" data-element_type=\"column\" data-e-type=\"column\">\n\t\t\t<div class=\"elementor-widget-wrap elementor-element-populated\">\n\t\t\t\t\t\t<div class=\"elementor-element elementor-element-e0a3e63 elementor-position-right elementor-vertical-align-middle e-transform elementor-widget elementor-widget-image-box\" data-id=\"e0a3e63\" data-element_type=\"widget\" data-e-type=\"widget\" data-settings=\"{&quot;_transform_scale_effect_hover&quot;:{&quot;unit&quot;:&quot;px&quot;,&quot;size&quot;:1.02,&quot;sizes&quot;:[]},&quot;_transform_scale_effect_hover_tablet&quot;:{&quot;unit&quot;:&quot;px&quot;,&quot;size&quot;:&quot;&quot;,&quot;sizes&quot;:[]},&quot;_transform_scale_effect_hover_mobile&quot;:{&quot;unit&quot;:&quot;px&quot;,&quot;size&quot;:&quot;&quot;,&quot;sizes&quot;:[]}}\" data-widget_type=\"image-box.default\">\n\t\t\t\t<div class=\"elementor-widget-container\">\n\t\t\t\t\t<div class=\"elementor-image-box-wrapper\"><figure class=\"elementor-image-box-img\"><img loading=\"lazy\" decoding=\"async\" width=\"244\" height=\"300\" src=\"https:\/\/kucera.stoweb.cz\/wp-content\/uploads\/2022\/06\/MAXI-CUT-1-244x300.jpg\" class=\"attachment-medium size-medium wp-image-37483\" alt=\"\" srcset=\"https:\/\/kucera.stoweb.cz\/wp-content\/uploads\/2022\/06\/MAXI-CUT-1-244x300.jpg 244w, https:\/\/kucera.stoweb.cz\/wp-content\/uploads\/2022\/06\/MAXI-CUT-1-300x368.jpg 300w, https:\/\/kucera.stoweb.cz\/wp-content\/uploads\/2022\/06\/MAXI-CUT-1.jpg 536w\" sizes=\"(max-width: 244px) 100vw, 244px\" \/><\/figure><div class=\"elementor-image-box-content\"><span class=\"elementor-image-box-title\">PROTIPO\u0158EZOV\u00c9<\/span><\/div><\/div>\t\t\t\t<\/div>\n\t\t\t\t<\/div>\n\t\t\t\t\t<\/div>\n\t\t<\/div>\n\t\t\t\t\t<\/div>\n\t\t<\/section>\n\t\t\t\t<\/div>\n\t\t","protected":false},"excerpt":{"rendered":"<p>PRACOVN\u00cd RUKAVICE kombinovan\u00e9 CELOKO\u017dEN\u00c9 A SV\u00c1\u0158E\u010cSK\u00c9 POVRSTVEN\u00c9 JEDNOR\u00c1ZOV\u00c9 ZATEPLEN\u00c9 CHEMICK\u00c9 A \u00daKLIDOV\u00c9 TEXTILN\u00cd PROTIPO\u0158EZOV\u00c9<\/p>\n","protected":false},"author":1,"featured_media":0,"parent":0,"menu_order":0,"comment_status":"closed","ping_status":"closed","template":"","meta":{"ocean_post_layout":"","ocean_both_sidebars_style":"","ocean_both_sidebars_content_width":0,"ocean_both_sidebars_sidebars_width":0,"ocean_sidebar":"","ocean_second_sidebar":"0","ocean_disable_margins":"enable","ocean_add_body_class":"","ocean_shortcode_before_top_bar":"","ocean_shortcode_after_top_bar":"","ocean_shortcode_before_header":"","ocean_shortcode_after_header":"","ocean_has_shortcode":"","ocean_shortcode_after_title":"","ocean_shortcode_before_footer_widgets":"","ocean_shortcode_after_footer_widgets":"","ocean_shortcode_before_footer_bottom":"","ocean_shortcode_after_footer_bottom":"","ocean_display_top_bar":"off","ocean_display_header":"default","ocean_header_style":"","ocean_center_header_left_menu":"0","ocean_custom_header_template":"0","ocean_custom_logo":0,"ocean_custom_retina_logo":0,"ocean_custom_logo_max_width":0,"ocean_custom_logo_tablet_max_width":0,"ocean_custom_logo_mobile_max_width":0,"ocean_custom_logo_max_height":0,"ocean_custom_logo_tablet_max_height":0,"ocean_custom_logo_mobile_max_height":0,"ocean_header_custom_menu":"0","ocean_menu_typo_font_family":"0","ocean_menu_typo_font_subset":"","ocean_menu_typo_font_size":0,"ocean_menu_typo_font_size_tablet":0,"ocean_menu_typo_font_size_mobile":0,"ocean_menu_typo_font_size_unit":"px","ocean_menu_typo_font_weight":"","ocean_menu_typo_font_weight_tablet":"","ocean_menu_typo_font_weight_mobile":"","ocean_menu_typo_transform":"","ocean_menu_typo_transform_tablet":"","ocean_menu_typo_transform_mobile":"","ocean_menu_typo_line_height":0,"ocean_menu_typo_line_height_tablet":0,"ocean_menu_typo_line_height_mobile":0,"ocean_menu_typo_line_height_unit":"","ocean_menu_typo_spacing":0,"ocean_menu_typo_spacing_tablet":0,"ocean_menu_typo_spacing_mobile":0,"ocean_menu_typo_spacing_unit":"","ocean_menu_link_color":"","ocean_menu_link_color_hover":"","ocean_menu_link_color_active":"","ocean_menu_link_background":"","ocean_menu_link_hover_background":"","ocean_menu_link_active_background":"","ocean_menu_social_links_bg":"","ocean_menu_social_hover_links_bg":"","ocean_menu_social_links_color":"","ocean_menu_social_hover_links_color":"","ocean_disable_title":"enable","ocean_disable_heading":"on","ocean_post_title":"","ocean_post_subheading":"","ocean_post_title_style":"","ocean_post_title_background_color":"","ocean_post_title_background":0,"ocean_post_title_bg_image_position":"","ocean_post_title_bg_image_attachment":"","ocean_post_title_bg_image_repeat":"","ocean_post_title_bg_image_size":"","ocean_post_title_height":0,"ocean_post_title_bg_overlay":0.5,"ocean_post_title_bg_overlay_color":"","ocean_disable_breadcrumbs":"on","ocean_breadcrumbs_color":"","ocean_breadcrumbs_separator_color":"","ocean_breadcrumbs_links_color":"","ocean_breadcrumbs_links_hover_color":"","ocean_display_footer_widgets":"off","ocean_display_footer_bottom":"default","ocean_custom_footer_template":"0","footnotes":""},"class_list":["post-74276","page","type-page","status-publish","hentry","entry","owp-thumbs-layout-horizontal","owp-btn-big","owp-tabs-layout-horizontal","has-no-thumbnails"],"_links":{"self":[{"href":"https:\/\/kucera.stoweb.cz\/index.php\/wp-json\/wp\/v2\/pages\/74276","targetHints":{"allow":["GET"]}}],"collection":[{"href":"https:\/\/kucera.stoweb.cz\/index.php\/wp-json\/wp\/v2\/pages"}],"about":[{"href":"https:\/\/kucera.stoweb.cz\/index.php\/wp-json\/wp\/v2\/types\/page"}],"author":[{"embeddable":true,"href":"https:\/\/kucera.stoweb.cz\/index.php\/wp-json\/wp\/v2\/users\/1"}],"replies":[{"embeddable":true,"href":"https:\/\/kucera.stoweb.cz\/index.php\/wp-json\/wp\/v2\/comments?post=74276"}],"version-history":[{"count":3,"href":"https:\/\/kucera.stoweb.cz\/index.php\/wp-json\/wp\/v2\/pages\/74276\/revisions"}],"predecessor-version":[{"id":162140,"href":"https:\/\/kucera.stoweb.cz\/index.php\/wp-json\/wp\/v2\/pages\/74276\/revisions\/162140"}],"wp:attachment":[{"href":"https:\/\/kucera.stoweb.cz\/index.php\/wp-json\/wp\/v2\/media?parent=74276"}],"curies":[{"name":"wp","href":"https:\/\/api.w.org\/{rel}","templated":true}]}}